{"id":3874,"date":"2020-05-01T20:15:15","date_gmt":"2020-05-01T20:15:15","guid":{"rendered":"https:\/\/www.positivitee.sk\/?post_type=product&#038;p=3874"},"modified":"2024-10-31T21:21:19","modified_gmt":"2024-10-31T21:21:19","slug":"premium-tea-bio-zelene-manjolai-fairtrade-100g","status":"publish","type":"product","link":"https:\/\/www.positivitee.sk\/index.php\/product\/premium-tea-bio-zelene-manjolai-fairtrade-100g\/","title":{"rendered":"Premium Tea &#8211; BIO ZELEN\u00c9 MANJOLAI FAIRTRADE, 100g"},"content":{"rendered":"<p><code>2941<\/code>BIO ZELEN\u00c9 MANJOLAI FAIRTRADE, 100g.<img decoding=\"async\" src=\"https:\/\/www.positivitee.sk\/img\/Premium\/00-02941_stamm_1.jpg\" alt=\"BIO ZELEN\u00c9 MANJOLAI FAIRTRADE\" \/><\/p>\n<p>Mimoriadne aromatick\u00fd a svie\u017ei zelen\u00fd \u010daj z ju\u017enej Indie y organick\u00fdch plant\u00e1\u017ei s certifik\u00e1tom FAIRTRADE. N\u00e1poj \u017eltej farby a gu\u013eatej chute.<\/p>\n<p>Zlo\u017eenie: indick\u00fd zelen\u00fd \u010daj<\/p>\n<p>Pr\u00edprava: 1 \u010dajov\u00fa ly\u017ei\u010dku (2g) \u010daju zalejeme 2,5dl vody 80\u00b0C. L\u00fahujte 2 minuty.<\/p>\n","protected":false},"excerpt":{"rendered":"<p>2941 BIO ZELEN\u00c9 MANJOLAI FAIRTRADE, 100g.<\/p>\n","protected":false},"featured_media":3875,"template":"","meta":{"jetpack_post_was_ever_published":false,"jetpack_publicize_message":"","jetpack_publicize_feature_enabled":true,"jetpack_social_post_already_shared":true,"jetpack_social_options":{"image_generator_settings":{"template":"highway","default_image_id":0,"font":"","enabled":false},"version":2}},"product_brand":[],"product_cat":[50,70],"product_tag":[],"class_list":{"0":"post-3874","1":"product","2":"type-product","3":"status-publish","4":"has-post-thumbnail","6":"product_cat-premium-caje","7":"product_cat-zelene","9":"first","10":"instock","11":"shipping-taxable","12":"purchasable","13":"product-type-simple"},"jetpack_publicize_connections":[],"jetpack_sharing_enabled":true,"_links":{"self":[{"href":"https:\/\/www.positivitee.sk\/index.php\/wp-json\/wp\/v2\/product\/3874","targetHints":{"allow":["GET"]}}],"collection":[{"href":"https:\/\/www.positivitee.sk\/index.php\/wp-json\/wp\/v2\/product"}],"about":[{"href":"https:\/\/www.positivitee.sk\/index.php\/wp-json\/wp\/v2\/types\/product"}],"wp:featuredmedia":[{"embeddable":true,"href":"https:\/\/www.positivitee.sk\/index.php\/wp-json\/wp\/v2\/media\/3875"}],"wp:attachment":[{"href":"https:\/\/www.positivitee.sk\/index.php\/wp-json\/wp\/v2\/media?parent=3874"}],"wp:term":[{"taxonomy":"product_brand","embeddable":true,"href":"https:\/\/www.positivitee.sk\/index.php\/wp-json\/wp\/v2\/product_brand?post=3874"},{"taxonomy":"product_cat","embeddable":true,"href":"https:\/\/www.positivitee.sk\/index.php\/wp-json\/wp\/v2\/product_cat?post=3874"},{"taxonomy":"product_tag","embeddable":true,"href":"https:\/\/www.positivitee.sk\/index.php\/wp-json\/wp\/v2\/product_tag?post=3874"}],"curies":[{"name":"wp","href":"https:\/\/api.w.org\/{rel}","templated":true}]}}