{"id":3878,"date":"2020-05-01T20:28:40","date_gmt":"2020-05-01T20:28:40","guid":{"rendered":"https:\/\/www.positivitee.sk\/?post_type=product&#038;p=3878"},"modified":"2025-10-22T13:01:58","modified_gmt":"2025-10-22T13:01:58","slug":"premium-tea-zeleny-kokos-100g","status":"publish","type":"product","link":"https:\/\/www.positivitee.sk\/index.php\/product\/premium-tea-zeleny-kokos-100g\/","title":{"rendered":"Premium Tea &#8211; ZELEN\u00dd KOKOS, 100g"},"content":{"rendered":"<p><code>4341<\/code>ZELEN\u00dd KOKOS, 100g.<img decoding=\"async\" src=\"https:\/\/www.positivitee.sk\/img\/Premium\/00-04341_stamm_1.jpg\" alt=\"ZELEN\u00dd KOKOS\" \/><\/p>\n<p>Svie\u017ea \u010d\u00ednska sencha s k\u00faskami kokosu a kokosovou ar\u00f3mou. N\u00e1poj svie\u017eej \u017eltej farby s odtie\u0148mi kokosu.<\/p>\n<p>Zlo\u017eenie: \u010d\u00ednky zelen\u00fd \u010daj, lupienky kokosu, ar\u00f3ma<\/p>\n<p>Pr\u00edprava: 1 \u010dajov\u00fa ly\u017ei\u010dku (2g) \u010daju zalejeme 2,5dl vody 80\u00b0C. L\u00fahujte 2 minuty.<\/p>\n","protected":false},"excerpt":{"rendered":"<p>4341 ZELEN\u00dd KOKOS, 100g.<\/p>\n","protected":false},"featured_media":3879,"template":"","meta":{"jetpack_post_was_ever_published":false,"jetpack_publicize_message":"","jetpack_publicize_feature_enabled":true,"jetpack_social_post_already_shared":true,"jetpack_social_options":{"image_generator_settings":{"template":"highway","default_image_id":0,"font":"","enabled":false},"version":2}},"product_brand":[],"product_cat":[50,70],"product_tag":[],"class_list":{"0":"post-3878","1":"product","2":"type-product","3":"status-publish","4":"has-post-thumbnail","6":"product_cat-premium-caje","7":"product_cat-zelene","9":"first","10":"instock","11":"shipping-taxable","12":"purchasable","13":"product-type-simple"},"jetpack_publicize_connections":[],"jetpack_sharing_enabled":true,"_links":{"self":[{"href":"https:\/\/www.positivitee.sk\/index.php\/wp-json\/wp\/v2\/product\/3878","targetHints":{"allow":["GET"]}}],"collection":[{"href":"https:\/\/www.positivitee.sk\/index.php\/wp-json\/wp\/v2\/product"}],"about":[{"href":"https:\/\/www.positivitee.sk\/index.php\/wp-json\/wp\/v2\/types\/product"}],"wp:featuredmedia":[{"embeddable":true,"href":"https:\/\/www.positivitee.sk\/index.php\/wp-json\/wp\/v2\/media\/3879"}],"wp:attachment":[{"href":"https:\/\/www.positivitee.sk\/index.php\/wp-json\/wp\/v2\/media?parent=3878"}],"wp:term":[{"taxonomy":"product_brand","embeddable":true,"href":"https:\/\/www.positivitee.sk\/index.php\/wp-json\/wp\/v2\/product_brand?post=3878"},{"taxonomy":"product_cat","embeddable":true,"href":"https:\/\/www.positivitee.sk\/index.php\/wp-json\/wp\/v2\/product_cat?post=3878"},{"taxonomy":"product_tag","embeddable":true,"href":"https:\/\/www.positivitee.sk\/index.php\/wp-json\/wp\/v2\/product_tag?post=3878"}],"curies":[{"name":"wp","href":"https:\/\/api.w.org\/{rel}","templated":true}]}}