{"id":3880,"date":"2020-05-01T20:36:54","date_gmt":"2020-05-01T20:36:54","guid":{"rendered":"https:\/\/www.positivitee.sk\/?post_type=product&#038;p=3880"},"modified":"2025-08-08T06:10:54","modified_gmt":"2025-08-08T06:10:54","slug":"premium-tea-yamamoto-100g","status":"publish","type":"product","link":"https:\/\/www.positivitee.sk\/index.php\/product\/premium-tea-yamamoto-100g\/","title":{"rendered":"Premium Tea &#8211; YAMAMOTO, 100g"},"content":{"rendered":"<p><code>4791<\/code>YAMAMOTO, 100g.<img decoding=\"async\" src=\"https:\/\/www.positivitee.sk\/img\/Premium\/00-04791_stamm_1.jpg\" alt=\"YAMAMOTO\" \/><\/p>\n<p>Svie\u017ea \u010d\u00ednska sencha v kombin\u00e1cii s citr\u00f3novou tr\u00e1vou a k\u00f4rou, kvetom ibi\u0161u a ar\u00f3mou citr\u00f3nu. Svetl\u00fd n\u00e1poj mimoriadne ovocn\u00e9ho a osvie\u017eujuc\u00e9ho charakteru.<\/p>\n<p>Zlo\u017eenie: \u010d\u00ednsky zelen\u00fd \u010daj, kvety ibi\u0161u, citr\u00f3nov\u00e1 tr\u00e1va, k\u00f4ra citr\u00f3nu, ar\u00f3ma citr\u00f3nu.<\/p>\n<p>Pr\u00edprava: 1 \u010dajov\u00fa ly\u017ei\u010dku (2g) \u010daju zalejeme 2,5dl vody 80\u00b0C. L\u00fahujte 2 minuty.<\/p>\n","protected":false},"excerpt":{"rendered":"<p>4791 YAMAMOTO, 100g.<\/p>\n","protected":false},"featured_media":3881,"template":"","meta":{"jetpack_post_was_ever_published":false,"jetpack_publicize_message":"","jetpack_publicize_feature_enabled":true,"jetpack_social_post_already_shared":true,"jetpack_social_options":{"image_generator_settings":{"template":"highway","default_image_id":0,"font":"","enabled":false},"version":2}},"product_brand":[],"product_cat":[50,70],"product_tag":[],"class_list":{"0":"post-3880","1":"product","2":"type-product","3":"status-publish","4":"has-post-thumbnail","6":"product_cat-premium-caje","7":"product_cat-zelene","9":"first","10":"instock","11":"shipping-taxable","12":"purchasable","13":"product-type-simple"},"jetpack_publicize_connections":[],"jetpack_sharing_enabled":true,"_links":{"self":[{"href":"https:\/\/www.positivitee.sk\/index.php\/wp-json\/wp\/v2\/product\/3880","targetHints":{"allow":["GET"]}}],"collection":[{"href":"https:\/\/www.positivitee.sk\/index.php\/wp-json\/wp\/v2\/product"}],"about":[{"href":"https:\/\/www.positivitee.sk\/index.php\/wp-json\/wp\/v2\/types\/product"}],"wp:featuredmedia":[{"embeddable":true,"href":"https:\/\/www.positivitee.sk\/index.php\/wp-json\/wp\/v2\/media\/3881"}],"wp:attachment":[{"href":"https:\/\/www.positivitee.sk\/index.php\/wp-json\/wp\/v2\/media?parent=3880"}],"wp:term":[{"taxonomy":"product_brand","embeddable":true,"href":"https:\/\/www.positivitee.sk\/index.php\/wp-json\/wp\/v2\/product_brand?post=3880"},{"taxonomy":"product_cat","embeddable":true,"href":"https:\/\/www.positivitee.sk\/index.php\/wp-json\/wp\/v2\/product_cat?post=3880"},{"taxonomy":"product_tag","embeddable":true,"href":"https:\/\/www.positivitee.sk\/index.php\/wp-json\/wp\/v2\/product_tag?post=3880"}],"curies":[{"name":"wp","href":"https:\/\/api.w.org\/{rel}","templated":true}]}}