{"id":3891,"date":"2020-05-04T05:58:34","date_gmt":"2020-05-04T05:58:34","guid":{"rendered":"https:\/\/www.positivitee.sk\/?post_type=product&#038;p=3891"},"modified":"2020-11-01T18:12:05","modified_gmt":"2020-11-01T18:12:05","slug":"premium-tea-china-keemun-finest-100g","status":"publish","type":"product","link":"https:\/\/www.positivitee.sk\/index.php\/product\/premium-tea-china-keemun-finest-100g\/","title":{"rendered":"Premium Tea &#8211; CHINA KEEMUN FINEST, 100g"},"content":{"rendered":"<p><code>2681<\/code>CHINA KEEMUN FINEST, 100g.<img decoding=\"async\" src=\"https:\/\/www.positivitee.sk\/img\/Premium\/00-02681_stamm_1.jpg\" alt=\"CHINA KEEMUN FINEST\" \/><\/p>\n<p>Klasick\u00fd \u010dierny \u010daj z \u010c\u00edny , Pr\u00edjemn\u00e1 m\u00e4kk\u00e1 chu\u0165 s n\u00e1znakom sladkosti. Stredne hned\u00e1 \u0161\u00e1lka.<\/p>\n<p>Zlo\u017eenie: \u010d\u00ednsky \u010dierny \u010daj<\/p>\n<p>Pr\u00edprava: 1 \u010dajov\u00fa ly\u017ei\u010dku (2g) \u010daju zalejeme 2,5dl vody 100\u00b0C. L\u00fahujte 2 &#8211; 4 min\u00faty.<\/p>\n","protected":false},"excerpt":{"rendered":"<p>2681 CHINA KEEMUN FINEST, 100g.<\/p>\n","protected":false},"featured_media":3892,"template":"","meta":{"jetpack_post_was_ever_published":false,"jetpack_publicize_message":"","jetpack_publicize_feature_enabled":true,"jetpack_social_post_already_shared":true,"jetpack_social_options":{"image_generator_settings":{"template":"highway","default_image_id":0,"font":"","enabled":false},"version":2}},"product_brand":[],"product_cat":[50,69],"product_tag":[],"class_list":{"0":"post-3891","1":"product","2":"type-product","3":"status-publish","4":"has-post-thumbnail","6":"product_cat-premium-caje","7":"product_cat-cierne","9":"first","10":"instock","11":"shipping-taxable","12":"purchasable","13":"product-type-simple"},"jetpack_publicize_connections":[],"jetpack_sharing_enabled":true,"_links":{"self":[{"href":"https:\/\/www.positivitee.sk\/index.php\/wp-json\/wp\/v2\/product\/3891","targetHints":{"allow":["GET"]}}],"collection":[{"href":"https:\/\/www.positivitee.sk\/index.php\/wp-json\/wp\/v2\/product"}],"about":[{"href":"https:\/\/www.positivitee.sk\/index.php\/wp-json\/wp\/v2\/types\/product"}],"wp:featuredmedia":[{"embeddable":true,"href":"https:\/\/www.positivitee.sk\/index.php\/wp-json\/wp\/v2\/media\/3892"}],"wp:attachment":[{"href":"https:\/\/www.positivitee.sk\/index.php\/wp-json\/wp\/v2\/media?parent=3891"}],"wp:term":[{"taxonomy":"product_brand","embeddable":true,"href":"https:\/\/www.positivitee.sk\/index.php\/wp-json\/wp\/v2\/product_brand?post=3891"},{"taxonomy":"product_cat","embeddable":true,"href":"https:\/\/www.positivitee.sk\/index.php\/wp-json\/wp\/v2\/product_cat?post=3891"},{"taxonomy":"product_tag","embeddable":true,"href":"https:\/\/www.positivitee.sk\/index.php\/wp-json\/wp\/v2\/product_tag?post=3891"}],"curies":[{"name":"wp","href":"https:\/\/api.w.org\/{rel}","templated":true}]}}