{"id":3893,"date":"2020-05-04T06:09:16","date_gmt":"2020-05-04T06:09:16","guid":{"rendered":"https:\/\/www.positivitee.sk\/?post_type=product&#038;p=3893"},"modified":"2026-01-20T10:34:54","modified_gmt":"2026-01-20T10:34:54","slug":"premium-tea-earl-grey-100g","status":"publish","type":"product","link":"https:\/\/www.positivitee.sk\/index.php\/product\/premium-tea-earl-grey-100g\/","title":{"rendered":"Premium Tea &#8211; EARL GREY, 100g"},"content":{"rendered":"<p><code>4201<\/code>EARL GREY, 100g.<img decoding=\"async\" src=\"https:\/\/www.positivitee.sk\/img\/Premium\/00-04201_stamm_2.jpg\" alt=\"EARL GREY\" \/><\/p>\n<p>Absol\u00fatna legenda medzi \u010diern\u00fdmi ochuten\u00fdmi \u010dajmi. Na\u0161a zmes \u010diernych \u010dajov z Cejl\u00f3nu a \u010c\u00edny zjemnen\u00e1 olejom plodov bergamotu pre prav\u00fa chu\u0165 Earl Grey.<\/p>\n<p>Zlo\u017eenie: cejl\u00f3nsky a \u010d\u00ednsky \u010dierny \u010daj, bergamot<\/p>\n<p>Pr\u00edprava: 1 \u010dajov\u00fa ly\u017ei\u010dku (2g) \u010daju zalejeme 2,5dl vody 100\u00b0C. L\u00fahujte 3 &#8211; 4 min\u00faty.<\/p>\n","protected":false},"excerpt":{"rendered":"<p>4201 EARL GREY, 100g.<\/p>\n","protected":false},"featured_media":3894,"template":"","meta":{"jetpack_post_was_ever_published":false,"jetpack_publicize_message":"","jetpack_publicize_feature_enabled":true,"jetpack_social_post_already_shared":true,"jetpack_social_options":{"image_generator_settings":{"template":"highway","default_image_id":0,"font":"","enabled":false},"version":2}},"product_brand":[],"product_cat":[50,69],"product_tag":[],"class_list":{"0":"post-3893","1":"product","2":"type-product","3":"status-publish","4":"has-post-thumbnail","6":"product_cat-premium-caje","7":"product_cat-cierne","9":"first","10":"instock","11":"shipping-taxable","12":"purchasable","13":"product-type-simple"},"jetpack_publicize_connections":[],"jetpack_sharing_enabled":true,"_links":{"self":[{"href":"https:\/\/www.positivitee.sk\/index.php\/wp-json\/wp\/v2\/product\/3893","targetHints":{"allow":["GET"]}}],"collection":[{"href":"https:\/\/www.positivitee.sk\/index.php\/wp-json\/wp\/v2\/product"}],"about":[{"href":"https:\/\/www.positivitee.sk\/index.php\/wp-json\/wp\/v2\/types\/product"}],"wp:featuredmedia":[{"embeddable":true,"href":"https:\/\/www.positivitee.sk\/index.php\/wp-json\/wp\/v2\/media\/3894"}],"wp:attachment":[{"href":"https:\/\/www.positivitee.sk\/index.php\/wp-json\/wp\/v2\/media?parent=3893"}],"wp:term":[{"taxonomy":"product_brand","embeddable":true,"href":"https:\/\/www.positivitee.sk\/index.php\/wp-json\/wp\/v2\/product_brand?post=3893"},{"taxonomy":"product_cat","embeddable":true,"href":"https:\/\/www.positivitee.sk\/index.php\/wp-json\/wp\/v2\/product_cat?post=3893"},{"taxonomy":"product_tag","embeddable":true,"href":"https:\/\/www.positivitee.sk\/index.php\/wp-json\/wp\/v2\/product_tag?post=3893"}],"curies":[{"name":"wp","href":"https:\/\/api.w.org\/{rel}","templated":true}]}}