{"id":390,"date":"2019-04-11T18:43:34","date_gmt":"2019-04-11T18:43:34","guid":{"rendered":"http:\/\/www.positivitee.sk\/?post_type=product&#038;p=390"},"modified":"2024-09-30T17:44:29","modified_gmt":"2024-09-30T17:44:29","slug":"dolfin-vyber-27-tabuliek-o-hmotnosti-10g-9-prichuti","status":"publish","type":"product","link":"https:\/\/www.positivitee.sk\/index.php\/product\/dolfin-vyber-27-tabuliek-o-hmotnosti-10g-9-prichuti\/","title":{"rendered":"Dolfin &#8211; V\u00fdber 27 tabuliek o hmotnosti 10g, 9 pr\u00edchut\u00ed"},"content":{"rendered":"<p><code>DO2505<\/code>V\u00fdber 27 tabuliek o hmotnosti 10g, 9 pr\u00edchut\u00ed, 270g.<\/p>\n<p><img decoding=\"async\" src=\"https:\/\/www.positivitee.sk\/wp-content\/uploads\/2019\/04\/download-300x300.jpg\" \/><\/p>\n<p>Zlo\u017eenie: kakaov\u00e1 hmota, cukor, kakaov\u00e9 maslo, plnotu\u010dn\u00e9 pr\u00e1\u0161kov\u00e9 mlieko, mandle (10%), lieskovce (8%), karamel (8%), speculoos (8%), odtu\u010dnen\u00e9 kakao, citr\u00f3n (5%), pomatan\u010d (5%), z\u00e1zvor, ru\u017eov\u00e9 korenie, emulg\u00e1tor: s\u00f3jov\u00fd lecit\u00edn, pr\u00edrodn\u00e1 pomaran\u010dov\u00e1 pr\u00edchu\u0165, pr\u00edrodn\u00e1 vanilkov\u00e1 pr\u00edchu\u0165. Obsah kaka: 38% v mlie\u010dnej \u010dokol\u00e1de, v tmavej \u010dokol\u00e1de 60% a 88%.<br \/>\nAlerg\u00e9ny: obsahuje <strong>s\u00f3ju<\/strong>, <strong>lieskovce<\/strong>, <strong>p\u0161enicu<\/strong> a <strong>mlieko<\/strong>. M\u00f4\u017ee obsahova\u0165 stopy \u010fal\u0161\u00edch <strong>orechov<\/strong> a <strong>vaj\u00ed\u010dok<\/strong>.<\/p>\n<p>Krajina p\u00f4vodu: Belgicko.<\/p>\n<p><a href=\"http:\/\/www.dolfin.be\/\" target=\"_blank\" rel=\"noopener noreferrer\"><br \/>\n<img decoding=\"async\" src=\"https:\/\/www.positivitee.sk\/img\/Dolfin\/dolfin_logo_7.jpg\" alt=\"Dolfin - The Art of Blending\" \/><br \/>\n<\/a><\/p>\n","protected":false},"excerpt":{"rendered":"<p>DO2505 V\u00fdber 27 tabuliek o hmotnosti 10g, 9 pr\u00edchut\u00ed, 270g.<\/p>\n","protected":false},"featured_media":4612,"template":"","meta":{"jetpack_post_was_ever_published":false,"jetpack_publicize_message":"","jetpack_publicize_feature_enabled":true,"jetpack_social_post_already_shared":true,"jetpack_social_options":{"image_generator_settings":{"template":"highway","default_image_id":0,"font":"","enabled":false},"version":2}},"product_brand":[],"product_cat":[40],"product_tag":[],"class_list":{"0":"post-390","1":"product","2":"type-product","3":"status-publish","4":"has-post-thumbnail","6":"product_cat-rucne-robene-cukrovinky-z-belgicka","8":"first","9":"instock","10":"shipping-taxable","11":"purchasable","12":"product-type-simple"},"jetpack_publicize_connections":[],"jetpack_sharing_enabled":true,"_links":{"self":[{"href":"https:\/\/www.positivitee.sk\/index.php\/wp-json\/wp\/v2\/product\/390","targetHints":{"allow":["GET"]}}],"collection":[{"href":"https:\/\/www.positivitee.sk\/index.php\/wp-json\/wp\/v2\/product"}],"about":[{"href":"https:\/\/www.positivitee.sk\/index.php\/wp-json\/wp\/v2\/types\/product"}],"wp:featuredmedia":[{"embeddable":true,"href":"https:\/\/www.positivitee.sk\/index.php\/wp-json\/wp\/v2\/media\/4612"}],"wp:attachment":[{"href":"https:\/\/www.positivitee.sk\/index.php\/wp-json\/wp\/v2\/media?parent=390"}],"wp:term":[{"taxonomy":"product_brand","embeddable":true,"href":"https:\/\/www.positivitee.sk\/index.php\/wp-json\/wp\/v2\/product_brand?post=390"},{"taxonomy":"product_cat","embeddable":true,"href":"https:\/\/www.positivitee.sk\/index.php\/wp-json\/wp\/v2\/product_cat?post=390"},{"taxonomy":"product_tag","embeddable":true,"href":"https:\/\/www.positivitee.sk\/index.php\/wp-json\/wp\/v2\/product_tag?post=390"}],"curies":[{"name":"wp","href":"https:\/\/api.w.org\/{rel}","templated":true}]}}