{"id":3905,"date":"2020-05-05T20:26:36","date_gmt":"2020-05-05T20:26:36","guid":{"rendered":"https:\/\/www.positivitee.sk\/?post_type=product&#038;p=3905"},"modified":"2024-02-08T16:53:15","modified_gmt":"2024-02-08T16:53:15","slug":"premium-tea-china-fancy-pu-erh-100g","status":"publish","type":"product","link":"https:\/\/www.positivitee.sk\/index.php\/product\/premium-tea-china-fancy-pu-erh-100g\/","title":{"rendered":"Premium Tea &#8211; CHINA FANCY PU ERH, 100g"},"content":{"rendered":"<p><code>3331<\/code>CHINA FANCY PU ERH, 100g.<\/p>\n<p><img loading=\"lazy\" decoding=\"async\" class=\"attachment-266x266 size-266x266\" src=\"https:\/\/www.positivitee.sk\/wp-content\/uploads\/2020\/05\/00-03331_stamm_1-300x300.jpg\" sizes=\"auto, (max-width: 266px) 100vw, 266px\" srcset=\"https:\/\/www.positivitee.sk\/wp-content\/uploads\/2020\/05\/00-03331_stamm_1-300x300.jpg 300w, https:\/\/www.positivitee.sk\/wp-content\/uploads\/2020\/05\/00-03331_stamm_1-150x150.jpg 150w, https:\/\/www.positivitee.sk\/wp-content\/uploads\/2020\/05\/00-03331_stamm_1-324x324.jpg 324w, https:\/\/www.positivitee.sk\/wp-content\/uploads\/2020\/05\/00-03331_stamm_1-100x100.jpg 100w, https:\/\/www.positivitee.sk\/wp-content\/uploads\/2020\/05\/00-03331_stamm_1.jpg 340w\" alt=\"\" width=\"266\" height=\"266\" \/><\/p>\n<p>\u010caj Pu Erh z \u010c\u00edny je produkovan\u00fd dlhou a komplexnou met\u00f3dou a dodato\u010dnou ferment\u00e1ciou v provincii Yunnan.<\/p>\n<p>Netradi\u010dn\u00e1 chu\u0165, na ktor\u00fa si je potrebn\u00e9 zvykn\u00fa\u0165, je hladk\u00e1 a mierne nasl\u00e1dla, bohat\u00e1. N\u00e1poj tmavej \u010derveno hnedej farby. Mo\u017en\u00fdch nieko\u013eko n\u00e1levov.<\/p>\n<p>S\u00fa mu pripisovan\u00e9 mnoh\u00e9 zdravotn\u00e9 benefity; redukcia hmotnosti, \u00faprava hladiny cholesterolu, posilnenie imunity, boj proti infekci\u00e1m&#8230;<\/p>\n<p>Zlo\u017eenie: \u010dierny \u010d\u00ednsky \u010daj<\/p>\n<p>Pr\u00edprava: 1 \u010dajov\u00fa ly\u017ei\u010dku (2g) \u010daju zalejeme 2,5dl vriacej vody. L\u00fahujte 2 a\u017e 3min\u00faty.<\/p>\n","protected":false},"excerpt":{"rendered":"<p>3331 CHINA FANCY PU ERH, 100g.<\/p>\n","protected":false},"featured_media":3906,"template":"","meta":{"jetpack_post_was_ever_published":false,"jetpack_publicize_message":"","jetpack_publicize_feature_enabled":true,"jetpack_social_post_already_shared":true,"jetpack_social_options":{"image_generator_settings":{"template":"highway","default_image_id":0,"font":"","enabled":false},"version":2}},"product_brand":[],"product_cat":[50,69],"product_tag":[],"class_list":{"0":"post-3905","1":"product","2":"type-product","3":"status-publish","4":"has-post-thumbnail","6":"product_cat-premium-caje","7":"product_cat-cierne","9":"first","10":"instock","11":"shipping-taxable","12":"purchasable","13":"product-type-simple"},"jetpack_publicize_connections":[],"jetpack_sharing_enabled":true,"_links":{"self":[{"href":"https:\/\/www.positivitee.sk\/index.php\/wp-json\/wp\/v2\/product\/3905","targetHints":{"allow":["GET"]}}],"collection":[{"href":"https:\/\/www.positivitee.sk\/index.php\/wp-json\/wp\/v2\/product"}],"about":[{"href":"https:\/\/www.positivitee.sk\/index.php\/wp-json\/wp\/v2\/types\/product"}],"wp:featuredmedia":[{"embeddable":true,"href":"https:\/\/www.positivitee.sk\/index.php\/wp-json\/wp\/v2\/media\/3906"}],"wp:attachment":[{"href":"https:\/\/www.positivitee.sk\/index.php\/wp-json\/wp\/v2\/media?parent=3905"}],"wp:term":[{"taxonomy":"product_brand","embeddable":true,"href":"https:\/\/www.positivitee.sk\/index.php\/wp-json\/wp\/v2\/product_brand?post=3905"},{"taxonomy":"product_cat","embeddable":true,"href":"https:\/\/www.positivitee.sk\/index.php\/wp-json\/wp\/v2\/product_cat?post=3905"},{"taxonomy":"product_tag","embeddable":true,"href":"https:\/\/www.positivitee.sk\/index.php\/wp-json\/wp\/v2\/product_tag?post=3905"}],"curies":[{"name":"wp","href":"https:\/\/api.w.org\/{rel}","templated":true}]}}