{"id":3962,"date":"2020-05-28T13:05:32","date_gmt":"2020-05-28T13:05:32","guid":{"rendered":"https:\/\/www.positivitee.sk\/?post_type=product&#038;p=3962"},"modified":"2026-01-20T10:30:21","modified_gmt":"2026-01-20T10:30:21","slug":"premium-tea-assam-ctc-typ-typhoo-100g","status":"publish","type":"product","link":"https:\/\/www.positivitee.sk\/index.php\/product\/premium-tea-assam-ctc-typ-typhoo-100g\/","title":{"rendered":"Premium Tea &#8211;  ASSAM CTC TYP TYPHOO, 100g"},"content":{"rendered":"<p><code>1561<\/code>ASSAM CTC TYP TYPHOO, 100g.<\/p>\n<p><img loading=\"lazy\" decoding=\"async\" class=\"attachment-266x266 size-266x266\" src=\"https:\/\/www.positivitee.sk\/wp-content\/uploads\/2020\/05\/ASSAM-CTC-300x300.jpg\" sizes=\"auto, (max-width: 266px) 100vw, 266px\" srcset=\"https:\/\/www.positivitee.sk\/wp-content\/uploads\/2020\/05\/ASSAM-CTC-300x300.jpg 300w, https:\/\/www.positivitee.sk\/wp-content\/uploads\/2020\/05\/ASSAM-CTC-150x150.jpg 150w, https:\/\/www.positivitee.sk\/wp-content\/uploads\/2020\/05\/ASSAM-CTC-324x324.jpg 324w, https:\/\/www.positivitee.sk\/wp-content\/uploads\/2020\/05\/ASSAM-CTC-100x100.jpg 100w, https:\/\/www.positivitee.sk\/wp-content\/uploads\/2020\/05\/ASSAM-CTC.jpg 340w\" alt=\"\" width=\"266\" height=\"266\" \/><\/p>\n<p>Mimoriadne robustn\u00fd \u010dierny \u010daj z indick\u00e9ho regi\u00f3nu Assam. Typick\u00fd, jemne sekan\u00fd CTC najlep\u0161ej kvality bohat\u00fd na tat\u00edny. N\u00e1poj svie\u017ei, iskriv\u00fd, tmav\u00e1 \u0161\u00e1lka. Samozrejme mimoriadne vhodn\u00fd na pod\u00e1vanie s mliekom.<\/p>\n<p>Zlo\u017eenie: indick\u00fd \u010dierny \u010daj<\/p>\n<p>Pr\u00edprava: 1 \u010dajov\u00fa ly\u017ei\u010dku (2g) \u010daju zalejeme 2,5dl vriacej vody. L\u00fahujte 2 a\u017e 4 min\u00faty.<\/p>\n","protected":false},"excerpt":{"rendered":"<p>1561 ASSAM CTC TYP TYPHOO, 100g.<\/p>\n","protected":false},"featured_media":3963,"template":"","meta":{"jetpack_post_was_ever_published":false,"jetpack_publicize_message":"","jetpack_publicize_feature_enabled":true,"jetpack_social_post_already_shared":true,"jetpack_social_options":{"image_generator_settings":{"template":"highway","default_image_id":0,"font":"","enabled":false},"version":2}},"product_brand":[],"product_cat":[50,69],"product_tag":[],"class_list":{"0":"post-3962","1":"product","2":"type-product","3":"status-publish","4":"has-post-thumbnail","6":"product_cat-premium-caje","7":"product_cat-cierne","9":"first","10":"instock","11":"shipping-taxable","12":"purchasable","13":"product-type-simple"},"jetpack_publicize_connections":[],"jetpack_sharing_enabled":true,"_links":{"self":[{"href":"https:\/\/www.positivitee.sk\/index.php\/wp-json\/wp\/v2\/product\/3962","targetHints":{"allow":["GET"]}}],"collection":[{"href":"https:\/\/www.positivitee.sk\/index.php\/wp-json\/wp\/v2\/product"}],"about":[{"href":"https:\/\/www.positivitee.sk\/index.php\/wp-json\/wp\/v2\/types\/product"}],"wp:featuredmedia":[{"embeddable":true,"href":"https:\/\/www.positivitee.sk\/index.php\/wp-json\/wp\/v2\/media\/3963"}],"wp:attachment":[{"href":"https:\/\/www.positivitee.sk\/index.php\/wp-json\/wp\/v2\/media?parent=3962"}],"wp:term":[{"taxonomy":"product_brand","embeddable":true,"href":"https:\/\/www.positivitee.sk\/index.php\/wp-json\/wp\/v2\/product_brand?post=3962"},{"taxonomy":"product_cat","embeddable":true,"href":"https:\/\/www.positivitee.sk\/index.php\/wp-json\/wp\/v2\/product_cat?post=3962"},{"taxonomy":"product_tag","embeddable":true,"href":"https:\/\/www.positivitee.sk\/index.php\/wp-json\/wp\/v2\/product_tag?post=3962"}],"curies":[{"name":"wp","href":"https:\/\/api.w.org\/{rel}","templated":true}]}}