{"id":4167,"date":"2020-06-17T09:47:13","date_gmt":"2020-06-17T09:47:13","guid":{"rendered":"https:\/\/www.positivitee.sk\/?post_type=product&#038;p=4167"},"modified":"2025-11-10T11:43:04","modified_gmt":"2025-11-10T11:43:04","slug":"premium-tea-bio-sumatra-green-oolong-barisan-100g","status":"publish","type":"product","link":"https:\/\/www.positivitee.sk\/index.php\/product\/premium-tea-bio-sumatra-green-oolong-barisan-100g\/","title":{"rendered":"Premium Tea &#8211;  BIO SUMATRA GREEN OOLONG BARISAN, 100g"},"content":{"rendered":"<p><code>1721<\/code>BIO SUMATRA GREEN OOLONG BARISAN, 100g.<img decoding=\"async\" src=\"https:\/\/www.positivitee.sk\/img\/Premium\/00-01721_stamm_1.jpg\" alt=\"BIO SUMATRA GREEN OOLONG BARISAN\" \/><\/p>\n<p>Delik\u00e1tny zelen\u00fd oolong z hornat\u00fdch oblasti na ostrove Sumatra. Najkvalitnej\u0161ie remeseln\u00e9 spracovanie a vysok\u00e1 nadmorsk\u00e1 v\u00fd\u0161ka pestovan\u00fdch \u010dajovn\u00edkov maj\u00fa za n\u00e1sledok n\u00e1poj nefritovej farby. V chuti jemn\u00e1 veget\u00e1lnos\u0165 ustupuje hladkej svie\u017eej chuti orchidei\u00ed a hyacintov s t\u00f3nmi vanilky. Nezabudnute\u013en\u00fd chu\u0165ov\u00fd z\u00e1\u017eitok.<\/p>\n<p>Odpor\u00fa\u010dame 2 \u2013 3 n\u00e1levy.<\/p>\n<p>Zlo\u017eenie: indon\u00e9zsky stredne fermentovan\u00fd oolong.<\/p>\n<p>Pr\u00edprava: 1 \u010dajov\u00fa ly\u017ei\u010dku (2g) \u010daju zalejeme 2,5dl vody 80\u00b0C. L\u00fahujte 2 &#8211; 3 min\u00faty.<\/p>\n","protected":false},"excerpt":{"rendered":"<p>1721 BIO SUMATRA GREEN OOLONG BARISAN, 100g<\/p>\n","protected":false},"featured_media":4168,"template":"","meta":{"jetpack_post_was_ever_published":false,"jetpack_publicize_message":"","jetpack_publicize_feature_enabled":true,"jetpack_social_post_already_shared":true,"jetpack_social_options":{"image_generator_settings":{"template":"highway","default_image_id":0,"font":"","enabled":false},"version":2}},"product_brand":[],"product_cat":[50,114],"product_tag":[],"class_list":{"0":"post-4167","1":"product","2":"type-product","3":"status-publish","4":"has-post-thumbnail","6":"product_cat-premium-caje","7":"product_cat-oolong","9":"first","10":"instock","11":"shipping-taxable","12":"purchasable","13":"product-type-simple"},"jetpack_publicize_connections":[],"jetpack_sharing_enabled":true,"_links":{"self":[{"href":"https:\/\/www.positivitee.sk\/index.php\/wp-json\/wp\/v2\/product\/4167","targetHints":{"allow":["GET"]}}],"collection":[{"href":"https:\/\/www.positivitee.sk\/index.php\/wp-json\/wp\/v2\/product"}],"about":[{"href":"https:\/\/www.positivitee.sk\/index.php\/wp-json\/wp\/v2\/types\/product"}],"wp:featuredmedia":[{"embeddable":true,"href":"https:\/\/www.positivitee.sk\/index.php\/wp-json\/wp\/v2\/media\/4168"}],"wp:attachment":[{"href":"https:\/\/www.positivitee.sk\/index.php\/wp-json\/wp\/v2\/media?parent=4167"}],"wp:term":[{"taxonomy":"product_brand","embeddable":true,"href":"https:\/\/www.positivitee.sk\/index.php\/wp-json\/wp\/v2\/product_brand?post=4167"},{"taxonomy":"product_cat","embeddable":true,"href":"https:\/\/www.positivitee.sk\/index.php\/wp-json\/wp\/v2\/product_cat?post=4167"},{"taxonomy":"product_tag","embeddable":true,"href":"https:\/\/www.positivitee.sk\/index.php\/wp-json\/wp\/v2\/product_tag?post=4167"}],"curies":[{"name":"wp","href":"https:\/\/api.w.org\/{rel}","templated":true}]}}