{"id":4175,"date":"2020-06-22T19:47:03","date_gmt":"2020-06-22T19:47:03","guid":{"rendered":"https:\/\/www.positivitee.sk\/?post_type=product&#038;p=4175"},"modified":"2026-01-26T19:48:51","modified_gmt":"2026-01-26T19:48:51","slug":"premium-tea-biela-baza-100g","status":"publish","type":"product","link":"https:\/\/www.positivitee.sk\/index.php\/product\/premium-tea-biela-baza-100g\/","title":{"rendered":"Premium Tea &#8211;  BIELA BAZA, 100g"},"content":{"rendered":"<p>2051 BIELA BAZA, 100g.<\/p>\n<div class=\"zutaten\">\n<p>&nbsp;<\/p>\n<\/div>\n<p><img loading=\"lazy\" decoding=\"async\" class=\"attachment-266x266 size-266x266\" src=\"https:\/\/www.positivitee.sk\/wp-content\/uploads\/2020\/06\/00-01441_stamm_1-300x300.jpg\" sizes=\"auto, (max-width: 266px) 100vw, 266px\" srcset=\"https:\/\/www.positivitee.sk\/wp-content\/uploads\/2020\/06\/00-01441_stamm_1-300x300.jpg 300w, https:\/\/www.positivitee.sk\/wp-content\/uploads\/2020\/06\/00-01441_stamm_1-150x150.jpg 150w, https:\/\/www.positivitee.sk\/wp-content\/uploads\/2020\/06\/00-01441_stamm_1-324x324.jpg 324w, https:\/\/www.positivitee.sk\/wp-content\/uploads\/2020\/06\/00-01441_stamm_1-100x100.jpg 100w, https:\/\/www.positivitee.sk\/wp-content\/uploads\/2020\/06\/00-01441_stamm_1.jpg 340w\" alt=\"\" width=\"266\" height=\"266\" \/><\/p>\n<p>Skvel\u00fd biely \u010daj z ju\u017enej Indie zjemnen\u00fd lupienkami bazov\u00fdch kvet\u00edn a pr\u00edrodnou ar\u00f3mou. Senza\u010dne jemn\u00fd n\u00e1poj s n\u00e1znakom chute bazov\u00fdch kvet\u00edn.<\/p>\n<p>Zlo\u017eenie: indick\u00fd biely \u010daj, pr\u00edrodn\u00e1 ar\u00f3ma, lupeinky kvetu bazy<\/p>\n<p>Pr\u00edprava: 1 polievkov\u00fa ly\u017eicu (2g) \u010daju zalejeme 2,5dl vody 80\u00b0C. L\u00fahujte 2 minuty.<\/p>\n","protected":false},"excerpt":{"rendered":"<p>2051\u00a0 BIELA BAZA, 100g.<\/p>\n","protected":false},"featured_media":4176,"template":"","meta":{"jetpack_post_was_ever_published":false,"jetpack_publicize_message":"","jetpack_publicize_feature_enabled":true,"jetpack_social_post_already_shared":true,"jetpack_social_options":{"image_generator_settings":{"template":"highway","default_image_id":0,"font":"","enabled":false},"version":2}},"product_brand":[],"product_cat":[71,50],"product_tag":[],"class_list":{"0":"post-4175","1":"product","2":"type-product","3":"status-publish","4":"has-post-thumbnail","6":"product_cat-biele","7":"product_cat-premium-caje","9":"first","10":"outofstock","11":"shipping-taxable","12":"purchasable","13":"product-type-simple"},"jetpack_publicize_connections":[],"jetpack_sharing_enabled":true,"_links":{"self":[{"href":"https:\/\/www.positivitee.sk\/index.php\/wp-json\/wp\/v2\/product\/4175","targetHints":{"allow":["GET"]}}],"collection":[{"href":"https:\/\/www.positivitee.sk\/index.php\/wp-json\/wp\/v2\/product"}],"about":[{"href":"https:\/\/www.positivitee.sk\/index.php\/wp-json\/wp\/v2\/types\/product"}],"wp:featuredmedia":[{"embeddable":true,"href":"https:\/\/www.positivitee.sk\/index.php\/wp-json\/wp\/v2\/media\/4176"}],"wp:attachment":[{"href":"https:\/\/www.positivitee.sk\/index.php\/wp-json\/wp\/v2\/media?parent=4175"}],"wp:term":[{"taxonomy":"product_brand","embeddable":true,"href":"https:\/\/www.positivitee.sk\/index.php\/wp-json\/wp\/v2\/product_brand?post=4175"},{"taxonomy":"product_cat","embeddable":true,"href":"https:\/\/www.positivitee.sk\/index.php\/wp-json\/wp\/v2\/product_cat?post=4175"},{"taxonomy":"product_tag","embeddable":true,"href":"https:\/\/www.positivitee.sk\/index.php\/wp-json\/wp\/v2\/product_tag?post=4175"}],"curies":[{"name":"wp","href":"https:\/\/api.w.org\/{rel}","templated":true}]}}