{"id":4196,"date":"2020-07-22T07:20:34","date_gmt":"2020-07-22T07:20:34","guid":{"rendered":"https:\/\/www.positivitee.sk\/?post_type=product&#038;p=4196"},"modified":"2023-07-31T07:54:09","modified_gmt":"2023-07-31T07:54:09","slug":"premium-tea-darjeeling-puttabong-first-flush-sftgfop-airlifted-100g","status":"publish","type":"product","link":"https:\/\/www.positivitee.sk\/index.php\/product\/premium-tea-darjeeling-puttabong-first-flush-sftgfop-airlifted-100g\/","title":{"rendered":"Premium Tea &#8211; DARJEELING PUTTABONG FIRST FLUSH SFTGFOP AIRLIFTED, 100g"},"content":{"rendered":"<p><code>1091<\/code>BIO DARJEELING PUTTABONG FIRST FLUSH SFTGFOP AIRLIFTED, 100g.<\/p>\n<p>&nbsp;<\/p>\n<p><img decoding=\"async\" src=\"https:\/\/www.positivitee.sk\/wp-content\/uploads\/2020\/07\/puttab-1-1-324x324.jpg\" \/>First Flush zo z\u00e1hrady Puttabong, v\u00e4\u010dsie kr\u00e1sne vlnit\u00e9\u00a0 l\u00edstky s mno\u017estvom zelen\u00fdch tipsov. N\u00e1poj kvetinov\u00e9ho charakteru s n\u00e1znakom mu\u0161k\u00e1tu. M\u00e4kk\u00fd a osvie\u017euj\u00faci n\u00e1lev.<\/p>\n<p>V\u00fdrazn\u00e1 a dlh\u00e1 dochu\u0165.<\/p>\n<p>Skvel\u00fd\u00a0 ro\u010dn\u00edk.<\/p>\n<p>Zlo\u017eenie: indick\u00fd \u010dierny \u010daj,<\/p>\n<p>Pr\u00edprava: 1 \u010dajov\u00fa ly\u017ei\u010dku (2g) \u010daju zalejeme 2,5dl vriacej vody. L\u00fahujte 2 a\u017e 4 min\u00fat.<\/p>\n","protected":false},"excerpt":{"rendered":"<p><code>1091<\/code>BIO DARJEELING PUTTABONG FIRST FLUSH SFTGFOP AIRLIFTED, 100g.<\/p>\n","protected":false},"featured_media":5651,"template":"","meta":{"jetpack_post_was_ever_published":false,"jetpack_publicize_message":"","jetpack_publicize_feature_enabled":true,"jetpack_social_post_already_shared":true,"jetpack_social_options":{"image_generator_settings":{"template":"highway","default_image_id":0,"font":"","enabled":false},"version":2}},"product_brand":[],"product_cat":[50,69],"product_tag":[],"class_list":{"0":"post-4196","1":"product","2":"type-product","3":"status-publish","4":"has-post-thumbnail","6":"product_cat-premium-caje","7":"product_cat-cierne","9":"first","10":"instock","11":"shipping-taxable","12":"purchasable","13":"product-type-simple"},"jetpack_publicize_connections":[],"jetpack_sharing_enabled":true,"_links":{"self":[{"href":"https:\/\/www.positivitee.sk\/index.php\/wp-json\/wp\/v2\/product\/4196","targetHints":{"allow":["GET"]}}],"collection":[{"href":"https:\/\/www.positivitee.sk\/index.php\/wp-json\/wp\/v2\/product"}],"about":[{"href":"https:\/\/www.positivitee.sk\/index.php\/wp-json\/wp\/v2\/types\/product"}],"wp:featuredmedia":[{"embeddable":true,"href":"https:\/\/www.positivitee.sk\/index.php\/wp-json\/wp\/v2\/media\/5651"}],"wp:attachment":[{"href":"https:\/\/www.positivitee.sk\/index.php\/wp-json\/wp\/v2\/media?parent=4196"}],"wp:term":[{"taxonomy":"product_brand","embeddable":true,"href":"https:\/\/www.positivitee.sk\/index.php\/wp-json\/wp\/v2\/product_brand?post=4196"},{"taxonomy":"product_cat","embeddable":true,"href":"https:\/\/www.positivitee.sk\/index.php\/wp-json\/wp\/v2\/product_cat?post=4196"},{"taxonomy":"product_tag","embeddable":true,"href":"https:\/\/www.positivitee.sk\/index.php\/wp-json\/wp\/v2\/product_tag?post=4196"}],"curies":[{"name":"wp","href":"https:\/\/api.w.org\/{rel}","templated":true}]}}