{"id":4208,"date":"2020-07-28T06:54:58","date_gmt":"2020-07-28T06:54:58","guid":{"rendered":"https:\/\/www.positivitee.sk\/?post_type=product&#038;p=4208"},"modified":"2023-09-11T09:02:12","modified_gmt":"2023-09-11T09:02:12","slug":"dunoon-glencoe-music","status":"publish","type":"product","link":"https:\/\/www.positivitee.sk\/index.php\/product\/dunoon-glencoe-music\/","title":{"rendered":"Dunoon &#8211; Glencoe, Music"},"content":{"rendered":"<p>Glencoe, Music, 5dl.<img decoding=\"async\" src=\"https:\/\/www.positivitee.sk\/img\/Dunoon\/001BB714-1000-1000-416x416.jpg\" alt=\"Glencoe, Music\" \/><\/p>\n<p>V\u00fd\u0161ka 152 mm, priemer 100 mm. V dar\u010dekovej krabi\u010dke.<br \/>\nTento objemn\u00fd tvar, pomenovan\u00fd pod\u013ea \u0161k\u00f3tkych glenov (\u00fadol\u00ed) je jedn\u00fdm z prv\u00fdch tvarov v ponuke zna\u010dky DUNOON. St\u00e1le patr\u00ed medzi najpopul\u00e1rnej\u0161ie aj kv\u00f4li svojim datailne prepracovan\u00fdm edudukat\u00edvnym a informat\u00edvnym vzorom. Tvar Glencoe je charakteristick\u00fd roz\u0161\u00edren\u00fdm vrchom a silnou pohodlnou r\u00fa\u010dkou na dr\u017eanie.<\/p>\n<p>Nau\u010dte sa v\u0161etky znaky a symboly hudby pomocou eduka\u010dn\u00e9ho hr\u0148ceka &#8218;Music&#8216; s ilustr\u00e1ciou od Jackie Reynolds. \u0160trukt\u00fara a sekvencia n\u00f4t, dynamick\u00e9 in\u0161trukcie a notov\u00e9 osnovy. Nezabudnute\u013en\u00fd dar\u010dek pre v\u0161etk\u00fdch nad\u0161encov hudby.<\/p>\n<p><a href=\"https:\/\/www.dunoonmugs.co.uk\/\" target=\"_blank\" rel=\"noopener noreferrer\"><br \/>\n<img decoding=\"async\" src=\"https:\/\/www.positivitee.sk\/img\/Dunoon\/Dunoon-logo-small.jpg\" alt=\"Dunoon Mugs\" \/><br \/>\n<\/a><\/p>\n","protected":false},"excerpt":{"rendered":"<p>Glencoe, Music, 5 dl.<\/p>\n","protected":false},"featured_media":4209,"template":"","meta":{"jetpack_post_was_ever_published":false,"jetpack_publicize_message":"","jetpack_publicize_feature_enabled":true,"jetpack_social_post_already_shared":true,"jetpack_social_options":{"image_generator_settings":{"template":"highway","default_image_id":0,"font":"","enabled":false},"version":2}},"product_brand":[],"product_cat":[63,107],"product_tag":[],"class_list":{"0":"post-4208","1":"product","2":"type-product","3":"status-publish","4":"has-post-thumbnail","6":"product_cat-dunoon","7":"product_cat-glencoe-0-5l","9":"first","10":"outofstock","11":"shipping-taxable","12":"purchasable","13":"product-type-simple"},"jetpack_publicize_connections":[],"jetpack_sharing_enabled":true,"_links":{"self":[{"href":"https:\/\/www.positivitee.sk\/index.php\/wp-json\/wp\/v2\/product\/4208","targetHints":{"allow":["GET"]}}],"collection":[{"href":"https:\/\/www.positivitee.sk\/index.php\/wp-json\/wp\/v2\/product"}],"about":[{"href":"https:\/\/www.positivitee.sk\/index.php\/wp-json\/wp\/v2\/types\/product"}],"wp:featuredmedia":[{"embeddable":true,"href":"https:\/\/www.positivitee.sk\/index.php\/wp-json\/wp\/v2\/media\/4209"}],"wp:attachment":[{"href":"https:\/\/www.positivitee.sk\/index.php\/wp-json\/wp\/v2\/media?parent=4208"}],"wp:term":[{"taxonomy":"product_brand","embeddable":true,"href":"https:\/\/www.positivitee.sk\/index.php\/wp-json\/wp\/v2\/product_brand?post=4208"},{"taxonomy":"product_cat","embeddable":true,"href":"https:\/\/www.positivitee.sk\/index.php\/wp-json\/wp\/v2\/product_cat?post=4208"},{"taxonomy":"product_tag","embeddable":true,"href":"https:\/\/www.positivitee.sk\/index.php\/wp-json\/wp\/v2\/product_tag?post=4208"}],"curies":[{"name":"wp","href":"https:\/\/api.w.org\/{rel}","templated":true}]}}