{"id":4214,"date":"2020-07-28T12:47:49","date_gmt":"2020-07-28T12:47:49","guid":{"rendered":"https:\/\/www.positivitee.sk\/?post_type=product&#038;p=4214"},"modified":"2021-12-17T10:17:48","modified_gmt":"2021-12-17T10:17:48","slug":"dunoon-glencoe-wines-of-the-world","status":"publish","type":"product","link":"https:\/\/www.positivitee.sk\/index.php\/product\/dunoon-glencoe-wines-of-the-world\/","title":{"rendered":"Dunoon &#8211; Glencoe, Wines of the World"},"content":{"rendered":"<p>Glencoe, Wines of the World, 5dl.<img decoding=\"async\" src=\"https:\/\/www.positivitee.sk\/img\/Dunoon\/001AEEF0-1000-1000-416x416.jpg\" alt=\"Glencoe, Wines of the Worlde\" \/><\/p>\n<p>V\u00fd\u0161ka 152 mm, priemer 100 mm. V dar\u010dekovej krabi\u010dke.<br \/>\nTento objemn\u00fd tvar, pomenovan\u00fd pod\u013ea \u0161k\u00f3tkych glenov (\u00fadol\u00ed) je jedn\u00fdm z prv\u00fdch tvarov v ponuke zna\u010dky DUNOON. St\u00e1le patr\u00ed medzi najpopul\u00e1rnej\u0161ie aj kv\u00f4li svojim datailne prepracovan\u00fdm edudukat\u00edvnym a informat\u00edvnym vzorom. Tvar Glencoe je charakteristick\u00fd roz\u0161\u00edren\u00fdm vrchom a silnou pohodlnou r\u00fa\u010dkou na dr\u017eanie.<br \/>\nZ\u00edskajte nov\u00e9 vedomosti o v\u00ednach sveta prostredn\u00edctvom tohto fascinujuc\u00e9ho hrn\u010deka s designom od Caroline Dadd. Opisn\u00e9 vyobrazenia mnoh\u00fdch odr\u00f4d hrozna, hist\u00f3ria v\u00edna a jednotliv\u00fdch regi\u00f3nov pestovania predstavuj\u00fa perfektn\u00fd dar\u010dek pre ka\u017ed\u00e9ho milovn\u00edka kr\u00e1\u013eovsk\u00e9ho moku. T<\/p>\n<p><a href=\"https:\/\/www.dunoonmugs.co.uk\/\" target=\"_blank\" rel=\"noopener noreferrer\"><br \/>\n<img decoding=\"async\" src=\"https:\/\/www.positivitee.sk\/img\/Dunoon\/Dunoon-logo-small.jpg\" alt=\"Dunoon Mugs\" \/><br \/>\n<\/a><\/p>\n","protected":false},"excerpt":{"rendered":"<p>Glencoe, Wines of the World, 5 dl.<\/p>\n","protected":false},"featured_media":4215,"template":"","meta":{"jetpack_post_was_ever_published":false,"jetpack_publicize_message":"","jetpack_publicize_feature_enabled":true,"jetpack_social_post_already_shared":true,"jetpack_social_options":{"image_generator_settings":{"template":"highway","default_image_id":0,"font":"","enabled":false},"version":2}},"product_brand":[],"product_cat":[63,107],"product_tag":[],"class_list":{"0":"post-4214","1":"product","2":"type-product","3":"status-publish","4":"has-post-thumbnail","6":"product_cat-dunoon","7":"product_cat-glencoe-0-5l","9":"first","10":"outofstock","11":"shipping-taxable","12":"purchasable","13":"product-type-simple"},"jetpack_publicize_connections":[],"jetpack_sharing_enabled":true,"_links":{"self":[{"href":"https:\/\/www.positivitee.sk\/index.php\/wp-json\/wp\/v2\/product\/4214","targetHints":{"allow":["GET"]}}],"collection":[{"href":"https:\/\/www.positivitee.sk\/index.php\/wp-json\/wp\/v2\/product"}],"about":[{"href":"https:\/\/www.positivitee.sk\/index.php\/wp-json\/wp\/v2\/types\/product"}],"wp:featuredmedia":[{"embeddable":true,"href":"https:\/\/www.positivitee.sk\/index.php\/wp-json\/wp\/v2\/media\/4215"}],"wp:attachment":[{"href":"https:\/\/www.positivitee.sk\/index.php\/wp-json\/wp\/v2\/media?parent=4214"}],"wp:term":[{"taxonomy":"product_brand","embeddable":true,"href":"https:\/\/www.positivitee.sk\/index.php\/wp-json\/wp\/v2\/product_brand?post=4214"},{"taxonomy":"product_cat","embeddable":true,"href":"https:\/\/www.positivitee.sk\/index.php\/wp-json\/wp\/v2\/product_cat?post=4214"},{"taxonomy":"product_tag","embeddable":true,"href":"https:\/\/www.positivitee.sk\/index.php\/wp-json\/wp\/v2\/product_tag?post=4214"}],"curies":[{"name":"wp","href":"https:\/\/api.w.org\/{rel}","templated":true}]}}