{"id":4230,"date":"2020-08-05T17:30:08","date_gmt":"2020-08-05T17:30:08","guid":{"rendered":"https:\/\/www.positivitee.sk\/?post_type=product&#038;p=4230"},"modified":"2023-09-11T09:01:42","modified_gmt":"2023-09-11T09:01:42","slug":"dunoon-glencoe-the-ocean","status":"publish","type":"product","link":"https:\/\/www.positivitee.sk\/index.php\/product\/dunoon-glencoe-the-ocean\/","title":{"rendered":"Dunoon &#8211; Glencoe, The Ocean"},"content":{"rendered":"<p>Glencoe, <span class=\"base\" data-ui-id=\"page-title-wrapper\">The Ocean <\/span>, 5dl.<\/p>\n<p><img loading=\"lazy\" decoding=\"async\" class=\"attachment-266x266 size-266x266\" src=\"https:\/\/www.positivitee.sk\/wp-content\/uploads\/2020\/08\/dunoon-glencoe-the-ocean-13-300x300.jpg\" sizes=\"auto, (max-width: 266px) 100vw, 266px\" srcset=\"https:\/\/www.positivitee.sk\/wp-content\/uploads\/2020\/08\/dunoon-glencoe-the-ocean-13-300x300.jpg 300w, https:\/\/www.positivitee.sk\/wp-content\/uploads\/2020\/08\/dunoon-glencoe-the-ocean-13-150x150.jpg 150w, https:\/\/www.positivitee.sk\/wp-content\/uploads\/2020\/08\/dunoon-glencoe-the-ocean-13-324x324.jpg 324w, https:\/\/www.positivitee.sk\/wp-content\/uploads\/2020\/08\/dunoon-glencoe-the-ocean-13-416x416.jpg 416w, https:\/\/www.positivitee.sk\/wp-content\/uploads\/2020\/08\/dunoon-glencoe-the-ocean-13-100x100.jpg 100w, https:\/\/www.positivitee.sk\/wp-content\/uploads\/2020\/08\/dunoon-glencoe-the-ocean-13.jpg 535w\" alt=\"\" width=\"266\" height=\"266\" \/><\/p>\n<p>V\u00fd\u0161ka 152 mm, priemer 100 mm. V dar\u010dekovej krabi\u010dke.<br \/>\nTento objemn\u00fd tvar, pomenovan\u00fd pod\u013ea \u0161k\u00f3tkych glenov (\u00fadol\u00ed) je jedn\u00fdm z prv\u00fdch tvarov v ponuke zna\u010dky DUNOON. St\u00e1le patr\u00ed medzi najpopul\u00e1rnej\u0161ie aj kv\u00f4li svojim datailne prepracovan\u00fdm edudukat\u00edvnym a informat\u00edvnym vzorom. Tvar Glencoe je charakteristick\u00fd roz\u0161\u00edren\u00fdm vrchom a silnou pohodlnou r\u00fa\u010dkou na dr\u017eanie.<\/p>\n<p>Dve tretiny povrchu zeme s\u00fa pokryt\u00e9 vodou a v\u0161etk\u00fdch p\u00e4\u0165 oce\u00e1nov je poprep\u00e1jan\u00fdch.\u00a0 Arktick\u00fd oce\u00e1n, Atlantik, Indick\u00fd, Tich\u00fd oce\u00e1n a Ju\u017en\u00fd.<\/p>\n<p>Tento vysok\u00fd a inovat\u00edvny hrn\u010dek n\u00e1m rozpovie p\u00fatav\u00e9 rozpr\u00e1vanie o moriach, fascinuj\u00face fakty a detailn\u00e9 inform\u00e1cie.<\/p>\n<p><a href=\"https:\/\/www.dunoonmugs.co.uk\/\" target=\"_blank\" rel=\"noopener noreferrer\"><br \/>\n<img decoding=\"async\" src=\"https:\/\/www.positivitee.sk\/img\/Dunoon\/Dunoon-logo-small.jpg\" alt=\"Dunoon Mugs\" \/><br \/>\n<\/a><\/p>\n","protected":false},"excerpt":{"rendered":"<p>Glencoe, The Ocean, 5 dl.<\/p>\n","protected":false},"featured_media":4231,"template":"","meta":{"jetpack_post_was_ever_published":false,"jetpack_publicize_message":"","jetpack_publicize_feature_enabled":true,"jetpack_social_post_already_shared":true,"jetpack_social_options":{"image_generator_settings":{"template":"highway","default_image_id":0,"font":"","enabled":false},"version":2}},"product_brand":[],"product_cat":[63,107],"product_tag":[],"class_list":{"0":"post-4230","1":"product","2":"type-product","3":"status-publish","4":"has-post-thumbnail","6":"product_cat-dunoon","7":"product_cat-glencoe-0-5l","9":"first","10":"outofstock","11":"shipping-taxable","12":"purchasable","13":"product-type-simple"},"jetpack_publicize_connections":[],"jetpack_sharing_enabled":true,"_links":{"self":[{"href":"https:\/\/www.positivitee.sk\/index.php\/wp-json\/wp\/v2\/product\/4230","targetHints":{"allow":["GET"]}}],"collection":[{"href":"https:\/\/www.positivitee.sk\/index.php\/wp-json\/wp\/v2\/product"}],"about":[{"href":"https:\/\/www.positivitee.sk\/index.php\/wp-json\/wp\/v2\/types\/product"}],"wp:featuredmedia":[{"embeddable":true,"href":"https:\/\/www.positivitee.sk\/index.php\/wp-json\/wp\/v2\/media\/4231"}],"wp:attachment":[{"href":"https:\/\/www.positivitee.sk\/index.php\/wp-json\/wp\/v2\/media?parent=4230"}],"wp:term":[{"taxonomy":"product_brand","embeddable":true,"href":"https:\/\/www.positivitee.sk\/index.php\/wp-json\/wp\/v2\/product_brand?post=4230"},{"taxonomy":"product_cat","embeddable":true,"href":"https:\/\/www.positivitee.sk\/index.php\/wp-json\/wp\/v2\/product_cat?post=4230"},{"taxonomy":"product_tag","embeddable":true,"href":"https:\/\/www.positivitee.sk\/index.php\/wp-json\/wp\/v2\/product_tag?post=4230"}],"curies":[{"name":"wp","href":"https:\/\/api.w.org\/{rel}","templated":true}]}}