{"id":4250,"date":"2020-09-10T06:39:40","date_gmt":"2020-09-10T06:39:40","guid":{"rendered":"https:\/\/www.positivitee.sk\/?post_type=product&#038;p=4250"},"modified":"2022-01-25T20:26:40","modified_gmt":"2022-01-25T20:26:40","slug":"dunoon-bute-animal-breeds-pig","status":"publish","type":"product","link":"https:\/\/www.positivitee.sk\/index.php\/product\/dunoon-bute-animal-breeds-pig\/","title":{"rendered":"Dunoon &#8211; Bute, Animal Breeds Pig"},"content":{"rendered":"<p>Bute, Bute, Animal Breeds Pig, 3,0dl.<\/p>\n<p>&nbsp;<\/p>\n<p><a href=\"https:\/\/www.dunoonmugs.co.uk\/\" target=\"_blank\" rel=\"noopener noreferrer\"><img loading=\"lazy\" decoding=\"async\" class=\"attachment-266x266 size-266x266\" src=\"https:\/\/www.positivitee.sk\/wp-content\/uploads\/2020\/09\/001FAB92-1000-1000-300x300.jpg\" sizes=\"auto, (max-width: 266px) 100vw, 266px\" srcset=\"https:\/\/www.positivitee.sk\/wp-content\/uploads\/2020\/09\/001FAB92-1000-1000-300x300.jpg 300w, https:\/\/www.positivitee.sk\/wp-content\/uploads\/2020\/09\/001FAB92-1000-1000-150x150.jpg 150w, https:\/\/www.positivitee.sk\/wp-content\/uploads\/2020\/09\/001FAB92-1000-1000-768x768.jpg 768w, https:\/\/www.positivitee.sk\/wp-content\/uploads\/2020\/09\/001FAB92-1000-1000-324x324.jpg 324w, https:\/\/www.positivitee.sk\/wp-content\/uploads\/2020\/09\/001FAB92-1000-1000-416x416.jpg 416w, https:\/\/www.positivitee.sk\/wp-content\/uploads\/2020\/09\/001FAB92-1000-1000-100x100.jpg 100w, https:\/\/www.positivitee.sk\/wp-content\/uploads\/2020\/09\/001FAB92-1000-1000.jpg 1000w\" alt=\"\" width=\"266\" height=\"266\" \/><\/a>Zna\u010dka DUNOON, FINE BONE CHINA MADE IN ENGLAND, tvar Bute, Animal Breeds Pig, objem 3,0dl. V\u017edy v dar\u010dekovej krabi\u010dke.<\/p>\n<p>Animal Breeds\u2018, rozko\u0161n\u00e1 kolekcia r\u00f4znych zvierat, brilantn\u00e9 ilustrovan\u00e1 ilustr\u00e1torkou Kate Mawdsley. Autenticky vyobrazen\u00e9 z\u00e1bavn\u00e9 a roztomil\u00e9 mal\u00e9 prasat\u00e1 vy\u010daria \u00fasmev s ka\u017edou dal\u0161ou \u0161\u00e1lkou.<\/p>\n<p><a href=\"https:\/\/www.dunoonmugs.co.uk\/\" target=\"_blank\" rel=\"noopener noreferrer\"><br \/>\n<img decoding=\"async\" src=\"https:\/\/www.positivitee.sk\/img\/Dunoon\/Dunoon-logo-small.jpg\" alt=\"Dunoon Mugs\" \/><br \/>\n<\/a><\/p>\n","protected":false},"excerpt":{"rendered":"<p>Bute, Animal Breeds Pig, 3,0dl.<\/p>\n","protected":false},"featured_media":4251,"template":"","meta":{"jetpack_post_was_ever_published":false,"jetpack_publicize_message":"","jetpack_publicize_feature_enabled":true,"jetpack_social_post_already_shared":true,"jetpack_social_options":{"image_generator_settings":{"template":"highway","default_image_id":0,"font":"","enabled":false},"version":2}},"product_brand":[],"product_cat":[105,52,63],"product_tag":[],"class_list":{"0":"post-4250","1":"product","2":"type-product","3":"status-publish","4":"has-post-thumbnail","6":"product_cat-bute-0-3","7":"product_cat-cajniky","8":"product_cat-dunoon","10":"first","11":"instock","12":"shipping-taxable","13":"purchasable","14":"product-type-simple"},"jetpack_publicize_connections":[],"jetpack_sharing_enabled":true,"_links":{"self":[{"href":"https:\/\/www.positivitee.sk\/index.php\/wp-json\/wp\/v2\/product\/4250","targetHints":{"allow":["GET"]}}],"collection":[{"href":"https:\/\/www.positivitee.sk\/index.php\/wp-json\/wp\/v2\/product"}],"about":[{"href":"https:\/\/www.positivitee.sk\/index.php\/wp-json\/wp\/v2\/types\/product"}],"wp:featuredmedia":[{"embeddable":true,"href":"https:\/\/www.positivitee.sk\/index.php\/wp-json\/wp\/v2\/media\/4251"}],"wp:attachment":[{"href":"https:\/\/www.positivitee.sk\/index.php\/wp-json\/wp\/v2\/media?parent=4250"}],"wp:term":[{"taxonomy":"product_brand","embeddable":true,"href":"https:\/\/www.positivitee.sk\/index.php\/wp-json\/wp\/v2\/product_brand?post=4250"},{"taxonomy":"product_cat","embeddable":true,"href":"https:\/\/www.positivitee.sk\/index.php\/wp-json\/wp\/v2\/product_cat?post=4250"},{"taxonomy":"product_tag","embeddable":true,"href":"https:\/\/www.positivitee.sk\/index.php\/wp-json\/wp\/v2\/product_tag?post=4250"}],"curies":[{"name":"wp","href":"https:\/\/api.w.org\/{rel}","templated":true}]}}