{"id":4273,"date":"2020-09-10T10:36:29","date_gmt":"2020-09-10T10:36:29","guid":{"rendered":"https:\/\/www.positivitee.sk\/?post_type=product&#038;p=4273"},"modified":"2022-01-26T20:39:49","modified_gmt":"2022-01-26T20:39:49","slug":"dunoon-lomond-kelmscott-pink","status":"publish","type":"product","link":"https:\/\/www.positivitee.sk\/index.php\/product\/dunoon-lomond-kelmscott-pink\/","title":{"rendered":"Dunoon &#8211; Lomond, Kelmscott, Pink"},"content":{"rendered":"<p>Lomond, Kelmscott, Pink,\u00a0 3,2 dl.<\/p>\n<p><img decoding=\"async\" src=\"https:\/\/www.positivitee.sk\/wp-content\/uploads\/2020\/09\/kelm-pink-300x300.jpg\" \/><br \/>\nV\u00fd\u0161ka 93 mm, priemer 89 mm.<br \/>\nKr\u00e1sne jemn\u00fd a predsa odoln\u00fd porcel\u00e1n s neodolate\u013en\u00fdm leskom. V dar\u010dekovej krabi\u010dke.<\/p>\n<p>Neodolate\u013en\u00fd, mimoriadne vydaren\u00fd, bohat\u00fd flor\u00e1lny dekor od Michele Auborg. V\u00fdrazn\u00e9 ru\u017eov\u00e9 a fialov\u00e9 kvety vr\u00e1tane ru\u017e\u00ed a\u00a0 hrachora vypracovan\u00e9 akvarelom.<\/p>\n<p>&nbsp;<\/p>\n<p><a href=\"https:\/\/www.dunoonmugs.co.uk\/\" target=\"_blank\" rel=\"noopener noreferrer\"><img decoding=\"async\" src=\"https:\/\/www.positivitee.sk\/img\/Dunoon\/Dunoon-logo-small.jpg\" alt=\"Dunoon Mugs\" \/><br \/>\n<\/a><\/p>\n","protected":false},"excerpt":{"rendered":"<p>Lomond, Kelmscott, Pink,\u00a0 3,2 dl.<\/p>\n","protected":false},"featured_media":5287,"template":"","meta":{"jetpack_post_was_ever_published":false,"jetpack_publicize_message":"","jetpack_publicize_feature_enabled":true,"jetpack_social_post_already_shared":true,"jetpack_social_options":{"image_generator_settings":{"template":"highway","default_image_id":0,"font":"","enabled":false},"version":2}},"product_brand":[],"product_cat":[63,109],"product_tag":[],"class_list":{"0":"post-4273","1":"product","2":"type-product","3":"status-publish","4":"has-post-thumbnail","6":"product_cat-dunoon","7":"product_cat-lomond-0-32l","9":"first","10":"instock","11":"shipping-taxable","12":"purchasable","13":"product-type-simple"},"jetpack_publicize_connections":[],"jetpack_sharing_enabled":true,"_links":{"self":[{"href":"https:\/\/www.positivitee.sk\/index.php\/wp-json\/wp\/v2\/product\/4273","targetHints":{"allow":["GET"]}}],"collection":[{"href":"https:\/\/www.positivitee.sk\/index.php\/wp-json\/wp\/v2\/product"}],"about":[{"href":"https:\/\/www.positivitee.sk\/index.php\/wp-json\/wp\/v2\/types\/product"}],"wp:featuredmedia":[{"embeddable":true,"href":"https:\/\/www.positivitee.sk\/index.php\/wp-json\/wp\/v2\/media\/5287"}],"wp:attachment":[{"href":"https:\/\/www.positivitee.sk\/index.php\/wp-json\/wp\/v2\/media?parent=4273"}],"wp:term":[{"taxonomy":"product_brand","embeddable":true,"href":"https:\/\/www.positivitee.sk\/index.php\/wp-json\/wp\/v2\/product_brand?post=4273"},{"taxonomy":"product_cat","embeddable":true,"href":"https:\/\/www.positivitee.sk\/index.php\/wp-json\/wp\/v2\/product_cat?post=4273"},{"taxonomy":"product_tag","embeddable":true,"href":"https:\/\/www.positivitee.sk\/index.php\/wp-json\/wp\/v2\/product_tag?post=4273"}],"curies":[{"name":"wp","href":"https:\/\/api.w.org\/{rel}","templated":true}]}}