{"id":4294,"date":"2020-09-22T19:02:48","date_gmt":"2020-09-22T19:02:48","guid":{"rendered":"https:\/\/www.positivitee.sk\/?post_type=product&#038;p=4294"},"modified":"2024-02-19T14:10:51","modified_gmt":"2024-02-19T14:10:51","slug":"dunoon-suffolk-melody-blue","status":"publish","type":"product","link":"https:\/\/www.positivitee.sk\/index.php\/product\/dunoon-suffolk-melody-blue\/","title":{"rendered":"Dunoon &#8211; Suffolk, Melody, Blue"},"content":{"rendered":"<p>Suffolk, Melody, Blue 3,1dl.<\/p>\n<p><img decoding=\"async\" src=\"https:\/\/www.positivitee.sk\/wp-content\/uploads\/2020\/09\/melody-blue-300x300.jpg\" \/><\/p>\n<p>Zna\u010dka DUNOON, FINE BONE CHINA MADE IN ENGLAND, tvar Suffolk.<\/p>\n<p>Kr\u00e1sny\u00a0 design od Kathy Pickles.\u00a0 Detailn\u00e9 kresby \u010darovn\u00fdch modr\u00fdch a fialov\u00fdch kvet\u00edn na bielom podklade.<\/p>\n<p>Prepracovan\u00e9 zelen\u00e9 stonky, v\u00fdhonky, p\u00fa\u010diky a ostatn\u00e9 botanick\u00e9 detaily.<\/p>\n<p>V\u00a0 dar\u010dekovej krabi\u010dke.<\/p>\n<p>&nbsp;<\/p>\n<p><a href=\"https:\/\/www.dunoonmugs.co.uk\/\" target=\"_blank\" rel=\"noopener noreferrer\"><br \/>\n<img decoding=\"async\" src=\"https:\/\/www.positivitee.sk\/img\/Dunoon\/Dunoon-logo-small.jpg\" alt=\"Dunoon Mugs\" \/><br \/>\n<\/a><\/p>\n","protected":false},"excerpt":{"rendered":"<p>Suffolk, Melody, Blue 3,1dl.<\/p>\n","protected":false},"featured_media":5237,"template":"","meta":{"jetpack_post_was_ever_published":false,"jetpack_publicize_message":"","jetpack_publicize_feature_enabled":true,"jetpack_social_post_already_shared":true,"jetpack_social_options":{"image_generator_settings":{"template":"highway","default_image_id":0,"font":"","enabled":false},"version":2}},"product_brand":[],"product_cat":[52,63,111],"product_tag":[],"class_list":{"0":"post-4294","1":"product","2":"type-product","3":"status-publish","4":"has-post-thumbnail","6":"product_cat-cajniky","7":"product_cat-dunoon","8":"product_cat-suffolk-0-3l","10":"first","11":"instock","12":"shipping-taxable","13":"purchasable","14":"product-type-simple"},"jetpack_publicize_connections":[],"jetpack_sharing_enabled":true,"_links":{"self":[{"href":"https:\/\/www.positivitee.sk\/index.php\/wp-json\/wp\/v2\/product\/4294","targetHints":{"allow":["GET"]}}],"collection":[{"href":"https:\/\/www.positivitee.sk\/index.php\/wp-json\/wp\/v2\/product"}],"about":[{"href":"https:\/\/www.positivitee.sk\/index.php\/wp-json\/wp\/v2\/types\/product"}],"wp:featuredmedia":[{"embeddable":true,"href":"https:\/\/www.positivitee.sk\/index.php\/wp-json\/wp\/v2\/media\/5237"}],"wp:attachment":[{"href":"https:\/\/www.positivitee.sk\/index.php\/wp-json\/wp\/v2\/media?parent=4294"}],"wp:term":[{"taxonomy":"product_brand","embeddable":true,"href":"https:\/\/www.positivitee.sk\/index.php\/wp-json\/wp\/v2\/product_brand?post=4294"},{"taxonomy":"product_cat","embeddable":true,"href":"https:\/\/www.positivitee.sk\/index.php\/wp-json\/wp\/v2\/product_cat?post=4294"},{"taxonomy":"product_tag","embeddable":true,"href":"https:\/\/www.positivitee.sk\/index.php\/wp-json\/wp\/v2\/product_tag?post=4294"}],"curies":[{"name":"wp","href":"https:\/\/api.w.org\/{rel}","templated":true}]}}