{"id":4301,"date":"2020-09-24T07:20:26","date_gmt":"2020-09-24T07:20:26","guid":{"rendered":"https:\/\/www.positivitee.sk\/?post_type=product&#038;p=4301"},"modified":"2023-09-11T09:01:09","modified_gmt":"2023-09-11T09:01:09","slug":"dunoon-glencoe-night-sky","status":"publish","type":"product","link":"https:\/\/www.positivitee.sk\/index.php\/product\/dunoon-glencoe-night-sky\/","title":{"rendered":"Dunoon &#8211; Glencoe, Night Sky"},"content":{"rendered":"<p>Glencoe, Night Skye, 5dl.<\/p>\n<p><img loading=\"lazy\" decoding=\"async\" class=\"attachment-266x266 size-266x266\" src=\"https:\/\/www.positivitee.sk\/wp-content\/uploads\/2020\/09\/001AEEE3-1000-1000-300x300.jpg\" sizes=\"auto, (max-width: 266px) 100vw, 266px\" srcset=\"https:\/\/www.positivitee.sk\/wp-content\/uploads\/2020\/09\/001AEEE3-1000-1000-300x300.jpg 300w, https:\/\/www.positivitee.sk\/wp-content\/uploads\/2020\/09\/001AEEE3-1000-1000-150x150.jpg 150w, https:\/\/www.positivitee.sk\/wp-content\/uploads\/2020\/09\/001AEEE3-1000-1000-768x768.jpg 768w, https:\/\/www.positivitee.sk\/wp-content\/uploads\/2020\/09\/001AEEE3-1000-1000-324x324.jpg 324w, https:\/\/www.positivitee.sk\/wp-content\/uploads\/2020\/09\/001AEEE3-1000-1000-416x416.jpg 416w, https:\/\/www.positivitee.sk\/wp-content\/uploads\/2020\/09\/001AEEE3-1000-1000-100x100.jpg 100w, https:\/\/www.positivitee.sk\/wp-content\/uploads\/2020\/09\/001AEEE3-1000-1000.jpg 1000w\" alt=\"\" width=\"266\" height=\"266\" \/><\/p>\n<p>V\u00fd\u0161ka 152 mm, priemer 100 mm. V dar\u010dekovej krabi\u010dke.<br \/>\nTento objemn\u00fd tvar, pomenovan\u00fd pod\u013ea \u0161k\u00f3tkych glenov (\u00fadol\u00ed) je jedn\u00fdm z prv\u00fdch tvarov v ponuke zna\u010dky DUNOON. St\u00e1le patr\u00ed medzi najpopul\u00e1rnej\u0161ie aj kv\u00f4li svojim datailne prepracovan\u00fdm edudukat\u00edvnym a informat\u00edvnym vzorom. Tvar Glencoe je charakteristick\u00fd roz\u0161\u00edren\u00fdm vrchom a silnou pohodlnou r\u00fa\u010dkou na dr\u017eanie.<br \/>\n&#8218;Night Sky&#8216; je kr\u00e1snou \u0161\u00e1lkou s no\u010dnou oblohou od Caroline Dadd. Astronomick\u00fd zoznam nebesk\u00fdch telies vr\u00e1tane hviezd a \u010diernych dier, hlavn\u00e9 s\u00fahvezdia severnej a ju\u017enej pologule.<\/p>\n<p><a href=\"https:\/\/www.dunoonmugs.co.uk\/\" target=\"_blank\" rel=\"noopener noreferrer\"><br \/>\n<img decoding=\"async\" src=\"https:\/\/www.positivitee.sk\/img\/Dunoon\/Dunoon-logo-small.jpg\" alt=\"Dunoon Mugs\" \/><br \/>\n<\/a><\/p>\n","protected":false},"excerpt":{"rendered":"<p>Glencoe, Night Sky, 5 dl.<\/p>\n","protected":false},"featured_media":4302,"template":"","meta":{"jetpack_post_was_ever_published":false,"jetpack_publicize_message":"","jetpack_publicize_feature_enabled":true,"jetpack_social_post_already_shared":true,"jetpack_social_options":{"image_generator_settings":{"template":"highway","default_image_id":0,"font":"","enabled":false},"version":2}},"product_brand":[],"product_cat":[63,107],"product_tag":[],"class_list":{"0":"post-4301","1":"product","2":"type-product","3":"status-publish","4":"has-post-thumbnail","6":"product_cat-dunoon","7":"product_cat-glencoe-0-5l","9":"first","10":"outofstock","11":"shipping-taxable","12":"purchasable","13":"product-type-simple"},"jetpack_publicize_connections":[],"jetpack_sharing_enabled":true,"_links":{"self":[{"href":"https:\/\/www.positivitee.sk\/index.php\/wp-json\/wp\/v2\/product\/4301","targetHints":{"allow":["GET"]}}],"collection":[{"href":"https:\/\/www.positivitee.sk\/index.php\/wp-json\/wp\/v2\/product"}],"about":[{"href":"https:\/\/www.positivitee.sk\/index.php\/wp-json\/wp\/v2\/types\/product"}],"wp:featuredmedia":[{"embeddable":true,"href":"https:\/\/www.positivitee.sk\/index.php\/wp-json\/wp\/v2\/media\/4302"}],"wp:attachment":[{"href":"https:\/\/www.positivitee.sk\/index.php\/wp-json\/wp\/v2\/media?parent=4301"}],"wp:term":[{"taxonomy":"product_brand","embeddable":true,"href":"https:\/\/www.positivitee.sk\/index.php\/wp-json\/wp\/v2\/product_brand?post=4301"},{"taxonomy":"product_cat","embeddable":true,"href":"https:\/\/www.positivitee.sk\/index.php\/wp-json\/wp\/v2\/product_cat?post=4301"},{"taxonomy":"product_tag","embeddable":true,"href":"https:\/\/www.positivitee.sk\/index.php\/wp-json\/wp\/v2\/product_tag?post=4301"}],"curies":[{"name":"wp","href":"https:\/\/api.w.org\/{rel}","templated":true}]}}