{"id":4310,"date":"2020-09-26T07:15:43","date_gmt":"2020-09-26T07:15:43","guid":{"rendered":"https:\/\/www.positivitee.sk\/?post_type=product&#038;p=4310"},"modified":"2022-12-07T16:39:01","modified_gmt":"2022-12-07T16:39:01","slug":"premium-tea-telo-a-dusa-100g","status":"publish","type":"product","link":"https:\/\/www.positivitee.sk\/index.php\/product\/premium-tea-telo-a-dusa-100g\/","title":{"rendered":"Premium Tea &#8211; TELO A DU\u0160A, 90 g"},"content":{"rendered":"<p><code>6671 TELO A DU\u0160A<\/code>, 90 g.<\/p>\n<p><img loading=\"lazy\" decoding=\"async\" class=\"attachment-266x266 size-266x266\" src=\"https:\/\/www.positivitee.sk\/wp-content\/uploads\/2020\/09\/00-06671-300x300.jpg\" sizes=\"auto, (max-width: 266px) 100vw, 266px\" srcset=\"https:\/\/www.positivitee.sk\/wp-content\/uploads\/2020\/09\/00-06671-300x300.jpg 300w, https:\/\/www.positivitee.sk\/wp-content\/uploads\/2020\/09\/00-06671-150x150.jpg 150w, https:\/\/www.positivitee.sk\/wp-content\/uploads\/2020\/09\/00-06671-324x324.jpg 324w, https:\/\/www.positivitee.sk\/wp-content\/uploads\/2020\/09\/00-06671-100x100.jpg 100w, https:\/\/www.positivitee.sk\/wp-content\/uploads\/2020\/09\/00-06671.jpg 340w\" alt=\"\" width=\"266\" height=\"266\" \/><\/p>\n<p>Osvie\u017euj\u00faco relaxa\u010dn\u00e1 zmes k\u00faskov jab\u013a\u010dok, cit\u00f3novej tr\u00e1vy, m\u00e4ty piepornej, \u0161\u00edpok, k\u00f4ry citr\u00f3nu a kamiliek. Sen\u017ea\u010dne vybalancovan\u00e1 chu\u0165.\u00a0 Svetl\u00fd n\u00e1poj bylinkovo ovocn\u00e9ho charakteru povzbud\u00ed a uvo\u013en\u00ed z\u00e1rove\u0148. Optim\u00e1lna kombin\u00e1cia pre\u00a0 telo a du\u0161u. Detoxikuje telo nako\u013eko m\u00e1 deuretick\u00e9 \u00fa\u010dinky, \u00fa\u010dinne bojuje proti infekci\u00e1m, bojuje proti \u017eal\u00fado\u010dnej nevo\u013enosti, uvo\u013enuje svaly a nervy &#8211; napom\u00e1ha proti nespavosti, napom\u00e1ha pri respira\u010dn\u00fdch \u0165a\u017ekostiach, zni\u017euje hor\u00fa\u010dku, je \u00fa\u010dinna v boji s nadv\u00e1hou, posil\u0148uje imunitu.<\/p>\n<p>Zlo\u017eenie: k\u00fasky jab\u013a\u010dok, citr\u00f3nov\u00e1 tr\u00e1va,m\u00e4ta pieporn\u00e1, kamilky, k\u00f4ra citr\u00f3nu, \u0161\u00edpky<\/p>\n<p>Pr\u00edprava: 1-2 \u010dajov\u00fa ly\u017ei\u010dku (2g) \u010daju zalejeme 2,5dl vriacej vody. L\u00fahujte 5 a\u017e 8 min\u00fat<\/p>\n","protected":false},"excerpt":{"rendered":"<p><code>6671 TELO A DU\u0160A<\/code>, 90 g.<\/p>\n","protected":false},"featured_media":4311,"template":"","meta":{"jetpack_post_was_ever_published":false,"jetpack_publicize_message":"","jetpack_publicize_feature_enabled":true,"jetpack_social_post_already_shared":true,"jetpack_social_options":{"image_generator_settings":{"template":"highway","default_image_id":0,"font":"","enabled":false},"version":2}},"product_brand":[],"product_cat":[74,50],"product_tag":[],"class_list":{"0":"post-4310","1":"product","2":"type-product","3":"status-publish","4":"has-post-thumbnail","6":"product_cat-bylinkove","7":"product_cat-premium-caje","9":"first","10":"instock","11":"shipping-taxable","12":"purchasable","13":"product-type-simple"},"jetpack_publicize_connections":[],"jetpack_sharing_enabled":true,"_links":{"self":[{"href":"https:\/\/www.positivitee.sk\/index.php\/wp-json\/wp\/v2\/product\/4310","targetHints":{"allow":["GET"]}}],"collection":[{"href":"https:\/\/www.positivitee.sk\/index.php\/wp-json\/wp\/v2\/product"}],"about":[{"href":"https:\/\/www.positivitee.sk\/index.php\/wp-json\/wp\/v2\/types\/product"}],"wp:featuredmedia":[{"embeddable":true,"href":"https:\/\/www.positivitee.sk\/index.php\/wp-json\/wp\/v2\/media\/4311"}],"wp:attachment":[{"href":"https:\/\/www.positivitee.sk\/index.php\/wp-json\/wp\/v2\/media?parent=4310"}],"wp:term":[{"taxonomy":"product_brand","embeddable":true,"href":"https:\/\/www.positivitee.sk\/index.php\/wp-json\/wp\/v2\/product_brand?post=4310"},{"taxonomy":"product_cat","embeddable":true,"href":"https:\/\/www.positivitee.sk\/index.php\/wp-json\/wp\/v2\/product_cat?post=4310"},{"taxonomy":"product_tag","embeddable":true,"href":"https:\/\/www.positivitee.sk\/index.php\/wp-json\/wp\/v2\/product_tag?post=4310"}],"curies":[{"name":"wp","href":"https:\/\/api.w.org\/{rel}","templated":true}]}}