{"id":4312,"date":"2020-09-26T08:16:40","date_gmt":"2020-09-26T08:16:40","guid":{"rendered":"https:\/\/www.positivitee.sk\/?post_type=product&#038;p=4312"},"modified":"2024-12-04T13:49:30","modified_gmt":"2024-12-04T13:49:30","slug":"trendglas-jena-salka-so-sitkom-a-podsalkou-tea-time-04-l","status":"publish","type":"product","link":"https:\/\/www.positivitee.sk\/index.php\/product\/trendglas-jena-salka-so-sitkom-a-podsalkou-tea-time-04-l\/","title":{"rendered":"Trendglas Jena &#8211; \u0160\u00e1lka so s\u00edtkom a pod\u0161\u00e1lkou TEA TIME 0,4 L"},"content":{"rendered":"<p>\u0160\u00e1lka so s\u00edtkom a pod\u0161\u00e1lkou TEA TIME 0,4 l<\/p>\n<p><img loading=\"lazy\" decoding=\"async\" class=\"attachment-266x266 size-266x266\" src=\"https:\/\/www.positivitee.sk\/wp-content\/uploads\/2020\/09\/Teetasse-TEA-TIME-S-0-3l-220204_2-324x324.jpg\" sizes=\"auto, (max-width: 266px) 100vw, 266px\" srcset=\"https:\/\/www.positivitee.sk\/wp-content\/uploads\/2020\/09\/Teetasse-TEA-TIME-S-0-3l-220204_2-324x324.jpg 324w, https:\/\/www.positivitee.sk\/wp-content\/uploads\/2020\/09\/Teetasse-TEA-TIME-S-0-3l-220204_2-150x150.jpg 150w, https:\/\/www.positivitee.sk\/wp-content\/uploads\/2020\/09\/Teetasse-TEA-TIME-S-0-3l-220204_2-100x100.jpg 100w\" alt=\"\" width=\"266\" height=\"266\" \/><\/p>\n<p>\u0160\u00e1lka tradi\u010dnej nemeckej zna\u010dky Trendglas Jena Gmbh, objem 0,4 litra s jemne tkan\u00fdm, hlbok\u00fdm antikorov\u00fdm integrovan\u00fdm s\u00edtkom.<\/p>\n<p>Sodno-v\u00e1penato-kremi\u010dit\u00e9 sklo, z ktor\u00e9ho je vyroben\u00e9 telo \u0161\u00e1lky, je v\u00f4bec najodolnej\u0161ie sklo vo\u010di vysok\u00fdm teplot\u00e1m a je vhodn\u00e9 do um\u00fdva\u010dky riadu aj do mikrovlnky (vrchn\u00e1k nie).<\/p>\n<p>S\u00fa\u010das\u0165ou je certifik\u00e1t p\u00f4vodu v\u00fdroku.<\/p>\n<p><a href=\"http:\/\/www.trendglas-jena.com\/\" target=\"_blank\" rel=\"noopener noreferrer\"><br \/>\n<img decoding=\"async\" src=\"https:\/\/www.positivitee.sk\/img\/Trendglas\/logo.png\" alt=\"Trendglas Jena\" \/><br \/>\n<\/a><\/p>\n","protected":false},"excerpt":{"rendered":"<p>\u0160\u00e1lka so s\u00edtkom a pod\u0161\u00e1lkou TEA TIME 0,4 L<\/p>\n","protected":false},"featured_media":4313,"template":"","meta":{"jetpack_post_was_ever_published":false,"jetpack_publicize_message":"","jetpack_publicize_feature_enabled":true,"jetpack_social_post_already_shared":true,"jetpack_social_options":{"image_generator_settings":{"template":"highway","default_image_id":0,"font":"","enabled":false},"version":2}},"product_brand":[],"product_cat":[84],"product_tag":[],"class_list":{"0":"post-4312","1":"product","2":"type-product","3":"status-publish","4":"has-post-thumbnail","6":"product_cat-trendglas-jena","8":"first","9":"instock","10":"shipping-taxable","11":"purchasable","12":"product-type-simple"},"jetpack_publicize_connections":[],"jetpack_sharing_enabled":true,"_links":{"self":[{"href":"https:\/\/www.positivitee.sk\/index.php\/wp-json\/wp\/v2\/product\/4312","targetHints":{"allow":["GET"]}}],"collection":[{"href":"https:\/\/www.positivitee.sk\/index.php\/wp-json\/wp\/v2\/product"}],"about":[{"href":"https:\/\/www.positivitee.sk\/index.php\/wp-json\/wp\/v2\/types\/product"}],"wp:featuredmedia":[{"embeddable":true,"href":"https:\/\/www.positivitee.sk\/index.php\/wp-json\/wp\/v2\/media\/4313"}],"wp:attachment":[{"href":"https:\/\/www.positivitee.sk\/index.php\/wp-json\/wp\/v2\/media?parent=4312"}],"wp:term":[{"taxonomy":"product_brand","embeddable":true,"href":"https:\/\/www.positivitee.sk\/index.php\/wp-json\/wp\/v2\/product_brand?post=4312"},{"taxonomy":"product_cat","embeddable":true,"href":"https:\/\/www.positivitee.sk\/index.php\/wp-json\/wp\/v2\/product_cat?post=4312"},{"taxonomy":"product_tag","embeddable":true,"href":"https:\/\/www.positivitee.sk\/index.php\/wp-json\/wp\/v2\/product_tag?post=4312"}],"curies":[{"name":"wp","href":"https:\/\/api.w.org\/{rel}","templated":true}]}}