{"id":432,"date":"2019-04-13T19:15:47","date_gmt":"2019-04-13T19:15:47","guid":{"rendered":"http:\/\/www.positivitee.sk\/?post_type=product&#038;p=432"},"modified":"2024-09-30T17:43:58","modified_gmt":"2024-09-30T17:43:58","slug":"dolfin-vyber-6-tabuliek-o-hmotnosti-10g","status":"publish","type":"product","link":"https:\/\/www.positivitee.sk\/index.php\/product\/dolfin-vyber-6-tabuliek-o-hmotnosti-10g\/","title":{"rendered":"Dolfin &#8211; V\u00fdber 6 tabuliek o hmotnosti 10g, 6 pr\u00edchut\u00ed"},"content":{"rendered":"<p><code>DO2515<\/code>V\u00fdber 6 tabuliek o hmotnosti 10g, 6 pr\u00edchut\u00ed, 60g.<\/p>\n<p><img loading=\"lazy\" decoding=\"async\" class=\"attachment-266x266 size-266x266\" src=\"https:\/\/www.positivitee.sk\/wp-content\/uploads\/2019\/04\/box6_10g-300x300.png\" sizes=\"auto, (max-width: 266px) 100vw, 266px\" srcset=\"https:\/\/www.positivitee.sk\/wp-content\/uploads\/2019\/04\/box6_10g-300x300.png 300w, https:\/\/www.positivitee.sk\/wp-content\/uploads\/2019\/04\/box6_10g-150x150.png 150w, https:\/\/www.positivitee.sk\/wp-content\/uploads\/2019\/04\/box6_10g-100x100.png 100w, https:\/\/www.positivitee.sk\/wp-content\/uploads\/2019\/04\/box6_10g.png 320w\" alt=\"\" width=\"266\" height=\"266\" \/><\/p>\n<p>Obsah kaka: 38% v mlie\u010dnej \u010dokol\u00e1de, v tmavej \u010dokol\u00e1de 60% a 88%.<br \/>\nZlo\u017eenie: kakaov\u00e1 hmota, cukor, kakaov\u00e9 maslo, plnotu\u010dn\u00e9 pr\u00e1\u0161kov\u00e9 mlieko, karamel (cukor, gluk\u00f3za, kondenzovan\u00e9 mlieko, so\u013e z Gu\u00e9rande), spculoos (p\u0161eni\u010dn\u00e1 m\u00faka, trstinov\u00fd cukor, rastlinn\u00fd olej \u2013 palmov\u00fd a slne\u010dnicov\u00fd, s\u00f3jov\u00e1 m\u00faka, s\u00f3da bikarb\u00f3na, \u0161korica), lieskovce, mandle, emulg\u00e1tor: s\u00f3jov\u00fd lecit\u00edn, pr\u00edrodn\u00e1 pomaran\u010dov\u00e1 pr\u00edchu\u0165, pr\u00edrodn\u00e1 vanilkov\u00e1 pr\u00edchu\u0165.<\/p>\n<p>Alerg\u00e9ny: obsahuje <strong>s\u00f3ju<\/strong>, <strong>lieskovce<\/strong>, <strong>mandle<\/strong>, <strong>p\u0161enicu<\/strong> a <strong>mlieko<\/strong>. M\u00f4\u017ee obsahova\u0165 stopy \u010fal\u0161\u00edch <strong>orechov<\/strong> a <strong>vaj\u00ed\u010dok<\/strong>.<\/p>\n<p>Krajina p\u00f4vodu: Belgicko.<\/p>\n<p><a href=\"http:\/\/www.dolfin.be\/\" target=\"_blank\" rel=\"noopener noreferrer\"><br \/>\n<img decoding=\"async\" src=\"https:\/\/www.positivitee.sk\/img\/Dolfin\/dolfin_logo_7.jpg\" alt=\"Dolfin - The Art of Blending\" \/><br \/>\n<\/a><\/p>\n","protected":false},"excerpt":{"rendered":"<p>DO2515 V\u00fdber 6 tabuliek o hmotnosti 10g, 6 pr\u00edchut\u00ed, 60g.<\/p>\n","protected":false},"featured_media":434,"template":"","meta":{"jetpack_post_was_ever_published":false,"jetpack_publicize_message":"","jetpack_publicize_feature_enabled":true,"jetpack_social_post_already_shared":true,"jetpack_social_options":{"image_generator_settings":{"template":"highway","default_image_id":0,"font":"","enabled":false},"version":2}},"product_brand":[],"product_cat":[40],"product_tag":[],"class_list":{"0":"post-432","1":"product","2":"type-product","3":"status-publish","4":"has-post-thumbnail","6":"product_cat-rucne-robene-cukrovinky-z-belgicka","8":"first","9":"instock","10":"shipping-taxable","11":"purchasable","12":"product-type-simple"},"jetpack_publicize_connections":[],"jetpack_sharing_enabled":true,"_links":{"self":[{"href":"https:\/\/www.positivitee.sk\/index.php\/wp-json\/wp\/v2\/product\/432","targetHints":{"allow":["GET"]}}],"collection":[{"href":"https:\/\/www.positivitee.sk\/index.php\/wp-json\/wp\/v2\/product"}],"about":[{"href":"https:\/\/www.positivitee.sk\/index.php\/wp-json\/wp\/v2\/types\/product"}],"wp:featuredmedia":[{"embeddable":true,"href":"https:\/\/www.positivitee.sk\/index.php\/wp-json\/wp\/v2\/media\/434"}],"wp:attachment":[{"href":"https:\/\/www.positivitee.sk\/index.php\/wp-json\/wp\/v2\/media?parent=432"}],"wp:term":[{"taxonomy":"product_brand","embeddable":true,"href":"https:\/\/www.positivitee.sk\/index.php\/wp-json\/wp\/v2\/product_brand?post=432"},{"taxonomy":"product_cat","embeddable":true,"href":"https:\/\/www.positivitee.sk\/index.php\/wp-json\/wp\/v2\/product_cat?post=432"},{"taxonomy":"product_tag","embeddable":true,"href":"https:\/\/www.positivitee.sk\/index.php\/wp-json\/wp\/v2\/product_tag?post=432"}],"curies":[{"name":"wp","href":"https:\/\/api.w.org\/{rel}","templated":true}]}}