{"id":4321,"date":"2020-09-27T11:31:40","date_gmt":"2020-09-27T11:31:40","guid":{"rendered":"https:\/\/www.positivitee.sk\/?post_type=product&#038;p=4321"},"modified":"2026-01-22T18:35:10","modified_gmt":"2026-01-22T18:35:10","slug":"premium-tea-caj-na-dobre-rano-100g","status":"publish","type":"product","link":"https:\/\/www.positivitee.sk\/index.php\/product\/premium-tea-caj-na-dobre-rano-100g\/","title":{"rendered":"Premium Tea &#8211; \u010cAJ NA DOBR\u00c9 R\u00c1NO, 80g"},"content":{"rendered":"<p><code>6121 \u010cAJ NA DOBR\u00c9 R\u00c1NO<\/code>, 80g.<\/p>\n<p><img loading=\"lazy\" decoding=\"async\" class=\"attachment-266x266 size-266x266\" src=\"https:\/\/www.positivitee.sk\/wp-content\/uploads\/2020\/09\/00-06129_stamm_1-300x300.jpg\" sizes=\"auto, (max-width: 266px) 100vw, 266px\" srcset=\"https:\/\/www.positivitee.sk\/wp-content\/uploads\/2020\/09\/00-06129_stamm_1-300x300.jpg 300w, https:\/\/www.positivitee.sk\/wp-content\/uploads\/2020\/09\/00-06129_stamm_1-150x150.jpg 150w, https:\/\/www.positivitee.sk\/wp-content\/uploads\/2020\/09\/00-06129_stamm_1-324x324.jpg 324w, https:\/\/www.positivitee.sk\/wp-content\/uploads\/2020\/09\/00-06129_stamm_1-100x100.jpg 100w, https:\/\/www.positivitee.sk\/wp-content\/uploads\/2020\/09\/00-06129_stamm_1.jpg 340w\" alt=\"\" width=\"266\" height=\"266\" \/><\/p>\n<p>Optim\u00e1lny recept kombinuj\u00faci vysokokvalitn\u00e9 ingrediencie; m\u00e4tu, citr\u00f3nov\u00fa tr\u00e1vu, ibi\u0161tek poskytuje pr\u00edjemn\u00fa zmes osvie\u017euj\u00faceho charakteru . Ide\u00e1lny n\u00e1poj na r\u00e1no, \u0161tart nov\u00e9ho dna.<\/p>\n<p>Zlo\u017eenie:\u00a0 m\u00e4ta pieporn\u00e1, citr\u00f3nov\u00e1 tr\u00e1va, ibi\u0161tek<\/p>\n<p>Pr\u00edprava: 1-2 \u010dajov\u00fa ly\u017ei\u010dku (2g) \u010daju zalejeme 2,5dl vriacej vody. L\u00fahujte 5 a\u017e 8 min\u00fat<\/p>\n","protected":false},"excerpt":{"rendered":"<p><code>6121 \u010cAJ NA DOBR\u00c9 R\u00c1NO<\/code>, 80g.<\/p>\n","protected":false},"featured_media":4322,"template":"","meta":{"jetpack_post_was_ever_published":false,"jetpack_publicize_message":"","jetpack_publicize_feature_enabled":true,"jetpack_social_post_already_shared":true,"jetpack_social_options":{"image_generator_settings":{"template":"highway","default_image_id":0,"font":"","enabled":false},"version":2}},"product_brand":[],"product_cat":[74,50],"product_tag":[],"class_list":{"0":"post-4321","1":"product","2":"type-product","3":"status-publish","4":"has-post-thumbnail","6":"product_cat-bylinkove","7":"product_cat-premium-caje","9":"first","10":"instock","11":"shipping-taxable","12":"purchasable","13":"product-type-simple"},"jetpack_publicize_connections":[],"jetpack_sharing_enabled":true,"_links":{"self":[{"href":"https:\/\/www.positivitee.sk\/index.php\/wp-json\/wp\/v2\/product\/4321","targetHints":{"allow":["GET"]}}],"collection":[{"href":"https:\/\/www.positivitee.sk\/index.php\/wp-json\/wp\/v2\/product"}],"about":[{"href":"https:\/\/www.positivitee.sk\/index.php\/wp-json\/wp\/v2\/types\/product"}],"wp:featuredmedia":[{"embeddable":true,"href":"https:\/\/www.positivitee.sk\/index.php\/wp-json\/wp\/v2\/media\/4322"}],"wp:attachment":[{"href":"https:\/\/www.positivitee.sk\/index.php\/wp-json\/wp\/v2\/media?parent=4321"}],"wp:term":[{"taxonomy":"product_brand","embeddable":true,"href":"https:\/\/www.positivitee.sk\/index.php\/wp-json\/wp\/v2\/product_brand?post=4321"},{"taxonomy":"product_cat","embeddable":true,"href":"https:\/\/www.positivitee.sk\/index.php\/wp-json\/wp\/v2\/product_cat?post=4321"},{"taxonomy":"product_tag","embeddable":true,"href":"https:\/\/www.positivitee.sk\/index.php\/wp-json\/wp\/v2\/product_tag?post=4321"}],"curies":[{"name":"wp","href":"https:\/\/api.w.org\/{rel}","templated":true}]}}