{"id":4344,"date":"2020-10-18T18:31:28","date_gmt":"2020-10-18T18:31:28","guid":{"rendered":"https:\/\/www.positivitee.sk\/?post_type=product&#038;p=4344"},"modified":"2026-04-08T07:17:49","modified_gmt":"2026-04-08T07:17:49","slug":"rocca-pate-zo-zelenych-oliv","status":"publish","type":"product","link":"https:\/\/www.positivitee.sk\/index.php\/product\/rocca-pate-zo-zelenych-oliv\/","title":{"rendered":"Rocca &#8211; Pat\u00e9 zo zelen\u00fdch ol\u00edv"},"content":{"rendered":"<p><code>S802<\/code>Lahodn\u00e9, kr\u00e9mov\u00e9 pat\u00e9 z jemn\u00fdch zelen\u00fdch ol\u00edv s extra panensk\u00fdm olivov\u00fdm olejom. Senza\u010dn\u00e9 ako n\u00e1tierka na krostiny, dip alebo v om\u00e1\u010dkach (110g).<\/p>\n<p><img loading=\"lazy\" decoding=\"async\" class=\"attachment-266x266 size-266x266\" src=\"https:\/\/www.positivitee.sk\/wp-content\/uploads\/2020\/10\/djkgbgljnkgfmphh.png\" sizes=\"auto, (max-width: 266px) 100vw, 266px\" srcset=\"https:\/\/www.positivitee.sk\/wp-content\/uploads\/2020\/10\/djkgbgljnkgfmphh.png 486w, https:\/\/www.positivitee.sk\/wp-content\/uploads\/2020\/10\/djkgbgljnkgfmphh-300x188.png 300w, https:\/\/www.positivitee.sk\/wp-content\/uploads\/2020\/10\/djkgbgljnkgfmphh-416x260.png 416w\" alt=\"\" width=\"266\" height=\"166\" \/><\/p>\n<p>\u010cist\u00e1 hmotnost 110g.<\/p>\n<p>Zlo\u017eenie: du\u017eina zelen\u00fdch ol\u00edv 95 %, olivov\u00fd olej EV, so\u013e<\/p>\n<p>Nutri\u010dn\u00e9 hodnoty na 100 g produktu: energia 252 kcal\/1039 kJ, tuky 25 g, z toho nas\u00fdten\u00e9 3,6 g, uh\u013eohydr\u00e1ty 4,0 g, z toho cukry 3,9 g, bielkoviny 2,7 g, so\u013e 1,5 g<\/p>\n<p><a href=\"https:\/\/rocca1870.it\/\" target=\"_blank\" rel=\"noopener noreferrer\"><br \/>\n<img decoding=\"async\" src=\"https:\/\/www.positivitee.sk\/img\/Rocca\/rocca-nuovo_300x300.png\" alt=\"Rocca Luigi &amp; Figlio srl\" \/><br \/>\n<\/a><\/p>\n","protected":false},"excerpt":{"rendered":"<p>S802 Pat\u00e9 z jemn\u00fdch zelen\u00fdch ol\u00edv s extra panensk\u00fdm olivov\u00fdm olejom, 110g.<\/p>\n","protected":false},"featured_media":4346,"template":"","meta":{"jetpack_post_was_ever_published":false,"jetpack_publicize_message":"","jetpack_publicize_feature_enabled":true,"jetpack_social_post_already_shared":true,"jetpack_social_options":{"image_generator_settings":{"template":"highway","default_image_id":0,"font":"","enabled":false},"version":2}},"product_brand":[],"product_cat":[46],"product_tag":[],"class_list":{"0":"post-4344","1":"product","2":"type-product","3":"status-publish","4":"has-post-thumbnail","6":"product_cat-talianske-pochutky","8":"first","9":"instock","10":"shipping-taxable","11":"purchasable","12":"product-type-simple"},"jetpack_publicize_connections":[],"jetpack_sharing_enabled":true,"_links":{"self":[{"href":"https:\/\/www.positivitee.sk\/index.php\/wp-json\/wp\/v2\/product\/4344","targetHints":{"allow":["GET"]}}],"collection":[{"href":"https:\/\/www.positivitee.sk\/index.php\/wp-json\/wp\/v2\/product"}],"about":[{"href":"https:\/\/www.positivitee.sk\/index.php\/wp-json\/wp\/v2\/types\/product"}],"wp:featuredmedia":[{"embeddable":true,"href":"https:\/\/www.positivitee.sk\/index.php\/wp-json\/wp\/v2\/media\/4346"}],"wp:attachment":[{"href":"https:\/\/www.positivitee.sk\/index.php\/wp-json\/wp\/v2\/media?parent=4344"}],"wp:term":[{"taxonomy":"product_brand","embeddable":true,"href":"https:\/\/www.positivitee.sk\/index.php\/wp-json\/wp\/v2\/product_brand?post=4344"},{"taxonomy":"product_cat","embeddable":true,"href":"https:\/\/www.positivitee.sk\/index.php\/wp-json\/wp\/v2\/product_cat?post=4344"},{"taxonomy":"product_tag","embeddable":true,"href":"https:\/\/www.positivitee.sk\/index.php\/wp-json\/wp\/v2\/product_tag?post=4344"}],"curies":[{"name":"wp","href":"https:\/\/api.w.org\/{rel}","templated":true}]}}