{"id":4359,"date":"2020-10-31T15:50:28","date_gmt":"2020-10-31T15:50:28","guid":{"rendered":"https:\/\/www.positivitee.sk\/?post_type=product&#038;p=4359"},"modified":"2026-01-26T19:49:13","modified_gmt":"2026-01-26T19:49:13","slug":"premium-tea-biela-cucoriedka","status":"publish","type":"product","link":"https:\/\/www.positivitee.sk\/index.php\/product\/premium-tea-biela-cucoriedka\/","title":{"rendered":"Premium Tea &#8211; BIELA \u010cU\u010cORIEDKA"},"content":{"rendered":"<p>2571 BIELA \u010cU\u010cORIEDKA, 100g.<\/p>\n<div class=\"desc_short\"><\/div>\n<div class=\"zutaten\"><\/div>\n<div class=\"zutaten\">\n<p><img loading=\"lazy\" decoding=\"async\" class=\"attachment-266x266 size-266x266\" src=\"https:\/\/www.positivitee.sk\/wp-content\/uploads\/2020\/10\/cucoriedka-300x300.jpg\" sizes=\"auto, (max-width: 266px) 100vw, 266px\" srcset=\"https:\/\/www.positivitee.sk\/wp-content\/uploads\/2020\/10\/cucoriedka-300x300.jpg 300w, https:\/\/www.positivitee.sk\/wp-content\/uploads\/2020\/10\/cucoriedka-150x150.jpg 150w, https:\/\/www.positivitee.sk\/wp-content\/uploads\/2020\/10\/cucoriedka-324x324.jpg 324w, https:\/\/www.positivitee.sk\/wp-content\/uploads\/2020\/10\/cucoriedka-100x100.jpg 100w, https:\/\/www.positivitee.sk\/wp-content\/uploads\/2020\/10\/cucoriedka.jpg 340w\" alt=\"\" width=\"266\" height=\"266\" \/><\/p>\n<\/div>\n<p>&nbsp;<\/p>\n<p>Biely \u010daj s prekr\u00e1snymi kvetinami slezu, \u010du\u010doriedkami a pr\u00edrodnou ar\u00f3mou.\u00a0 Senza\u010dne n\u00e1poj s &#8222;very berry&#8220;\u00a0 nuansami. Ko\u0161\u00edk bobu\u013eov\u00e9ho ovocia v \u0161alke.<\/p>\n<p>Zlo\u017eenie: indick\u00fd biely \u010daj, kvety slezu, \u010du\u010doriedky, pr\u00edrodn\u00e1 ar\u00f3ma<\/p>\n<p>Pr\u00edprava: 1 polievkov\u00fa ly\u017eicu (2g) \u010daju zalejeme 2,5dl vody 80\u00b0C. L\u00fahujte 2 minuty.<\/p>\n","protected":false},"excerpt":{"rendered":"<p>2571 BIELA \u010cU\u010cORIEDKA, 100g.<\/p>\n","protected":false},"featured_media":4360,"template":"","meta":{"jetpack_post_was_ever_published":false,"jetpack_publicize_message":"","jetpack_publicize_feature_enabled":true,"jetpack_social_post_already_shared":true,"jetpack_social_options":{"image_generator_settings":{"template":"highway","default_image_id":0,"font":"","enabled":false},"version":2}},"product_brand":[],"product_cat":[71,50],"product_tag":[],"class_list":{"0":"post-4359","1":"product","2":"type-product","3":"status-publish","4":"has-post-thumbnail","6":"product_cat-biele","7":"product_cat-premium-caje","9":"first","10":"outofstock","11":"shipping-taxable","12":"purchasable","13":"product-type-simple"},"jetpack_publicize_connections":[],"jetpack_sharing_enabled":true,"_links":{"self":[{"href":"https:\/\/www.positivitee.sk\/index.php\/wp-json\/wp\/v2\/product\/4359","targetHints":{"allow":["GET"]}}],"collection":[{"href":"https:\/\/www.positivitee.sk\/index.php\/wp-json\/wp\/v2\/product"}],"about":[{"href":"https:\/\/www.positivitee.sk\/index.php\/wp-json\/wp\/v2\/types\/product"}],"wp:featuredmedia":[{"embeddable":true,"href":"https:\/\/www.positivitee.sk\/index.php\/wp-json\/wp\/v2\/media\/4360"}],"wp:attachment":[{"href":"https:\/\/www.positivitee.sk\/index.php\/wp-json\/wp\/v2\/media?parent=4359"}],"wp:term":[{"taxonomy":"product_brand","embeddable":true,"href":"https:\/\/www.positivitee.sk\/index.php\/wp-json\/wp\/v2\/product_brand?post=4359"},{"taxonomy":"product_cat","embeddable":true,"href":"https:\/\/www.positivitee.sk\/index.php\/wp-json\/wp\/v2\/product_cat?post=4359"},{"taxonomy":"product_tag","embeddable":true,"href":"https:\/\/www.positivitee.sk\/index.php\/wp-json\/wp\/v2\/product_tag?post=4359"}],"curies":[{"name":"wp","href":"https:\/\/api.w.org\/{rel}","templated":true}]}}