{"id":4364,"date":"2020-10-31T16:14:45","date_gmt":"2020-10-31T16:14:45","guid":{"rendered":"https:\/\/www.positivitee.sk\/?post_type=product&#038;p=4364"},"modified":"2026-01-26T19:49:43","modified_gmt":"2026-01-26T19:49:43","slug":"premium-tea-bio-biely-pai-mu-tan","status":"publish","type":"product","link":"https:\/\/www.positivitee.sk\/index.php\/product\/premium-tea-bio-biely-pai-mu-tan\/","title":{"rendered":"Premium Tea &#8211; BIO BIELY PAI MU TAN"},"content":{"rendered":"<p>1781 BIO BIELY PAI MU TAN, 100g.<\/p>\n<div class=\"desc_short\"><\/div>\n<div class=\"zutaten\"><img loading=\"lazy\" decoding=\"async\" class=\"attachment-266x266 size-266x266\" src=\"https:\/\/www.positivitee.sk\/wp-content\/uploads\/2020\/10\/00-01781_stamm-300x300.jpg\" sizes=\"auto, (max-width: 266px) 100vw, 266px\" srcset=\"https:\/\/www.positivitee.sk\/wp-content\/uploads\/2020\/10\/00-01781_stamm-300x300.jpg 300w, https:\/\/www.positivitee.sk\/wp-content\/uploads\/2020\/10\/00-01781_stamm-150x150.jpg 150w, https:\/\/www.positivitee.sk\/wp-content\/uploads\/2020\/10\/00-01781_stamm-324x324.jpg 324w, https:\/\/www.positivitee.sk\/wp-content\/uploads\/2020\/10\/00-01781_stamm-100x100.jpg 100w, https:\/\/www.positivitee.sk\/wp-content\/uploads\/2020\/10\/00-01781_stamm.jpg 340w\" alt=\"\" width=\"266\" height=\"266\" \/><\/div>\n<p>&nbsp;<\/p>\n<div class=\"icons\"><\/div>\n<div class=\"zutaten\">\n<div class=\"zutaten\"><\/div>\n<\/div>\n<p>Skvel\u00e1 \u010dajov\u00e1 \u0161pecialita z \u010c\u00edny. Objemn\u00e9 striebrist\u00e9, biele a zelen\u00e9 l\u00edstky z organick\u00e9ho pestovania. N\u00e1poj jemnej, hladkej chute, svetlej farby. Mimoriadne pr\u00edjemne natur\u00e1lne t\u00f3ny.<\/p>\n<p>Zlo\u017eenie: \u010d\u00ednsky biely \u010daj<\/p>\n<p>Pr\u00edprava: 1 polievkov\u00fa ly\u017eicu (2g) \u010daju zalejeme 2,5dl vody 80\u00b0C. L\u00fahujte 2 minuty.<\/p>\n","protected":false},"excerpt":{"rendered":"<p>1781 BIO BIELY PAI MU TAN, 100g.<\/p>\n","protected":false},"featured_media":4365,"template":"","meta":{"jetpack_post_was_ever_published":false,"jetpack_publicize_message":"","jetpack_publicize_feature_enabled":true,"jetpack_social_post_already_shared":true,"jetpack_social_options":{"image_generator_settings":{"template":"highway","default_image_id":0,"font":"","enabled":false},"version":2}},"product_brand":[],"product_cat":[71,50],"product_tag":[],"class_list":{"0":"post-4364","1":"product","2":"type-product","3":"status-publish","4":"has-post-thumbnail","6":"product_cat-biele","7":"product_cat-premium-caje","9":"first","10":"instock","11":"shipping-taxable","12":"purchasable","13":"product-type-simple"},"jetpack_publicize_connections":[],"jetpack_sharing_enabled":true,"_links":{"self":[{"href":"https:\/\/www.positivitee.sk\/index.php\/wp-json\/wp\/v2\/product\/4364","targetHints":{"allow":["GET"]}}],"collection":[{"href":"https:\/\/www.positivitee.sk\/index.php\/wp-json\/wp\/v2\/product"}],"about":[{"href":"https:\/\/www.positivitee.sk\/index.php\/wp-json\/wp\/v2\/types\/product"}],"wp:featuredmedia":[{"embeddable":true,"href":"https:\/\/www.positivitee.sk\/index.php\/wp-json\/wp\/v2\/media\/4365"}],"wp:attachment":[{"href":"https:\/\/www.positivitee.sk\/index.php\/wp-json\/wp\/v2\/media?parent=4364"}],"wp:term":[{"taxonomy":"product_brand","embeddable":true,"href":"https:\/\/www.positivitee.sk\/index.php\/wp-json\/wp\/v2\/product_brand?post=4364"},{"taxonomy":"product_cat","embeddable":true,"href":"https:\/\/www.positivitee.sk\/index.php\/wp-json\/wp\/v2\/product_cat?post=4364"},{"taxonomy":"product_tag","embeddable":true,"href":"https:\/\/www.positivitee.sk\/index.php\/wp-json\/wp\/v2\/product_tag?post=4364"}],"curies":[{"name":"wp","href":"https:\/\/api.w.org\/{rel}","templated":true}]}}