{"id":4366,"date":"2020-10-31T19:22:41","date_gmt":"2020-10-31T19:22:41","guid":{"rendered":"https:\/\/www.positivitee.sk\/?post_type=product&#038;p=4366"},"modified":"2024-10-28T13:43:56","modified_gmt":"2024-10-28T13:43:56","slug":"premium-tea-japan-genmaicha-100-g","status":"publish","type":"product","link":"https:\/\/www.positivitee.sk\/index.php\/product\/premium-tea-japan-genmaicha-100-g\/","title":{"rendered":"Premium Tea &#8211;  Japan Genmaicha, 100 g"},"content":{"rendered":"<p>3351 Japan Genmaicha, 100 g<\/p>\n<p><img loading=\"lazy\" decoding=\"async\" class=\"attachment-266x266 size-266x266\" src=\"https:\/\/www.positivitee.sk\/wp-content\/uploads\/2020\/10\/00-03351_stamm_1-300x300.jpg\" sizes=\"auto, (max-width: 266px) 100vw, 266px\" srcset=\"https:\/\/www.positivitee.sk\/wp-content\/uploads\/2020\/10\/00-03351_stamm_1-300x300.jpg 300w, https:\/\/www.positivitee.sk\/wp-content\/uploads\/2020\/10\/00-03351_stamm_1-150x150.jpg 150w, https:\/\/www.positivitee.sk\/wp-content\/uploads\/2020\/10\/00-03351_stamm_1-324x324.jpg 324w, https:\/\/www.positivitee.sk\/wp-content\/uploads\/2020\/10\/00-03351_stamm_1-100x100.jpg 100w, https:\/\/www.positivitee.sk\/wp-content\/uploads\/2020\/10\/00-03351_stamm_1.jpg 340w\" alt=\"\" width=\"266\" height=\"266\" \/><\/p>\n<p>Japonsk\u00fd zelen\u00fd \u010daj je kombin\u00e1ciou pr\u00e9miov\u00e9ho Sencha \u010daju a restovan\u00fdch z\u0155n ry\u017ee. Ry\u017ea sa primie\u0161ava k \u010daju v priebehu schnutia a v\u00e4dnutia l\u00edstkov \u010dajovn\u00edka a n\u00e1sledne sa t\u00e1to zmes restuje na wokoch.\u00a0 Osobit\u00e1, pr\u00edjemne restovan\u00e1, nasl\u00e1dla jemne trpk\u00e1 chu\u0165. Senza\u010dn\u00fd k jedl\u00e1m z r\u00fdb, vr\u00e1tane sushi.<\/p>\n<p>Zlo\u017eenie: japonk\u00fd zelen\u00fd \u010daj, ry\u017ea<\/p>\n<p>Pr\u00edprava: 1 \u010dajov\u00fa ly\u017ei\u010dku (2g) \u010daju zalejeme 2,5dl vody 80\u00b0C. L\u00fahujte 2 min\u00faty.<\/p>\n","protected":false},"excerpt":{"rendered":"<p>3351 Japan Genmaicha, 100 g<\/p>\n","protected":false},"featured_media":4367,"template":"","meta":{"jetpack_post_was_ever_published":false,"jetpack_publicize_message":"","jetpack_publicize_feature_enabled":true,"jetpack_social_post_already_shared":true,"jetpack_social_options":{"image_generator_settings":{"template":"highway","default_image_id":0,"font":"","enabled":false},"version":2}},"product_brand":[],"product_cat":[50,70],"product_tag":[],"class_list":{"0":"post-4366","1":"product","2":"type-product","3":"status-publish","4":"has-post-thumbnail","6":"product_cat-premium-caje","7":"product_cat-zelene","9":"first","10":"instock","11":"shipping-taxable","12":"purchasable","13":"product-type-simple"},"jetpack_publicize_connections":[],"jetpack_sharing_enabled":true,"_links":{"self":[{"href":"https:\/\/www.positivitee.sk\/index.php\/wp-json\/wp\/v2\/product\/4366","targetHints":{"allow":["GET"]}}],"collection":[{"href":"https:\/\/www.positivitee.sk\/index.php\/wp-json\/wp\/v2\/product"}],"about":[{"href":"https:\/\/www.positivitee.sk\/index.php\/wp-json\/wp\/v2\/types\/product"}],"wp:featuredmedia":[{"embeddable":true,"href":"https:\/\/www.positivitee.sk\/index.php\/wp-json\/wp\/v2\/media\/4367"}],"wp:attachment":[{"href":"https:\/\/www.positivitee.sk\/index.php\/wp-json\/wp\/v2\/media?parent=4366"}],"wp:term":[{"taxonomy":"product_brand","embeddable":true,"href":"https:\/\/www.positivitee.sk\/index.php\/wp-json\/wp\/v2\/product_brand?post=4366"},{"taxonomy":"product_cat","embeddable":true,"href":"https:\/\/www.positivitee.sk\/index.php\/wp-json\/wp\/v2\/product_cat?post=4366"},{"taxonomy":"product_tag","embeddable":true,"href":"https:\/\/www.positivitee.sk\/index.php\/wp-json\/wp\/v2\/product_tag?post=4366"}],"curies":[{"name":"wp","href":"https:\/\/api.w.org\/{rel}","templated":true}]}}