{"id":4422,"date":"2020-11-07T10:34:19","date_gmt":"2020-11-07T10:34:19","guid":{"rendered":"https:\/\/www.positivitee.sk\/?post_type=product&#038;p=4422"},"modified":"2025-09-10T08:37:52","modified_gmt":"2025-09-10T08:37:52","slug":"premium-tea-organic-japan-matcha-daily-100-g","status":"publish","type":"product","link":"https:\/\/www.positivitee.sk\/index.php\/product\/premium-tea-organic-japan-matcha-daily-100-g\/","title":{"rendered":"Premium Tea &#8211; ORGANIC JAPAN MATCHA DAILY, 100 g"},"content":{"rendered":"<p><code>97321<\/code>ORGANIC JAPAN MATCHA DAILY, 100 g<\/p>\n<p><img loading=\"lazy\" decoding=\"async\" class=\"attachment-266x266 size-266x266\" src=\"https:\/\/www.positivitee.sk\/wp-content\/uploads\/2020\/11\/00-97321-300x300.jpg\" sizes=\"auto, (max-width: 266px) 100vw, 266px\" srcset=\"https:\/\/www.positivitee.sk\/wp-content\/uploads\/2020\/11\/00-97321-300x300.jpg 300w, https:\/\/www.positivitee.sk\/wp-content\/uploads\/2020\/11\/00-97321-150x150.jpg 150w, https:\/\/www.positivitee.sk\/wp-content\/uploads\/2020\/11\/00-97321-324x324.jpg 324w, https:\/\/www.positivitee.sk\/wp-content\/uploads\/2020\/11\/00-97321-100x100.jpg 100w, https:\/\/www.positivitee.sk\/wp-content\/uploads\/2020\/11\/00-97321.jpg 340w\" alt=\"\" width=\"266\" height=\"266\" \/><\/p>\n<p>Vynikaj\u00faci zelen\u00fd \u010daj z organick\u00e9ho pestovania z prefekt\u00fary Aichi v Japonsku na ka\u017edodenn\u00e9 pop\u00edjanie, na pr\u00edprav\u00fa matcha latte a in\u00fdch matcha n\u00e1pojov.<\/p>\n<p>MATCHA, jemne mlet\u00fd zelen\u00fd \u010daj kr\u00e1snej smaragdovej farby. Vyr\u00e1ba sa z vysokokvalitn\u00fdch \u010dajov\u00fdch len mlad\u00fdch\u00a0 l\u00edstkov dopestovan\u00fdch v polotieni.<\/p>\n<p>\u010cajov\u00e9 kr\u00edky s\u00fa \u010diasto\u010dne zatienen\u00e9, nie s\u00fa vystaven\u00e9 priamemu slne\u010dn\u00e9mu \u017eiareniu. V d\u00f4sledku toho sa spomal\u00ed ich rast, stimuluje sa tvorba chlorofylu a aminokysel\u00edn. Dopestovan\u00e9 l\u00edstky s\u00fa men\u0161ie, maj\u00fa tmav\u0161iu zelen\u00fa farbu. MATCHA je bohat\u00e1 na vitam\u00edn A, C, E, K . Okrem in\u00e9ho obsahuje stopy sel\u00e9nu, zinku, hor\u010d\u00edka. M\u00e1 pribli\u017ene 130 kr\u00e1t viacej antioxidantov ne\u017e tradi\u010dn\u00fd zelen\u00fd \u010daj.<br \/>\nPr\u00edtomnos\u0165 niektor\u00fdch aminokysel\u00edn v MATCHA z nej robia multi nutri\u010dn\u00fd n\u00e1poj.<\/p>\n<p>MATCHA je bohat\u00e1 na antioxidanty, jej konzum\u00e1cia je v\u00fdbornou prevenciou onkologick\u00fdch ochoren\u00ed, zlep\u0161uje ment\u00e1lnu \u010dulos\u0165 a n\u00e1ladu, podporuje za\u017e\u00edvani zlep\u0161uje stav poko\u017eky, posil\u0148uje imunitu.Bojuje proti infekci\u00e1m a v\u00edrusom. Udr\u017euje n\u00e1s kardiovaskul\u00e1rny syst\u00e9m v perfektnom stave, napom\u00e1ha tr\u00e1veniu a je to neocenite\u013en\u00fd zdroj energie. Skladujte dobre uzavret\u00e9 v chladni\u010dke.<\/p>\n<p>Zlo\u017eenie: japonsk\u00fd zelen\u00fd \u010daj<\/p>\n<p>Pr\u00edprava: 1 g \u010daju zalejeme 100 ml vody teploty 80\u00b0C v miske a vymie\u0161ame do peny metli\u010dkou Chasen.<\/p>\n","protected":false},"excerpt":{"rendered":"<p><code>97321<\/code>ORGANIC JAPAN MATCHA DAILY, 100 g<\/p>\n","protected":false},"featured_media":4423,"template":"","meta":{"jetpack_post_was_ever_published":false,"jetpack_publicize_message":"","jetpack_publicize_feature_enabled":true,"jetpack_social_post_already_shared":true,"jetpack_social_options":{"image_generator_settings":{"template":"highway","default_image_id":0,"font":"","enabled":false},"version":2}},"product_brand":[],"product_cat":[50,70],"product_tag":[],"class_list":{"0":"post-4422","1":"product","2":"type-product","3":"status-publish","4":"has-post-thumbnail","6":"product_cat-premium-caje","7":"product_cat-zelene","9":"first","10":"instock","11":"shipping-taxable","12":"purchasable","13":"product-type-simple"},"jetpack_publicize_connections":[],"jetpack_sharing_enabled":true,"_links":{"self":[{"href":"https:\/\/www.positivitee.sk\/index.php\/wp-json\/wp\/v2\/product\/4422","targetHints":{"allow":["GET"]}}],"collection":[{"href":"https:\/\/www.positivitee.sk\/index.php\/wp-json\/wp\/v2\/product"}],"about":[{"href":"https:\/\/www.positivitee.sk\/index.php\/wp-json\/wp\/v2\/types\/product"}],"wp:featuredmedia":[{"embeddable":true,"href":"https:\/\/www.positivitee.sk\/index.php\/wp-json\/wp\/v2\/media\/4423"}],"wp:attachment":[{"href":"https:\/\/www.positivitee.sk\/index.php\/wp-json\/wp\/v2\/media?parent=4422"}],"wp:term":[{"taxonomy":"product_brand","embeddable":true,"href":"https:\/\/www.positivitee.sk\/index.php\/wp-json\/wp\/v2\/product_brand?post=4422"},{"taxonomy":"product_cat","embeddable":true,"href":"https:\/\/www.positivitee.sk\/index.php\/wp-json\/wp\/v2\/product_cat?post=4422"},{"taxonomy":"product_tag","embeddable":true,"href":"https:\/\/www.positivitee.sk\/index.php\/wp-json\/wp\/v2\/product_tag?post=4422"}],"curies":[{"name":"wp","href":"https:\/\/api.w.org\/{rel}","templated":true}]}}