{"id":4458,"date":"2020-11-12T15:23:40","date_gmt":"2020-11-12T15:23:40","guid":{"rendered":"https:\/\/www.positivitee.sk\/?post_type=product&#038;p=4458"},"modified":"2023-10-17T06:16:12","modified_gmt":"2023-10-17T06:16:12","slug":"trendglas-jena-cajnik-lumos-12l","status":"publish","type":"product","link":"https:\/\/www.positivitee.sk\/index.php\/product\/trendglas-jena-cajnik-lumos-12l\/","title":{"rendered":"Trendglas Jena &#8211; \u010cajn\u00edk LUMOS, 1,2l"},"content":{"rendered":"<p>121 013 \u010cajn\u00edk LUMOS , 1,2l.<\/p>\n<p><img loading=\"lazy\" decoding=\"async\" class=\"attachment-266x266 size-266x266\" src=\"https:\/\/www.positivitee.sk\/wp-content\/uploads\/2020\/11\/121013-300x300.jpg\" sizes=\"auto, (max-width: 266px) 100vw, 266px\" srcset=\"https:\/\/www.positivitee.sk\/wp-content\/uploads\/2020\/11\/121013-300x300.jpg 300w, https:\/\/www.positivitee.sk\/wp-content\/uploads\/2020\/11\/121013-150x150.jpg 150w, https:\/\/www.positivitee.sk\/wp-content\/uploads\/2020\/11\/121013-768x768.jpg 768w, https:\/\/www.positivitee.sk\/wp-content\/uploads\/2020\/11\/121013-324x324.jpg 324w, https:\/\/www.positivitee.sk\/wp-content\/uploads\/2020\/11\/121013-416x416.jpg 416w, https:\/\/www.positivitee.sk\/wp-content\/uploads\/2020\/11\/121013-100x100.jpg 100w, https:\/\/www.positivitee.sk\/wp-content\/uploads\/2020\/11\/121013.jpg 1000w\" alt=\"\" width=\"266\" height=\"266\" \/><\/p>\n<p>Designov\u00fd \u010dajn\u00edk tradi\u010dnej nemeckej zna\u010dky Trendglas Jena Gmbh, objem 1,2 litra s antikorov\u00fdm ohrieva\u010dom na \u010dajov\u00fd svie\u010dku.<\/p>\n<p>Sodno-v\u00e1penato-kremi\u010dit\u00e9 sklo, z ktor\u00e9ho je vyroben\u00e9 telo \u010dajn\u00edka, je v\u00f4bec najodolnej\u0161ie sklo vo\u010di vysok\u00fdm teplot\u00e1m a je vhodn\u00e9 do um\u00fdva\u010dky riadu aj do mikrovlnky (vrchn\u00e1k nie).<\/p>\n<p><strong>Rozmery: <\/strong><span class=\"HBT\">131 mm | 180 mm | 270 mm<\/span><\/p>\n<p>S\u00fa\u010das\u0165ou je certifik\u00e1t p\u00f4vodu v\u00fdroku.<\/p>\n<p><a href=\"http:\/\/www.trendglas-jena.com\/\" target=\"_blank\" rel=\"noopener noreferrer\"><br \/>\n<img decoding=\"async\" src=\"https:\/\/www.positivitee.sk\/img\/Trendglas\/logo.png\" alt=\"Trendglas Jena\" \/><br \/>\n<\/a><\/p>\n","protected":false},"excerpt":{"rendered":"<p>121 013 \u010cajn\u00edk LUMOS , 1,2l.<\/p>\n","protected":false},"featured_media":4461,"template":"","meta":{"jetpack_post_was_ever_published":false,"jetpack_publicize_message":"","jetpack_publicize_feature_enabled":true,"jetpack_social_post_already_shared":true,"jetpack_social_options":{"image_generator_settings":{"template":"highway","default_image_id":0,"font":"","enabled":false},"version":2}},"product_brand":[],"product_cat":[84],"product_tag":[],"class_list":{"0":"post-4458","1":"product","2":"type-product","3":"status-publish","4":"has-post-thumbnail","6":"product_cat-trendglas-jena","8":"first","9":"outofstock","10":"shipping-taxable","11":"purchasable","12":"product-type-simple"},"jetpack_publicize_connections":[],"jetpack_sharing_enabled":true,"_links":{"self":[{"href":"https:\/\/www.positivitee.sk\/index.php\/wp-json\/wp\/v2\/product\/4458","targetHints":{"allow":["GET"]}}],"collection":[{"href":"https:\/\/www.positivitee.sk\/index.php\/wp-json\/wp\/v2\/product"}],"about":[{"href":"https:\/\/www.positivitee.sk\/index.php\/wp-json\/wp\/v2\/types\/product"}],"wp:featuredmedia":[{"embeddable":true,"href":"https:\/\/www.positivitee.sk\/index.php\/wp-json\/wp\/v2\/media\/4461"}],"wp:attachment":[{"href":"https:\/\/www.positivitee.sk\/index.php\/wp-json\/wp\/v2\/media?parent=4458"}],"wp:term":[{"taxonomy":"product_brand","embeddable":true,"href":"https:\/\/www.positivitee.sk\/index.php\/wp-json\/wp\/v2\/product_brand?post=4458"},{"taxonomy":"product_cat","embeddable":true,"href":"https:\/\/www.positivitee.sk\/index.php\/wp-json\/wp\/v2\/product_cat?post=4458"},{"taxonomy":"product_tag","embeddable":true,"href":"https:\/\/www.positivitee.sk\/index.php\/wp-json\/wp\/v2\/product_tag?post=4458"}],"curies":[{"name":"wp","href":"https:\/\/api.w.org\/{rel}","templated":true}]}}