{"id":4469,"date":"2020-11-13T15:21:21","date_gmt":"2020-11-13T15:21:21","guid":{"rendered":"https:\/\/www.positivitee.sk\/?post_type=product&#038;p=4469"},"modified":"2023-10-17T06:16:58","modified_gmt":"2023-10-17T06:16:58","slug":"trendglas-jena-for-two-set-pour-over-0-5-litra","status":"publish","type":"product","link":"https:\/\/www.positivitee.sk\/index.php\/product\/trendglas-jena-for-two-set-pour-over-0-5-litra\/","title":{"rendered":"Trendglas Jena &#8211;  FOR TWO &#8211; set &#8222;Pour Over&#8220; 0.5 litra"},"content":{"rendered":"<p>220044\u00a0FOR TWO &#8211; set &#8222;Pour Over&#8220; s antikorov\u00fdm filtrom, objem 0,5 litra<\/p>\n<p><img loading=\"lazy\" decoding=\"async\" class=\"attachment-266x266 size-266x266\" src=\"https:\/\/www.positivitee.sk\/wp-content\/uploads\/2020\/11\/220044-300x300.jpg\" sizes=\"auto, (max-width: 266px) 100vw, 266px\" srcset=\"https:\/\/www.positivitee.sk\/wp-content\/uploads\/2020\/11\/220044-300x300.jpg 300w, https:\/\/www.positivitee.sk\/wp-content\/uploads\/2020\/11\/220044-150x150.jpg 150w, https:\/\/www.positivitee.sk\/wp-content\/uploads\/2020\/11\/220044-324x324.jpg 324w, https:\/\/www.positivitee.sk\/wp-content\/uploads\/2020\/11\/220044-416x416.jpg 416w, https:\/\/www.positivitee.sk\/wp-content\/uploads\/2020\/11\/220044-100x100.jpg 100w, https:\/\/www.positivitee.sk\/wp-content\/uploads\/2020\/11\/220044.jpg 585w\" alt=\"\" width=\"266\" height=\"266\" \/><\/p>\n<p>Produkt nemeckej zna\u010dky Trendglas Jena Gmbh, objem 0,5 litra s jemne vrtan\u00fdm, hlbok\u00fdm antikorov\u00fdm filtrom.<\/p>\n<p>Sodno-v\u00e1penato-kremi\u010dit\u00e9 sklo, z ktor\u00e9ho je vyroben\u00e9 telo n\u00e1doby, je v\u00f4bec najodolnej\u0161ie sklo vo\u010di vysok\u00fdm teplot\u00e1m a je vhodn\u00e9 do um\u00fdva\u010dky riadu aj do mikrovlnky .<\/p>\n<p>FOR TWO &#8211; set &#8222;Pour Over&#8220; s antikorov\u00fdm filtrom 0,5 litras antikorov\u00fdm filtrom na pr\u00edpravu najlahodnej\u0161ej k\u00e1vy v dom\u00e1com prostred\u00ed alebo v kaviarni. Tvar karafy a filtra je navrhnut\u00fd a vyroben\u00fd tak, aby zaru\u010dil vynikaj\u00facu extrakciu, chu\u0165 a ar\u00f3mu k\u00e1vy.<\/p>\n<p><strong>Rozmery: <\/strong><span class=\"HBT\">186 mm | 100 mm | 135mm<\/span><\/p>\n<p>S\u00fa\u010das\u0165ou je certifik\u00e1t p\u00f4vodu v\u00fdroku.<\/p>\n<p><a href=\"http:\/\/www.trendglas-jena.com\/\" target=\"_blank\" rel=\"noopener noreferrer\"><br \/>\n<img decoding=\"async\" src=\"https:\/\/www.positivitee.sk\/img\/Trendglas\/logo.png\" alt=\"Trendglas Jena\" \/><br \/>\n<\/a><\/p>\n","protected":false},"excerpt":{"rendered":"<p>220044 FOR TWO &#8211; set &#8222;Pour Over&#8220; s antikorov\u00fdm filtrom, objem 0,5 litra<\/p>\n","protected":false},"featured_media":4471,"template":"","meta":{"jetpack_post_was_ever_published":false,"jetpack_publicize_message":"","jetpack_publicize_feature_enabled":true,"jetpack_social_post_already_shared":true,"jetpack_social_options":{"image_generator_settings":{"template":"highway","default_image_id":0,"font":"","enabled":false},"version":2}},"product_brand":[],"product_cat":[84],"product_tag":[],"class_list":{"0":"post-4469","1":"product","2":"type-product","3":"status-publish","4":"has-post-thumbnail","6":"product_cat-trendglas-jena","8":"first","9":"outofstock","10":"shipping-taxable","11":"purchasable","12":"product-type-simple"},"jetpack_publicize_connections":[],"jetpack_sharing_enabled":true,"_links":{"self":[{"href":"https:\/\/www.positivitee.sk\/index.php\/wp-json\/wp\/v2\/product\/4469","targetHints":{"allow":["GET"]}}],"collection":[{"href":"https:\/\/www.positivitee.sk\/index.php\/wp-json\/wp\/v2\/product"}],"about":[{"href":"https:\/\/www.positivitee.sk\/index.php\/wp-json\/wp\/v2\/types\/product"}],"wp:featuredmedia":[{"embeddable":true,"href":"https:\/\/www.positivitee.sk\/index.php\/wp-json\/wp\/v2\/media\/4471"}],"wp:attachment":[{"href":"https:\/\/www.positivitee.sk\/index.php\/wp-json\/wp\/v2\/media?parent=4469"}],"wp:term":[{"taxonomy":"product_brand","embeddable":true,"href":"https:\/\/www.positivitee.sk\/index.php\/wp-json\/wp\/v2\/product_brand?post=4469"},{"taxonomy":"product_cat","embeddable":true,"href":"https:\/\/www.positivitee.sk\/index.php\/wp-json\/wp\/v2\/product_cat?post=4469"},{"taxonomy":"product_tag","embeddable":true,"href":"https:\/\/www.positivitee.sk\/index.php\/wp-json\/wp\/v2\/product_tag?post=4469"}],"curies":[{"name":"wp","href":"https:\/\/api.w.org\/{rel}","templated":true}]}}