{"id":447,"date":"2019-04-14T21:27:10","date_gmt":"2019-04-14T21:27:10","guid":{"rendered":"http:\/\/www.positivitee.sk\/?post_type=product&#038;p=447"},"modified":"2025-05-15T08:12:07","modified_gmt":"2025-05-15T08:12:07","slug":"dolfin-sucre-sale","status":"publish","type":"product","link":"https:\/\/www.positivitee.sk\/index.php\/product\/dolfin-sucre-sale\/","title":{"rendered":"Dolfin &#8211; Sucr\u00e9-sal\u00e9, V\u00fdber 24 tabuliek o hmotnosti 5g, 4 pr\u00edchut\u00ed, 120g."},"content":{"rendered":"<p><code>DO4006<\/code>Sucr\u00e9-sal\u00e9, V\u00fdber 24 tabuliek o hmotnosti 5g, 4 pr\u00edchut\u00ed, 120g.<\/p>\n<p><img decoding=\"async\" src=\"https:\/\/www.positivitee.sk\/wp-content\/uploads\/2019\/04\/sucre_sale_24_2.jpg\" \/><\/p>\n<p>Minim\u00e1lny obsah kakaa: 38% v mlie\u010dnej \u010dokol\u00e1de (podiel mlieka 17,8%), v tmavej \u010dokol\u00e1de 60% a 70%.<br \/>\nZlo\u017eenie: kakaov\u00e1 hmota, cukor, kakaov\u00e9 maslo, plnotu\u010dn\u00e9 pr\u00e1\u0161kov\u00e9 mlieko, odtu\u010dnen\u00e9 kakao, dulce de leche (srv\u00e1tka, maslo, maltodextr\u00edn, cukor, odtu\u010dnen\u00e9 mlieko, pr\u00edrodna ar\u00f3ma), buriz\u00f3ny (ry\u017eov\u00e1 m\u00faka, cukor, p\u0161eni\u010dn\u00fd lepok, palmov\u00fd olej, p\u0161eni\u010dn\u00fd slad, so\u013e), k\u00fasky kakaov\u00fdch b\u00f4bov, slan\u00fd karamel (cukor, kluk\u00f3za, kondenzovan\u00e9 mlieko, Guerande so\u013e), fleur de sel, drobn\u00e9 ovocie (jahody, maliny, \u010derven\u00e9 a \u010dierne r\u00edbezle), \u013eanov\u00e9 semienka, pr\u00edrodn\u00e1 pr\u00edchu\u0165 \u010diernych r\u00edbezl\u00ed, pr\u00edrodn\u00e1 vanilkov\u00e1 pr\u00edchu\u0165, emulg\u00e1tor: s\u00f3jov\u00fd lecit\u00edn.<br \/>\nAlerg\u00e9ny: obsahuje <strong>s\u00f3ju<\/strong>, <strong>mlieko<\/strong> a <strong>p\u0161enice<\/strong>. M\u00f4\u017ee obsahova\u0165 stopy <strong>orechov<\/strong> a <strong>vaj\u00ed\u010dok<\/strong>.<\/p>\n<p>Krajina p\u00f4vodu: Belgicko.<\/p>\n<p>Cena 63,33 \u20ac\/kilo<\/p>\n<p><a href=\"http:\/\/www.dolfin.be\/\" target=\"_blank\" rel=\"noopener noreferrer\"><br \/>\n<img decoding=\"async\" src=\"https:\/\/www.positivitee.sk\/img\/Dolfin\/dolfin_logo_7.jpg\" alt=\"Dolfin - The Art of Blending\" \/><br \/>\n<\/a><\/p>\n","protected":false},"excerpt":{"rendered":"<p>DO4006 Sucr\u00e9-sal\u00e9, V\u00fdber 24 tabuliek o hmotnosti 5g, 4 pr\u00edchut\u00ed, 120g.<\/p>\n","protected":false},"featured_media":4637,"template":"","meta":{"jetpack_post_was_ever_published":false,"jetpack_publicize_message":"","jetpack_publicize_feature_enabled":true,"jetpack_social_post_already_shared":true,"jetpack_social_options":{"image_generator_settings":{"template":"highway","default_image_id":0,"font":"","enabled":false},"version":2}},"product_brand":[],"product_cat":[40],"product_tag":[],"class_list":{"0":"post-447","1":"product","2":"type-product","3":"status-publish","4":"has-post-thumbnail","6":"product_cat-rucne-robene-cukrovinky-z-belgicka","8":"first","9":"instock","10":"shipping-taxable","11":"purchasable","12":"product-type-simple"},"jetpack_publicize_connections":[],"jetpack_sharing_enabled":true,"_links":{"self":[{"href":"https:\/\/www.positivitee.sk\/index.php\/wp-json\/wp\/v2\/product\/447","targetHints":{"allow":["GET"]}}],"collection":[{"href":"https:\/\/www.positivitee.sk\/index.php\/wp-json\/wp\/v2\/product"}],"about":[{"href":"https:\/\/www.positivitee.sk\/index.php\/wp-json\/wp\/v2\/types\/product"}],"wp:featuredmedia":[{"embeddable":true,"href":"https:\/\/www.positivitee.sk\/index.php\/wp-json\/wp\/v2\/media\/4637"}],"wp:attachment":[{"href":"https:\/\/www.positivitee.sk\/index.php\/wp-json\/wp\/v2\/media?parent=447"}],"wp:term":[{"taxonomy":"product_brand","embeddable":true,"href":"https:\/\/www.positivitee.sk\/index.php\/wp-json\/wp\/v2\/product_brand?post=447"},{"taxonomy":"product_cat","embeddable":true,"href":"https:\/\/www.positivitee.sk\/index.php\/wp-json\/wp\/v2\/product_cat?post=447"},{"taxonomy":"product_tag","embeddable":true,"href":"https:\/\/www.positivitee.sk\/index.php\/wp-json\/wp\/v2\/product_tag?post=447"}],"curies":[{"name":"wp","href":"https:\/\/api.w.org\/{rel}","templated":true}]}}