{"id":4479,"date":"2020-11-15T19:47:55","date_gmt":"2020-11-15T19:47:55","guid":{"rendered":"https:\/\/www.positivitee.sk\/?post_type=product&#038;p=4479"},"modified":"2023-10-17T06:17:51","modified_gmt":"2023-10-17T06:17:51","slug":"trendglas-jena-pretty-pot-coffee-set-0-5-litra","status":"publish","type":"product","link":"https:\/\/www.positivitee.sk\/index.php\/product\/trendglas-jena-pretty-pot-coffee-set-0-5-litra\/","title":{"rendered":"Trendglas Jena &#8211;  PRETTY POT COFFEE SET 0.5 litra"},"content":{"rendered":"<p>220303 PRETTY POT COFFEE SET 0.5 litra<\/p>\n<p><img loading=\"lazy\" decoding=\"async\" class=\"attachment-266x266 size-266x266\" src=\"https:\/\/www.positivitee.sk\/wp-content\/uploads\/2020\/11\/PRETTY-KAVA-324x324.jpg\" sizes=\"auto, (max-width: 266px) 100vw, 266px\" srcset=\"https:\/\/www.positivitee.sk\/wp-content\/uploads\/2020\/11\/PRETTY-KAVA-324x324.jpg 324w, https:\/\/www.positivitee.sk\/wp-content\/uploads\/2020\/11\/PRETTY-KAVA-150x150.jpg 150w, https:\/\/www.positivitee.sk\/wp-content\/uploads\/2020\/11\/PRETTY-KAVA-100x100.jpg 100w\" alt=\"\" width=\"266\" height=\"266\" \/><\/p>\n<p>Produkt nemeckej zna\u010dky Trendglas Jena Gmbh, objem 0,5 litra , bambusov\u00fdm adapt\u00e9rom a sklenen\u00fdm dr\u017eiakom na filter.<\/p>\n<p>Sodno-v\u00e1penato-kremi\u010dit\u00e9 sklo, z ktor\u00e9ho je vyroben\u00e9 telo n\u00e1doby, je v\u00f4bec najodolnej\u0161ie sklo vo\u010di vysok\u00fdm teplot\u00e1m <span class=\"d2edcug0 hpfvmrgz qv66sw1b c1et5uql rrkovp55 a8c37x1j keod5gw0 nxhoafnm aigsh9s9 d3f4x2em fe6kdd0r mau55g9w c8b282yb iv3no6db jq4qci2q a3bd9o3v knj5qynh oo9gr5id hzawbc8m\" dir=\"auto\"><span class=\"d2edcug0 hpfvmrgz qv66sw1b c1et5uql rrkovp55 jq4qci2q a3bd9o3v knj5qynh oo9gr5id hzawbc8m\">(do 450\u00b0C\/842\u00b0F)<\/span><\/span> a je vhodn\u00e9 do um\u00fdva\u010dky riadu aj do mikrovlnky .<\/p>\n<p>PRETTY POT COFFEE SET s bambusov\u00fdm adapt\u00e9rom a sklenen\u00fdm dr\u017eiakom na filter na pr\u00edpravu najlahodnej\u0161ej k\u00e1vy v dom\u00e1com prostred\u00ed, kancel\u00e1rii alebo v kaviarni. Tvar karafy a filtra je navrhnut\u00fd a vyroben\u00fd tak, aby zaru\u010dil vynikaj\u00facu extrakciu, chu\u0165 a ar\u00f3mu k\u00e1vy.<\/p>\n<p><strong>Rozmery: <\/strong><span class=\"HBT\">90 mm | 160 mm | 120 mm<br \/>\n<\/span><\/p>\n<p>S\u00fa\u010das\u0165ou je certifik\u00e1t p\u00f4vodu v\u00fdroku.<\/p>\n<p><a href=\"http:\/\/www.trendglas-jena.com\/\" target=\"_blank\" rel=\"noopener noreferrer\"><br \/>\n<img decoding=\"async\" src=\"https:\/\/www.positivitee.sk\/img\/Trendglas\/logo.png\" alt=\"Trendglas Jena\" \/><br \/>\n<\/a><\/p>\n","protected":false},"excerpt":{"rendered":"<p>220303 PRETTY POT COFFEE SET 0.5 litra<\/p>\n","protected":false},"featured_media":4480,"template":"","meta":{"jetpack_post_was_ever_published":false,"jetpack_publicize_message":"","jetpack_publicize_feature_enabled":true,"jetpack_social_post_already_shared":true,"jetpack_social_options":{"image_generator_settings":{"template":"highway","default_image_id":0,"font":"","enabled":false},"version":2}},"product_brand":[],"product_cat":[84],"product_tag":[],"class_list":{"0":"post-4479","1":"product","2":"type-product","3":"status-publish","4":"has-post-thumbnail","6":"product_cat-trendglas-jena","8":"first","9":"outofstock","10":"shipping-taxable","11":"purchasable","12":"product-type-simple"},"jetpack_publicize_connections":[],"jetpack_sharing_enabled":true,"_links":{"self":[{"href":"https:\/\/www.positivitee.sk\/index.php\/wp-json\/wp\/v2\/product\/4479","targetHints":{"allow":["GET"]}}],"collection":[{"href":"https:\/\/www.positivitee.sk\/index.php\/wp-json\/wp\/v2\/product"}],"about":[{"href":"https:\/\/www.positivitee.sk\/index.php\/wp-json\/wp\/v2\/types\/product"}],"wp:featuredmedia":[{"embeddable":true,"href":"https:\/\/www.positivitee.sk\/index.php\/wp-json\/wp\/v2\/media\/4480"}],"wp:attachment":[{"href":"https:\/\/www.positivitee.sk\/index.php\/wp-json\/wp\/v2\/media?parent=4479"}],"wp:term":[{"taxonomy":"product_brand","embeddable":true,"href":"https:\/\/www.positivitee.sk\/index.php\/wp-json\/wp\/v2\/product_brand?post=4479"},{"taxonomy":"product_cat","embeddable":true,"href":"https:\/\/www.positivitee.sk\/index.php\/wp-json\/wp\/v2\/product_cat?post=4479"},{"taxonomy":"product_tag","embeddable":true,"href":"https:\/\/www.positivitee.sk\/index.php\/wp-json\/wp\/v2\/product_tag?post=4479"}],"curies":[{"name":"wp","href":"https:\/\/api.w.org\/{rel}","templated":true}]}}