{"id":453,"date":"2019-04-15T07:53:52","date_gmt":"2019-04-15T07:53:52","guid":{"rendered":"http:\/\/www.positivitee.sk\/?post_type=product&#038;p=453"},"modified":"2024-09-30T17:47:07","modified_gmt":"2024-09-30T17:47:07","slug":"dolfin-box-250g-dolfin","status":"publish","type":"product","link":"https:\/\/www.positivitee.sk\/index.php\/product\/dolfin-box-250g-dolfin\/","title":{"rendered":"Dolfin &#8211; Box 250g Dolfin"},"content":{"rendered":"<p><code>DO2470<\/code>Box 250g Dolfin.<img decoding=\"async\" src=\"https:\/\/www.positivitee.sk\/img\/Dolfin\/250g_dolfin_napos_web.jpg\" alt=\"Box 250g Dolfin\" \/><\/p>\n<p>Minim\u00e1lny obsah kakaa: 38% v mlie\u010dnej \u010dokol\u00e1de (podiel mlieka 17,8%), v tmavej \u010dokol\u00e1de 60% a 70%.<br \/>\nZlo\u017eenie: kakaov\u00e1 hmota, cukor, kakaov\u00e9 maslo, plnotu\u010dn\u00e9 pr\u00e1\u0161kov\u00e9 mlieko, odtu\u010dnen\u00e9 kakao, nug\u00e1t (lieskovce, cukor), k\u00e1va, emulg\u00e1tor: s\u00f3jov\u00fd lecit\u00edn, pr\u00edrodn\u00e1 pomaran\u010dov\u00e1 pr\u00edchu\u0165, pr\u00edrodn\u00e1 vanilkov\u00e1 pr\u00edchu\u0165.<\/p>\n<p>Alerg\u00e9ny:<br \/>\nMlie\u010dna \u010dokol\u00e1da: obsahuje <strong>mlieko<\/strong>, <strong>lieskovce<\/strong> a <strong>s\u00f3ju<\/strong>. M\u00f4\u017ee obsahova\u0165 stopy \u010fal\u0161\u00edch <strong>orechov<\/strong>, <strong>p\u0161enice<\/strong> a <strong>vaj\u00ed\u010dok<\/strong>.<br \/>\nTmav\u00e1 \u010dokol\u00e1da: obsahuje <strong>lieskovce<\/strong> a <strong>s\u00f3ju<\/strong>. M\u00f4\u017ee obsahova\u0165 stopy \u010fal\u0161\u00edch <strong>orechov<\/strong>, <strong>p\u0161enice<\/strong> a <strong>vaj\u00ed\u010dok<\/strong>.<\/p>\n<p>Krajina p\u00f4vodu: Belgicko.<\/p>\n<p>Cena 55,60 \u20ac\/kilo<\/p>\n<p><a href=\"http:\/\/www.dolfin.be\/\" target=\"_blank\" rel=\"noopener noreferrer\"><br \/>\n<img decoding=\"async\" src=\"https:\/\/www.positivitee.sk\/img\/Dolfin\/dolfin_logo_7.jpg\" alt=\"Dolfin - The Art of Blending\" \/><br \/>\n<\/a><\/p>\n","protected":false},"excerpt":{"rendered":"<p>DO2470 Box 250g Dolfin.<\/p>\n","protected":false},"featured_media":454,"template":"","meta":{"jetpack_post_was_ever_published":false,"jetpack_publicize_message":"","jetpack_publicize_feature_enabled":true,"jetpack_social_post_already_shared":true,"jetpack_social_options":{"image_generator_settings":{"template":"highway","default_image_id":0,"font":"","enabled":false},"version":2}},"product_brand":[],"product_cat":[40],"product_tag":[],"class_list":{"0":"post-453","1":"product","2":"type-product","3":"status-publish","4":"has-post-thumbnail","6":"product_cat-rucne-robene-cukrovinky-z-belgicka","8":"first","9":"instock","10":"shipping-taxable","11":"purchasable","12":"product-type-simple"},"jetpack_publicize_connections":[],"jetpack_sharing_enabled":true,"_links":{"self":[{"href":"https:\/\/www.positivitee.sk\/index.php\/wp-json\/wp\/v2\/product\/453","targetHints":{"allow":["GET"]}}],"collection":[{"href":"https:\/\/www.positivitee.sk\/index.php\/wp-json\/wp\/v2\/product"}],"about":[{"href":"https:\/\/www.positivitee.sk\/index.php\/wp-json\/wp\/v2\/types\/product"}],"wp:featuredmedia":[{"embeddable":true,"href":"https:\/\/www.positivitee.sk\/index.php\/wp-json\/wp\/v2\/media\/454"}],"wp:attachment":[{"href":"https:\/\/www.positivitee.sk\/index.php\/wp-json\/wp\/v2\/media?parent=453"}],"wp:term":[{"taxonomy":"product_brand","embeddable":true,"href":"https:\/\/www.positivitee.sk\/index.php\/wp-json\/wp\/v2\/product_brand?post=453"},{"taxonomy":"product_cat","embeddable":true,"href":"https:\/\/www.positivitee.sk\/index.php\/wp-json\/wp\/v2\/product_cat?post=453"},{"taxonomy":"product_tag","embeddable":true,"href":"https:\/\/www.positivitee.sk\/index.php\/wp-json\/wp\/v2\/product_tag?post=453"}],"curies":[{"name":"wp","href":"https:\/\/api.w.org\/{rel}","templated":true}]}}