{"id":4545,"date":"2020-12-01T11:51:19","date_gmt":"2020-12-01T11:51:19","guid":{"rendered":"https:\/\/www.positivitee.sk\/?post_type=product&#038;p=4545"},"modified":"2024-10-28T13:53:35","modified_gmt":"2024-10-28T13:53:35","slug":"premium-tea-rooibos-pomaranc-mata-100g","status":"publish","type":"product","link":"https:\/\/www.positivitee.sk\/index.php\/product\/premium-tea-rooibos-pomaranc-mata-100g\/","title":{"rendered":"Premium Tea &#8211; ROOIBOS POMARAN\u010c MATA, 100g"},"content":{"rendered":"<p><code>5981<\/code>ROOIBOS POMARAN\u010c MATA, 100g.<\/p>\n<p><img loading=\"lazy\" decoding=\"async\" class=\"attachment-266x266 size-266x266\" src=\"https:\/\/www.positivitee.sk\/wp-content\/uploads\/2020\/12\/00-05981_stamm_1-300x300.jpg\" sizes=\"auto, (max-width: 266px) 100vw, 266px\" srcset=\"https:\/\/www.positivitee.sk\/wp-content\/uploads\/2020\/12\/00-05981_stamm_1-300x300.jpg 300w, https:\/\/www.positivitee.sk\/wp-content\/uploads\/2020\/12\/00-05981_stamm_1-150x150.jpg 150w, https:\/\/www.positivitee.sk\/wp-content\/uploads\/2020\/12\/00-05981_stamm_1-324x324.jpg 324w, https:\/\/www.positivitee.sk\/wp-content\/uploads\/2020\/12\/00-05981_stamm_1-100x100.jpg 100w, https:\/\/www.positivitee.sk\/wp-content\/uploads\/2020\/12\/00-05981_stamm_1.jpg 340w\" alt=\"\" width=\"266\" height=\"266\" \/><\/p>\n<p>Svie\u017ea ovocn\u00e1 kombin\u00e1cia rooibosu s l\u00edstkami m\u00e4ty, pomaran\u010dovou korou, k\u00faskami jab\u013ak, ibi\u0161teka, plodov \u0161\u00edpok a lupe\u0148mi necht\u00edka. Doladen\u00e9 pr\u00edrodnou ar\u00f3mou pomaran\u010douv.<\/p>\n<p>Pln\u00e1 nasl\u00e1dla chu\u0165 rooibosu s t\u00f3nmi pomaran\u010dov.<\/p>\n<p>Chut\u00ed tepl\u00fd ale aj v podobe \u013eadov\u00e9ho \u010daju mal\u00fdm aj ve\u013ek\u00fdm.<\/p>\n<p>Zlo\u017eenie: rooibos, m\u00e4ta, pomaran\u010dov\u00e1 k\u00f4ra, k\u00fasky jab\u013ak, ibi\u0161tek, \u0161\u00edpky, necht\u00edk,\u00a0 pr\u00edrodn\u00e1 r\u00f3ma pomaran\u010dov<\/p>\n<p>Pr\u00edprava: 1 \u010dajov\u00fa ly\u017ei\u010dku (2g) \u010daju zalejeme 2,5dl vriacej vody. L\u00fahujte 5 a\u017e 8 min\u00fat.<\/p>\n","protected":false},"excerpt":{"rendered":"<p>5981 ROOIBOS POMARAN\u010c MATA, 100g.<\/p>\n","protected":false},"featured_media":4546,"template":"","meta":{"jetpack_post_was_ever_published":false,"jetpack_publicize_message":"","jetpack_publicize_feature_enabled":true,"jetpack_social_post_already_shared":true,"jetpack_social_options":{"image_generator_settings":{"template":"highway","default_image_id":0,"font":"","enabled":false},"version":2}},"product_brand":[],"product_cat":[50,73],"product_tag":[],"class_list":{"0":"post-4545","1":"product","2":"type-product","3":"status-publish","4":"has-post-thumbnail","6":"product_cat-premium-caje","7":"product_cat-rooibos","9":"first","10":"instock","11":"shipping-taxable","12":"purchasable","13":"product-type-simple"},"jetpack_publicize_connections":[],"jetpack_sharing_enabled":true,"_links":{"self":[{"href":"https:\/\/www.positivitee.sk\/index.php\/wp-json\/wp\/v2\/product\/4545","targetHints":{"allow":["GET"]}}],"collection":[{"href":"https:\/\/www.positivitee.sk\/index.php\/wp-json\/wp\/v2\/product"}],"about":[{"href":"https:\/\/www.positivitee.sk\/index.php\/wp-json\/wp\/v2\/types\/product"}],"wp:featuredmedia":[{"embeddable":true,"href":"https:\/\/www.positivitee.sk\/index.php\/wp-json\/wp\/v2\/media\/4546"}],"wp:attachment":[{"href":"https:\/\/www.positivitee.sk\/index.php\/wp-json\/wp\/v2\/media?parent=4545"}],"wp:term":[{"taxonomy":"product_brand","embeddable":true,"href":"https:\/\/www.positivitee.sk\/index.php\/wp-json\/wp\/v2\/product_brand?post=4545"},{"taxonomy":"product_cat","embeddable":true,"href":"https:\/\/www.positivitee.sk\/index.php\/wp-json\/wp\/v2\/product_cat?post=4545"},{"taxonomy":"product_tag","embeddable":true,"href":"https:\/\/www.positivitee.sk\/index.php\/wp-json\/wp\/v2\/product_tag?post=4545"}],"curies":[{"name":"wp","href":"https:\/\/api.w.org\/{rel}","templated":true}]}}