{"id":455,"date":"2019-04-16T07:46:45","date_gmt":"2019-04-16T07:46:45","guid":{"rendered":"http:\/\/www.positivitee.sk\/?post_type=product&#038;p=455"},"modified":"2024-09-30T17:29:26","modified_gmt":"2024-09-30T17:29:26","slug":"dolfin-travel-box-vyber-48-ks-tabuliek-o-hmotmosti-10g-8-prichuti","status":"publish","type":"product","link":"https:\/\/www.positivitee.sk\/index.php\/product\/dolfin-travel-box-vyber-48-ks-tabuliek-o-hmotmosti-10g-8-prichuti\/","title":{"rendered":"Dolfin &#8211; Travel box, V\u00fdber 48 ks tabuliek o hmotmosti 10g, 8 pr\u00edchut\u00ed"},"content":{"rendered":"<p><code>DO1349<\/code>Travel box, V\u00fdber 48 ks tabuliek o hmotmosti 10g, 8 pr\u00edchut\u00ed, 480g.<\/p>\n<p><img loading=\"lazy\" decoding=\"async\" class=\"attachment-266x266 size-266x266\" src=\"https:\/\/www.positivitee.sk\/wp-content\/uploads\/2019\/04\/travel-box-web.jpg\" sizes=\"auto, (max-width: 266px) 100vw, 266px\" srcset=\"https:\/\/www.positivitee.sk\/wp-content\/uploads\/2019\/04\/travel-box-web.jpg 293w, https:\/\/www.positivitee.sk\/wp-content\/uploads\/2019\/04\/travel-box-web-150x150.jpg 150w, https:\/\/www.positivitee.sk\/wp-content\/uploads\/2019\/04\/travel-box-web-100x100.jpg 100w\" alt=\"\" width=\"266\" height=\"266\" \/><\/p>\n<p>Obsah kaka: 38% v mlie\u010dnej \u010dokol\u00e1de, v tmavej \u010dokol\u00e1de 60 % a 88%.<br \/>\nZlo\u017eenie: kakaov\u00e1 hmota, cukor, kakaov\u00e9 maslo, plnotu\u010dn\u00e9 pr\u00e1\u0161kov\u00e9 mlieko, lieskovce (8%), su\u0161ienky speculoos (8%), odtu\u010dnen\u00e9 kakao, citr\u00f3n (5%), pomaran\u010d (5%), z\u00e1zvor, ru\u017eov\u00e9 korenie, emulg\u00e1tor: s\u00f3jov\u00fd lecit\u00edn, pr\u00edrodn\u00e1 pomaran\u010dov\u00e1 pr\u00edchu\u0165, pr\u00edrodn\u00e1 vanilkov\u00e1 pr\u00edchu\u0165.<\/p>\n<p>Alerg\u00e9ny: obsahuje <strong>s\u00f3ju<\/strong>, <strong>lieskovce<\/strong>, <strong>p\u0161enicu<\/strong> a <strong>mlieko<\/strong>. M\u00f4\u017ee obsahova\u0165 stopy \u010fal\u0161\u00edch <strong>orechov<\/strong> a <strong>vaj\u00ed\u010dok<\/strong>.<\/p>\n<p>Krajina p\u00f4vodu: Belgicko.<\/p>\n<p>Cena 52,08 \u20ac\/kilo<\/p>\n<p><a href=\"http:\/\/www.dolfin.be\/\" target=\"_blank\" rel=\"noopener noreferrer\"><br \/>\n<img decoding=\"async\" src=\"https:\/\/www.positivitee.sk\/img\/Dolfin\/dolfin_logo_7.jpg\" alt=\"Dolfin - The Art of Blending\" \/><br \/>\n<\/a><\/p>\n","protected":false},"excerpt":{"rendered":"<p>DO1349 Travel box, V\u00fdber 48 ks tabuliek o hmotmosti 10g, 8 pr\u00edchut\u00ed, 480g.<\/p>\n","protected":false},"featured_media":794,"template":"","meta":{"jetpack_post_was_ever_published":false,"jetpack_publicize_message":"","jetpack_publicize_feature_enabled":true,"jetpack_social_post_already_shared":true,"jetpack_social_options":{"image_generator_settings":{"template":"highway","default_image_id":0,"font":"","enabled":false},"version":2}},"product_brand":[],"product_cat":[40],"product_tag":[],"class_list":{"0":"post-455","1":"product","2":"type-product","3":"status-publish","4":"has-post-thumbnail","6":"product_cat-rucne-robene-cukrovinky-z-belgicka","8":"first","9":"instock","10":"shipping-taxable","11":"purchasable","12":"product-type-simple"},"jetpack_publicize_connections":[],"jetpack_sharing_enabled":true,"_links":{"self":[{"href":"https:\/\/www.positivitee.sk\/index.php\/wp-json\/wp\/v2\/product\/455","targetHints":{"allow":["GET"]}}],"collection":[{"href":"https:\/\/www.positivitee.sk\/index.php\/wp-json\/wp\/v2\/product"}],"about":[{"href":"https:\/\/www.positivitee.sk\/index.php\/wp-json\/wp\/v2\/types\/product"}],"wp:featuredmedia":[{"embeddable":true,"href":"https:\/\/www.positivitee.sk\/index.php\/wp-json\/wp\/v2\/media\/794"}],"wp:attachment":[{"href":"https:\/\/www.positivitee.sk\/index.php\/wp-json\/wp\/v2\/media?parent=455"}],"wp:term":[{"taxonomy":"product_brand","embeddable":true,"href":"https:\/\/www.positivitee.sk\/index.php\/wp-json\/wp\/v2\/product_brand?post=455"},{"taxonomy":"product_cat","embeddable":true,"href":"https:\/\/www.positivitee.sk\/index.php\/wp-json\/wp\/v2\/product_cat?post=455"},{"taxonomy":"product_tag","embeddable":true,"href":"https:\/\/www.positivitee.sk\/index.php\/wp-json\/wp\/v2\/product_tag?post=455"}],"curies":[{"name":"wp","href":"https:\/\/api.w.org\/{rel}","templated":true}]}}