{"id":4622,"date":"2021-02-20T11:23:08","date_gmt":"2021-02-20T11:23:08","guid":{"rendered":"https:\/\/www.positivitee.sk\/?post_type=product&#038;p=4622"},"modified":"2026-01-20T10:34:26","modified_gmt":"2026-01-20T10:34:26","slug":"premium-tea-coko-lanyz-100g","status":"publish","type":"product","link":"https:\/\/www.positivitee.sk\/index.php\/product\/premium-tea-coko-lanyz-100g\/","title":{"rendered":"Premium Tea &#8211; \u010cOKO LAN\u00dd\u017d, 100g"},"content":{"rendered":"<p>1361 \u010cOKO LAN\u00dd\u017d, 100g<\/p>\n<p><img decoding=\"async\" src=\"https:\/\/www.positivitee.sk\/wp-content\/uploads\/2021\/02\/136-300x300.jpg\" \/><\/p>\n<p>Sladk\u00e9 \u010dokol\u00e1dov\u00e9 pote\u0161enie bez kal\u00f3rii. Zmes cejl\u00f3nskych a \u010d\u00ednskych \u010diernych \u010dajov so sladkou gu\u013eatou pr\u00edchu\u0165ov \u010dokol\u00e1dov\u00fdch lan\u00fd\u017eov.\u00a0 Lah\u00f4dka hodn\u00e1 aj pod\u00e1vania s mliekom alebo \u0161\u013eaha\u010dkou.<\/p>\n<p>Zlo\u017eenie: cejl\u00f3nsky \u010dierny \u010daj, \u010d\u00ednsky \u010dierny \u010daj, pr\u00edrodn\u00e1 ar\u00f3ma \u010dokol\u00e1dov\u00fdch lan\u00fd\u017eov<\/p>\n<p>Pr\u00edprava: 1 \u010dajov\u00fa ly\u017ei\u010dku (2g) \u010daju zalejeme 2,5dl vriacej vody. L\u00fahujte 3 a\u017e 5 min\u00fat.<\/p>\n","protected":false},"excerpt":{"rendered":"<p>1361 \u010cOKO LAN\u00dd\u017d, 100g<\/p>\n","protected":false},"featured_media":4623,"template":"","meta":{"jetpack_post_was_ever_published":false,"jetpack_publicize_message":"","jetpack_publicize_feature_enabled":true,"jetpack_social_post_already_shared":true,"jetpack_social_options":{"image_generator_settings":{"template":"highway","default_image_id":0,"font":"","enabled":false},"version":2}},"product_brand":[],"product_cat":[50,69],"product_tag":[],"class_list":{"0":"post-4622","1":"product","2":"type-product","3":"status-publish","4":"has-post-thumbnail","6":"product_cat-premium-caje","7":"product_cat-cierne","9":"first","10":"instock","11":"shipping-taxable","12":"purchasable","13":"product-type-simple"},"jetpack_publicize_connections":[],"jetpack_sharing_enabled":true,"_links":{"self":[{"href":"https:\/\/www.positivitee.sk\/index.php\/wp-json\/wp\/v2\/product\/4622","targetHints":{"allow":["GET"]}}],"collection":[{"href":"https:\/\/www.positivitee.sk\/index.php\/wp-json\/wp\/v2\/product"}],"about":[{"href":"https:\/\/www.positivitee.sk\/index.php\/wp-json\/wp\/v2\/types\/product"}],"wp:featuredmedia":[{"embeddable":true,"href":"https:\/\/www.positivitee.sk\/index.php\/wp-json\/wp\/v2\/media\/4623"}],"wp:attachment":[{"href":"https:\/\/www.positivitee.sk\/index.php\/wp-json\/wp\/v2\/media?parent=4622"}],"wp:term":[{"taxonomy":"product_brand","embeddable":true,"href":"https:\/\/www.positivitee.sk\/index.php\/wp-json\/wp\/v2\/product_brand?post=4622"},{"taxonomy":"product_cat","embeddable":true,"href":"https:\/\/www.positivitee.sk\/index.php\/wp-json\/wp\/v2\/product_cat?post=4622"},{"taxonomy":"product_tag","embeddable":true,"href":"https:\/\/www.positivitee.sk\/index.php\/wp-json\/wp\/v2\/product_tag?post=4622"}],"curies":[{"name":"wp","href":"https:\/\/api.w.org\/{rel}","templated":true}]}}