{"id":4632,"date":"2021-02-23T20:20:08","date_gmt":"2021-02-23T20:20:08","guid":{"rendered":"https:\/\/www.positivitee.sk\/?post_type=product&#038;p=4632"},"modified":"2026-04-08T07:17:28","modified_gmt":"2026-04-08T07:17:28","slug":"rocca-zelene-olivy-plnene-ancovickami-a-kaparami-190g","status":"publish","type":"product","link":"https:\/\/www.positivitee.sk\/index.php\/product\/rocca-zelene-olivy-plnene-ancovickami-a-kaparami-190g\/","title":{"rendered":"Rocca &#8211; Zelen\u00e9 olivy plnen\u00e9 an\u010dovi\u010dkami a kaparami, 190g"},"content":{"rendered":"<p><code>T911 Zelen\u00e9 olivy plnen\u00e9 an\u010dovi\u010dkami a kaparami<\/code>, 190g.<\/p>\n<p><img decoding=\"async\" src=\"https:\/\/www.positivitee.sk\/wp-content\/uploads\/2021\/02\/1111-324x324.png\" \/><\/p>\n<p>\u010cist\u00e1 hmotnos\u0165 190g, Objem 212 ,\u00f4.<\/p>\n<p>Zlo\u017eenie: zelen\u00e9 olivy 50%, an\u010dovi\u010dky, kapary, oliviv\u00fd olej, v\u00ednny ocot, so\u013e, antioxidant: kyselina L askorbov\u00e1, regul\u00e1tor kyslosti: kyselina citr\u00f3nov\u00e1.<\/p>\n<p>Nutri\u010dn\u00e9 hodnoty na 100g produktu: energia 499 kJ\/121 kcal, tuk 11g z toho nas\u00fdten\u00e9 1,6g, uh\u013eohydr\u00e1ty 2,9g z toho cukor 0,8g , bielkoviny 2,5g, so\u013e 1,5g.<\/p>\n<p><a href=\"https:\/\/rocca1870.it\/\" target=\"_blank\" rel=\"noopener noreferrer\"><br \/>\n<img decoding=\"async\" src=\"https:\/\/www.positivitee.sk\/img\/Rocca\/rocca-nuovo_300x300.png\" alt=\"Rocca Luigi &amp; Figlio srl\" \/><br \/>\n<\/a><\/p>\n","protected":false},"excerpt":{"rendered":"<p>T911 Zelen\u00e9 olivy plnen\u00e9 an\u010dovi\u010dkami a kaparami, 190g.<\/p>\n","protected":false},"featured_media":4633,"template":"","meta":{"jetpack_post_was_ever_published":false,"jetpack_publicize_message":"","jetpack_publicize_feature_enabled":true,"jetpack_social_post_already_shared":true,"jetpack_social_options":{"image_generator_settings":{"template":"highway","default_image_id":0,"font":"","enabled":false},"version":2}},"product_brand":[],"product_cat":[46],"product_tag":[],"class_list":{"0":"post-4632","1":"product","2":"type-product","3":"status-publish","4":"has-post-thumbnail","6":"product_cat-talianske-pochutky","8":"first","9":"instock","10":"shipping-taxable","11":"purchasable","12":"product-type-simple"},"jetpack_publicize_connections":[],"jetpack_sharing_enabled":true,"_links":{"self":[{"href":"https:\/\/www.positivitee.sk\/index.php\/wp-json\/wp\/v2\/product\/4632","targetHints":{"allow":["GET"]}}],"collection":[{"href":"https:\/\/www.positivitee.sk\/index.php\/wp-json\/wp\/v2\/product"}],"about":[{"href":"https:\/\/www.positivitee.sk\/index.php\/wp-json\/wp\/v2\/types\/product"}],"wp:featuredmedia":[{"embeddable":true,"href":"https:\/\/www.positivitee.sk\/index.php\/wp-json\/wp\/v2\/media\/4633"}],"wp:attachment":[{"href":"https:\/\/www.positivitee.sk\/index.php\/wp-json\/wp\/v2\/media?parent=4632"}],"wp:term":[{"taxonomy":"product_brand","embeddable":true,"href":"https:\/\/www.positivitee.sk\/index.php\/wp-json\/wp\/v2\/product_brand?post=4632"},{"taxonomy":"product_cat","embeddable":true,"href":"https:\/\/www.positivitee.sk\/index.php\/wp-json\/wp\/v2\/product_cat?post=4632"},{"taxonomy":"product_tag","embeddable":true,"href":"https:\/\/www.positivitee.sk\/index.php\/wp-json\/wp\/v2\/product_tag?post=4632"}],"curies":[{"name":"wp","href":"https:\/\/api.w.org\/{rel}","templated":true}]}}