{"id":468,"date":"2019-04-16T09:35:58","date_gmt":"2019-04-16T09:35:58","guid":{"rendered":"http:\/\/www.positivitee.sk\/?post_type=product&#038;p=468"},"modified":"2022-01-25T20:31:20","modified_gmt":"2022-01-25T20:31:20","slug":"dunoon-bute-beau-jardin-poppies","status":"publish","type":"product","link":"https:\/\/www.positivitee.sk\/index.php\/product\/dunoon-bute-beau-jardin-poppies\/","title":{"rendered":"Dunoon &#8211; Bute, Beau jardin, Poppies"},"content":{"rendered":"<p>Bute, Beau jardin, Poppies, 3,0dl.<img decoding=\"async\" src=\"https:\/\/www.positivitee.sk\/img\/Dunoon\/bute_maky.jpg\" alt=\"Bute, Beau jardin, Poppies\" \/><\/p>\n<p>Zna\u010dka DUNOON, FINE BONE CHINA MADE IN ENGLAND, tvar Bute, s\u00e9ria Beau jardin, objem 3,0dl. V\u017edy v dar\u010dekovej krabi\u010dke.<\/p>\n<p><a href=\"https:\/\/www.dunoonmugs.co.uk\/\" target=\"_blank\" rel=\"noopener noreferrer\"><br \/>\n<img decoding=\"async\" src=\"https:\/\/www.positivitee.sk\/img\/Dunoon\/Dunoon-logo-small.jpg\" alt=\"Dunoon Mugs\" \/><br \/>\n<\/a><\/p>\n","protected":false},"excerpt":{"rendered":"<p>Bute, Beau jardin, Poppies, 3,0dl.<\/p>\n","protected":false},"featured_media":469,"template":"","meta":{"jetpack_post_was_ever_published":false,"jetpack_publicize_message":"","jetpack_publicize_feature_enabled":true,"jetpack_social_post_already_shared":true,"jetpack_social_options":{"image_generator_settings":{"template":"highway","default_image_id":0,"font":"","enabled":false},"version":2}},"product_brand":[],"product_cat":[105,52,63],"product_tag":[],"class_list":{"0":"post-468","1":"product","2":"type-product","3":"status-publish","4":"has-post-thumbnail","6":"product_cat-bute-0-3","7":"product_cat-cajniky","8":"product_cat-dunoon","10":"first","11":"outofstock","12":"shipping-taxable","13":"purchasable","14":"product-type-simple"},"jetpack_publicize_connections":[],"jetpack_sharing_enabled":true,"_links":{"self":[{"href":"https:\/\/www.positivitee.sk\/index.php\/wp-json\/wp\/v2\/product\/468","targetHints":{"allow":["GET"]}}],"collection":[{"href":"https:\/\/www.positivitee.sk\/index.php\/wp-json\/wp\/v2\/product"}],"about":[{"href":"https:\/\/www.positivitee.sk\/index.php\/wp-json\/wp\/v2\/types\/product"}],"wp:featuredmedia":[{"embeddable":true,"href":"https:\/\/www.positivitee.sk\/index.php\/wp-json\/wp\/v2\/media\/469"}],"wp:attachment":[{"href":"https:\/\/www.positivitee.sk\/index.php\/wp-json\/wp\/v2\/media?parent=468"}],"wp:term":[{"taxonomy":"product_brand","embeddable":true,"href":"https:\/\/www.positivitee.sk\/index.php\/wp-json\/wp\/v2\/product_brand?post=468"},{"taxonomy":"product_cat","embeddable":true,"href":"https:\/\/www.positivitee.sk\/index.php\/wp-json\/wp\/v2\/product_cat?post=468"},{"taxonomy":"product_tag","embeddable":true,"href":"https:\/\/www.positivitee.sk\/index.php\/wp-json\/wp\/v2\/product_tag?post=468"}],"curies":[{"name":"wp","href":"https:\/\/api.w.org\/{rel}","templated":true}]}}