{"id":4782,"date":"2021-09-08T04:42:37","date_gmt":"2021-09-08T04:42:37","guid":{"rendered":"https:\/\/www.positivitee.sk\/?post_type=product&#038;p=4782"},"modified":"2025-04-09T15:10:34","modified_gmt":"2025-04-09T15:10:34","slug":"vannucci-tmava-cokolada-plnena-tiramisu-35g","status":"publish","type":"product","link":"https:\/\/www.positivitee.sk\/index.php\/product\/vannucci-tmava-cokolada-plnena-tiramisu-35g\/","title":{"rendered":"Vannucci &#8211; \u010cOKOL\u00c1DA PLNEN\u00c1 TIRAMIS\u00d9, 35g"},"content":{"rendered":"<p><code>1-025<\/code>Tmav\u00e1 \u010dokol\u00e1da plnen\u00e1 tiramis\u00f9, 35g.<\/p>\n<p><img decoding=\"async\" src=\"https:\/\/www.positivitee.sk\/wp-content\/uploads\/2021\/09\/490196385_1856295058453712_5163909856788345261_n.png\" \/><\/p>\n<p>Obsah kakaa min. 58%.<\/p>\n<p>Zlo\u017eenie: cukor, kakaov\u00e1 hmota, kakaov\u00e9 maslo, pr\u00e1\u0161kov\u00e9 su\u0161ienky, <strong>smotana<\/strong>, odtu\u010dnen\u00e9 a plnotu\u010dn\u00e9 pr\u00e1\u0161kov\u00e9 <strong>mileko<\/strong>, invertn\u00fd cukrov\u00fd sirup,\u00a0 <strong>maslo<\/strong>, k\u00e1va 0.3%, emulg\u00e1tor: <strong>s\u00f3jov\u00fd<\/strong> lecit\u00edn, stabiliz\u00e1tor: invert\u00e1za, pr\u00edrodn\u00fd vanilkov\u00fd pr\u00e1\u0161ok, ar\u00f3ma. M\u00f4\u017ee obsahova\u0165 stopy <strong>orechov<\/strong>, <strong>oxid siri\u010dit\u00fd<\/strong> a <strong>siri\u010ditany<\/strong>. Nutri\u010dn\u00e9 hodnoty na 100g produktu: energia 2370 kj\/566 kcal, tuk 37,3g z toho nas\u00fdten\u00e9 22,5g, uh\u013eohydr\u00e1ty 47,2g z toho cukor 46,2g, bielkoviny 8,8g, so\u013e 0,025g (v\u00fdlu\u010dne ako d\u00f4sledok prirodzenej pr\u00edtomnosti sod\u00edka).<\/p>\n<p>Krajina p\u00f4vodu: Taliansko.<\/p>\n<p><a href=\"http:\/\/www.vannuccichocolates.com\" target=\"_blank\" rel=\"noopener noreferrer\"><img decoding=\"async\" src=\"https:\/\/www.positivitee.sk\/img\/Vannucci\/vann1_300x300.png\" alt=\"Vannucci il Cioccolato\" \/><\/a><\/p>\n","protected":false},"excerpt":{"rendered":"<p><code>1-025<\/code>Tmav\u00e1 \u010dokol\u00e1da plnen\u00e1 tiramis\u00f9, 35g.<\/p>\n","protected":false},"featured_media":6105,"template":"","meta":{"jetpack_post_was_ever_published":false,"jetpack_publicize_message":"","jetpack_publicize_feature_enabled":true,"jetpack_social_post_already_shared":true,"jetpack_social_options":{"image_generator_settings":{"template":"highway","default_image_id":0,"font":"","enabled":false},"version":2}},"product_brand":[],"product_cat":[41],"product_tag":[],"class_list":{"0":"post-4782","1":"product","2":"type-product","3":"status-publish","4":"has-post-thumbnail","6":"product_cat-vannucci-il-cioccolato","8":"first","9":"instock","10":"shipping-taxable","11":"purchasable","12":"product-type-simple"},"jetpack_publicize_connections":[],"jetpack_sharing_enabled":true,"_links":{"self":[{"href":"https:\/\/www.positivitee.sk\/index.php\/wp-json\/wp\/v2\/product\/4782","targetHints":{"allow":["GET"]}}],"collection":[{"href":"https:\/\/www.positivitee.sk\/index.php\/wp-json\/wp\/v2\/product"}],"about":[{"href":"https:\/\/www.positivitee.sk\/index.php\/wp-json\/wp\/v2\/types\/product"}],"wp:featuredmedia":[{"embeddable":true,"href":"https:\/\/www.positivitee.sk\/index.php\/wp-json\/wp\/v2\/media\/6105"}],"wp:attachment":[{"href":"https:\/\/www.positivitee.sk\/index.php\/wp-json\/wp\/v2\/media?parent=4782"}],"wp:term":[{"taxonomy":"product_brand","embeddable":true,"href":"https:\/\/www.positivitee.sk\/index.php\/wp-json\/wp\/v2\/product_brand?post=4782"},{"taxonomy":"product_cat","embeddable":true,"href":"https:\/\/www.positivitee.sk\/index.php\/wp-json\/wp\/v2\/product_cat?post=4782"},{"taxonomy":"product_tag","embeddable":true,"href":"https:\/\/www.positivitee.sk\/index.php\/wp-json\/wp\/v2\/product_tag?post=4782"}],"curies":[{"name":"wp","href":"https:\/\/api.w.org\/{rel}","templated":true}]}}