{"id":4844,"date":"2021-09-21T19:49:27","date_gmt":"2021-09-21T19:49:27","guid":{"rendered":"https:\/\/www.positivitee.sk\/?post_type=product&#038;p=4844"},"modified":"2025-10-22T11:44:34","modified_gmt":"2025-10-22T11:44:34","slug":"dolfin-mliecna-cokolada-s-kavou-70g","status":"publish","type":"product","link":"https:\/\/www.positivitee.sk\/index.php\/product\/dolfin-mliecna-cokolada-s-kavou-70g\/","title":{"rendered":"Dolfin &#8211; Mlie\u010dna \u010dokol\u00e1da s k\u00e1vou, 70g"},"content":{"rendered":"<p><code>DO3001 Mlie\u010dna \u010dokol\u00e1da s k\u00e1vou, 70g<\/code><\/p>\n<p class=\"western\" lang=\"en-US\"><span style=\"color: #000000;\"><span style=\"font-family: Liberation Serif, Times New Roman, serif;\"><span style=\"font-size: medium;\"><span lang=\"sk-SK\"><img decoding=\"async\" src=\"https:\/\/www.positivitee.sk\/wp-content\/uploads\/2021\/09\/mliecna-kava-324x324.png\" \/> <\/span><\/span><\/span><\/span><\/p>\n<p class=\"western\" lang=\"en-US\"><span style=\"font-size: medium;\"><span lang=\"sk-SK\">Zlo\u017eenie: <\/span><\/span><span style=\"color: #000000;\"><span style=\"font-family: Liberation Serif, Times New Roman, serif;\"><span style=\"font-size: medium;\"><span lang=\"sk-SK\">cukor, kakaov\u00e1 hmota, kakaov\u00e9 maslo, plnotu\u010dn\u00e9 pr\u00e1\u0161kov\u00e9 <\/span><\/span><\/span><\/span><span style=\"color: #000000;\"><span style=\"font-family: Liberation Serif, Times New Roman, serif;\"><span style=\"font-size: medium;\"><span lang=\"sk-SK\"><b>MLIEKO<\/b><\/span><\/span><\/span><\/span><span style=\"color: #000000;\"><span style=\"font-family: Liberation Serif, Times New Roman, serif;\"><span style=\"font-size: medium;\"><span lang=\"sk-SK\">, mlet\u00e1 k\u00e1va <\/span><\/span><\/span><\/span><span style=\"font-size: medium;\"><span lang=\"sk-SK\">2%, emulg\u00e1tor: <\/span><\/span><span style=\"font-size: medium;\"><span lang=\"sk-SK\"><b>S\u00d3JOV\u00dd<\/b><\/span><\/span><span style=\"font-size: medium;\"><span lang=\"sk-SK\"> lecit\u00edn, pr\u00edrodn\u00e1 vanilkov\u00e1 ar\u00f3ma.<\/span><\/span><\/p>\n<p class=\"western\" lang=\"en-US\"><span style=\"color: #000000;\"><span style=\"font-family: Liberation Serif, Times New Roman, serif;\"><span style=\"font-size: medium;\"><span lang=\"sk-SK\">Obsah k<\/span><\/span><\/span><\/span><span style=\"font-size: medium;\"><span lang=\"sk-SK\">akaa <\/span><\/span><span style=\"font-size: medium;\"><span lang=\"sk-SK\">v \u010dokol\u00e1de: minim\u00e1lne <\/span><\/span><span style=\"color: #000000;\"><span style=\"font-family: Liberation Serif, Times New Roman, serif;\"><span style=\"font-size: medium;\"><span lang=\"sk-SK\">37<\/span><\/span><\/span><\/span><span style=\"font-size: medium;\"><span lang=\"sk-SK\"> %, <\/span><\/span><span style=\"font-size: medium;\"><span lang=\"sk-SK\">obsah mlieka 17,5 %.<\/span><\/span><\/p>\n<p class=\"western\" lang=\"en-US\"><span style=\"font-size: medium;\"><span lang=\"sk-SK\">M\u00f4\u017ee obsahova\u0165 stopy <\/span><\/span><span style=\"font-size: medium;\"><span lang=\"sk-SK\"><b>ORECHOV, P\u0160ENICE, MLIEKA, VAJ.BIELKOV a S\u00c9ZAMU<\/b><\/span><\/span><span style=\"font-size: medium;\"><span lang=\"sk-SK\">.<\/span><\/span><\/p>\n<p>Krajina p\u00f4vodu: Belgicko.<\/p>\n<p><a href=\"http:\/\/www.dolfin.be\/\" target=\"_blank\" rel=\"noopener noreferrer\"><br \/>\n<img decoding=\"async\" src=\"https:\/\/www.positivitee.sk\/img\/Dolfin\/dolfin_logo_7.jpg\" alt=\"Dolfin - The Art of Blending\" \/><br \/>\n<\/a><\/p>\n","protected":false},"excerpt":{"rendered":"<p><code>DO3001 Mlie\u010dna \u010dokol\u00e1da s k\u00e1vou, 70g<\/code><\/p>\n","protected":false},"featured_media":4846,"template":"","meta":{"jetpack_post_was_ever_published":false,"jetpack_publicize_message":"","jetpack_publicize_feature_enabled":true,"jetpack_social_post_already_shared":true,"jetpack_social_options":{"image_generator_settings":{"template":"highway","default_image_id":0,"font":"","enabled":false},"version":2}},"product_brand":[],"product_cat":[40],"product_tag":[],"class_list":{"0":"post-4844","1":"product","2":"type-product","3":"status-publish","4":"has-post-thumbnail","6":"product_cat-rucne-robene-cukrovinky-z-belgicka","8":"first","9":"instock","10":"shipping-taxable","11":"purchasable","12":"product-type-simple"},"jetpack_publicize_connections":[],"jetpack_sharing_enabled":true,"_links":{"self":[{"href":"https:\/\/www.positivitee.sk\/index.php\/wp-json\/wp\/v2\/product\/4844","targetHints":{"allow":["GET"]}}],"collection":[{"href":"https:\/\/www.positivitee.sk\/index.php\/wp-json\/wp\/v2\/product"}],"about":[{"href":"https:\/\/www.positivitee.sk\/index.php\/wp-json\/wp\/v2\/types\/product"}],"wp:featuredmedia":[{"embeddable":true,"href":"https:\/\/www.positivitee.sk\/index.php\/wp-json\/wp\/v2\/media\/4846"}],"wp:attachment":[{"href":"https:\/\/www.positivitee.sk\/index.php\/wp-json\/wp\/v2\/media?parent=4844"}],"wp:term":[{"taxonomy":"product_brand","embeddable":true,"href":"https:\/\/www.positivitee.sk\/index.php\/wp-json\/wp\/v2\/product_brand?post=4844"},{"taxonomy":"product_cat","embeddable":true,"href":"https:\/\/www.positivitee.sk\/index.php\/wp-json\/wp\/v2\/product_cat?post=4844"},{"taxonomy":"product_tag","embeddable":true,"href":"https:\/\/www.positivitee.sk\/index.php\/wp-json\/wp\/v2\/product_tag?post=4844"}],"curies":[{"name":"wp","href":"https:\/\/api.w.org\/{rel}","templated":true}]}}