{"id":486,"date":"2019-04-18T05:27:56","date_gmt":"2019-04-18T05:27:56","guid":{"rendered":"http:\/\/www.positivitee.sk\/?post_type=product&#038;p=486"},"modified":"2022-01-21T18:12:19","modified_gmt":"2022-01-21T18:12:19","slug":"dunoon-cairngorm-country-garden-blue-poppy","status":"publish","type":"product","link":"https:\/\/www.positivitee.sk\/index.php\/product\/dunoon-cairngorm-country-garden-blue-poppy\/","title":{"rendered":"Dunoon &#8211; Cairngorm, Drizzle Blue"},"content":{"rendered":"<p>Cairngorm, Drizzle Blue, 4,8dl.<img decoding=\"async\" src=\"https:\/\/www.positivitee.sk\/img\/Dunoon\/DRIZZLE BLUE.jpg\" alt=\"Cairngorm, Drizzle Blue\" \/><\/p>\n<p>Zna\u010dka DUNOON, FINE BONE CHINA MADE IN ENGLAND, tvar Cairngorm, objem 4,8dl. V\u017edy v dar\u010dekovej krabi\u010dke.<br \/>\nModern\u00fd design od Caroline Bessey z mno\u017estvom \u010diar a mach\u00fa\u013e v bohat\u00fdch farb\u00e1ch, hlavne modrej a \u010dervenej.<\/p>\n<p><a href=\"https:\/\/www.dunoonmugs.co.uk\/\" target=\"_blank\" rel=\"noopener noreferrer\"><br \/>\n<img decoding=\"async\" src=\"https:\/\/www.positivitee.sk\/img\/Dunoon\/Dunoon-logo-small.jpg\" alt=\"Dunoon Mugs\" \/><br \/>\n<\/a><\/p>\n","protected":false},"excerpt":{"rendered":"<p>Cairngorm, Drizzle Blue, 4,8dl.<\/p>\n","protected":false},"featured_media":1787,"template":"","meta":{"jetpack_post_was_ever_published":false,"jetpack_publicize_message":"","jetpack_publicize_feature_enabled":true,"jetpack_social_post_already_shared":true,"jetpack_social_options":{"image_generator_settings":{"template":"highway","default_image_id":0,"font":"","enabled":false},"version":2}},"product_brand":[],"product_cat":[106,63],"product_tag":[],"class_list":{"0":"post-486","1":"product","2":"type-product","3":"status-publish","4":"has-post-thumbnail","6":"product_cat-cairngorm-0-48l","7":"product_cat-dunoon","9":"first","10":"instock","11":"shipping-taxable","12":"purchasable","13":"product-type-simple"},"jetpack_publicize_connections":[],"jetpack_sharing_enabled":true,"_links":{"self":[{"href":"https:\/\/www.positivitee.sk\/index.php\/wp-json\/wp\/v2\/product\/486","targetHints":{"allow":["GET"]}}],"collection":[{"href":"https:\/\/www.positivitee.sk\/index.php\/wp-json\/wp\/v2\/product"}],"about":[{"href":"https:\/\/www.positivitee.sk\/index.php\/wp-json\/wp\/v2\/types\/product"}],"wp:featuredmedia":[{"embeddable":true,"href":"https:\/\/www.positivitee.sk\/index.php\/wp-json\/wp\/v2\/media\/1787"}],"wp:attachment":[{"href":"https:\/\/www.positivitee.sk\/index.php\/wp-json\/wp\/v2\/media?parent=486"}],"wp:term":[{"taxonomy":"product_brand","embeddable":true,"href":"https:\/\/www.positivitee.sk\/index.php\/wp-json\/wp\/v2\/product_brand?post=486"},{"taxonomy":"product_cat","embeddable":true,"href":"https:\/\/www.positivitee.sk\/index.php\/wp-json\/wp\/v2\/product_cat?post=486"},{"taxonomy":"product_tag","embeddable":true,"href":"https:\/\/www.positivitee.sk\/index.php\/wp-json\/wp\/v2\/product_tag?post=486"}],"curies":[{"name":"wp","href":"https:\/\/api.w.org\/{rel}","templated":true}]}}