{"id":495,"date":"2019-04-18T05:53:54","date_gmt":"2019-04-18T05:53:54","guid":{"rendered":"http:\/\/www.positivitee.sk\/?post_type=product&#038;p=495"},"modified":"2019-12-25T12:19:37","modified_gmt":"2019-12-25T12:19:37","slug":"dunoon-cotswold-sandringham-nerine","status":"publish","type":"product","link":"https:\/\/www.positivitee.sk\/index.php\/product\/dunoon-cotswold-sandringham-nerine\/","title":{"rendered":"Dunoon &#8211; Cotswold, Sandringham, Nerine"},"content":{"rendered":"<p>Cotswold, Sandringham, Nerine, 3,0dl.<img decoding=\"async\" src=\"https:\/\/www.positivitee.sk\/img\/Dunoon\/dunoon-cotswold-sandringham-nerine.jpg\" alt=\"Cotswold, Sandringham, Nerine\" \/><\/p>\n<p>Zna\u010dka DUNOON, FINE BONE CHINA MADE IN ENGLAND, tvar Cotswold, s\u00e9ria Sandringham, objem 3,0dl. V\u017edy v dar\u010dekovej krabi\u010dke.<\/p>\n<p><a href=\"https:\/\/www.dunoonmugs.co.uk\/\" target=\"_blank\" rel=\"noopener noreferrer\"><br \/>\n<img decoding=\"async\" src=\"https:\/\/www.positivitee.sk\/img\/Dunoon\/Dunoon-logo-small.jpg\" alt=\"Dunoon Mugs\" \/><br \/>\n<\/a><\/p>\n","protected":false},"excerpt":{"rendered":"<p>Cotswold, Sandringham, Nerine, 3,0dl.<\/p>\n","protected":false},"featured_media":496,"template":"","meta":{"jetpack_post_was_ever_published":false,"jetpack_publicize_message":"","jetpack_publicize_feature_enabled":true,"jetpack_social_post_already_shared":true,"jetpack_social_options":{"image_generator_settings":{"template":"highway","default_image_id":0,"font":"","enabled":false},"version":2}},"product_brand":[],"product_cat":[63],"product_tag":[],"class_list":{"0":"post-495","1":"product","2":"type-product","3":"status-publish","4":"has-post-thumbnail","6":"product_cat-dunoon","8":"first","9":"outofstock","10":"shipping-taxable","11":"purchasable","12":"product-type-simple"},"jetpack_publicize_connections":[],"jetpack_sharing_enabled":true,"_links":{"self":[{"href":"https:\/\/www.positivitee.sk\/index.php\/wp-json\/wp\/v2\/product\/495","targetHints":{"allow":["GET"]}}],"collection":[{"href":"https:\/\/www.positivitee.sk\/index.php\/wp-json\/wp\/v2\/product"}],"about":[{"href":"https:\/\/www.positivitee.sk\/index.php\/wp-json\/wp\/v2\/types\/product"}],"wp:featuredmedia":[{"embeddable":true,"href":"https:\/\/www.positivitee.sk\/index.php\/wp-json\/wp\/v2\/media\/496"}],"wp:attachment":[{"href":"https:\/\/www.positivitee.sk\/index.php\/wp-json\/wp\/v2\/media?parent=495"}],"wp:term":[{"taxonomy":"product_brand","embeddable":true,"href":"https:\/\/www.positivitee.sk\/index.php\/wp-json\/wp\/v2\/product_brand?post=495"},{"taxonomy":"product_cat","embeddable":true,"href":"https:\/\/www.positivitee.sk\/index.php\/wp-json\/wp\/v2\/product_cat?post=495"},{"taxonomy":"product_tag","embeddable":true,"href":"https:\/\/www.positivitee.sk\/index.php\/wp-json\/wp\/v2\/product_tag?post=495"}],"curies":[{"name":"wp","href":"https:\/\/api.w.org\/{rel}","templated":true}]}}