{"id":5040,"date":"2021-11-02T09:48:00","date_gmt":"2021-11-02T09:48:00","guid":{"rendered":"https:\/\/www.positivitee.sk\/?post_type=product&#038;p=5040"},"modified":"2026-01-22T14:48:20","modified_gmt":"2026-01-22T14:48:20","slug":"premium-tea-china-chun-mee-100g","status":"publish","type":"product","link":"https:\/\/www.positivitee.sk\/index.php\/product\/premium-tea-china-chun-mee-100g\/","title":{"rendered":"Premium Tea &#8211; CHINA CHUN MEE, 100g"},"content":{"rendered":"<p>2241 CHINA CHUN MEE, 100g<\/p>\n<p><img decoding=\"async\" src=\"https:\/\/www.positivitee.sk\/wp-content\/uploads\/2021\/11\/CHUN-MEE-1-300x300.jpg\" \/><\/p>\n<p>\u010c\u00ed\u0148ania ho pomenovali Vz\u00e1cne obo\u010die a pij\u00fa ho denne. O lahodnom, \u013eahko sladkom \u010daji, ktor\u00fd povzbudzuje a otv\u00e1ra myse\u013e, sa \u010doskoro dopo\u010duli aj v Eur\u00f3pe. Tradi\u010dn\u00fd \u010d\u00ednsky zelen\u00fd \u010daj sa tak zaradil k popul\u00e1rnym osvie\u017euj\u00facim n\u00e1pojom aj na starom kontinente. \u00dadajne vonia ako les a krajina po b\u00farke a pri starostlivom chutnan\u00ed uc\u00edtime sladk\u00e9 t\u00f3ny sliviek.<\/p>\n<p>Zlo\u017eenie: \u010d\u00ednsky zelen\u00fd \u010daj<\/p>\n<p>Pr\u00edprava: 1 \u010dajov\u00fa ly\u017ei\u010dku (2g) \u010daju zalejeme 2,5dl vody 80\u00b0C. L\u00fahujte 2 minuty.<\/p>\n","protected":false},"excerpt":{"rendered":"<p>2241 CHINA CHUN MEE, 100g<\/p>\n","protected":false},"featured_media":5042,"template":"","meta":{"jetpack_post_was_ever_published":false,"jetpack_publicize_message":"","jetpack_publicize_feature_enabled":true,"jetpack_social_post_already_shared":true,"jetpack_social_options":{"image_generator_settings":{"template":"highway","default_image_id":0,"font":"","enabled":false},"version":2}},"product_brand":[],"product_cat":[50,70],"product_tag":[],"class_list":{"0":"post-5040","1":"product","2":"type-product","3":"status-publish","4":"has-post-thumbnail","6":"product_cat-premium-caje","7":"product_cat-zelene","9":"first","10":"instock","11":"shipping-taxable","12":"purchasable","13":"product-type-simple"},"jetpack_publicize_connections":[],"jetpack_sharing_enabled":true,"_links":{"self":[{"href":"https:\/\/www.positivitee.sk\/index.php\/wp-json\/wp\/v2\/product\/5040","targetHints":{"allow":["GET"]}}],"collection":[{"href":"https:\/\/www.positivitee.sk\/index.php\/wp-json\/wp\/v2\/product"}],"about":[{"href":"https:\/\/www.positivitee.sk\/index.php\/wp-json\/wp\/v2\/types\/product"}],"wp:featuredmedia":[{"embeddable":true,"href":"https:\/\/www.positivitee.sk\/index.php\/wp-json\/wp\/v2\/media\/5042"}],"wp:attachment":[{"href":"https:\/\/www.positivitee.sk\/index.php\/wp-json\/wp\/v2\/media?parent=5040"}],"wp:term":[{"taxonomy":"product_brand","embeddable":true,"href":"https:\/\/www.positivitee.sk\/index.php\/wp-json\/wp\/v2\/product_brand?post=5040"},{"taxonomy":"product_cat","embeddable":true,"href":"https:\/\/www.positivitee.sk\/index.php\/wp-json\/wp\/v2\/product_cat?post=5040"},{"taxonomy":"product_tag","embeddable":true,"href":"https:\/\/www.positivitee.sk\/index.php\/wp-json\/wp\/v2\/product_tag?post=5040"}],"curies":[{"name":"wp","href":"https:\/\/api.w.org\/{rel}","templated":true}]}}