{"id":5118,"date":"2021-11-08T21:43:14","date_gmt":"2021-11-08T21:43:14","guid":{"rendered":"https:\/\/www.positivitee.sk\/?post_type=product&#038;p=5118"},"modified":"2025-04-25T21:39:47","modified_gmt":"2025-04-25T21:39:47","slug":"torrone-4-nocciole-piemonte-zmes-mliecnych-a-tmavych-cokoladovych-praliniek-s-lieskovcami-bez-gmo-150g","status":"publish","type":"product","link":"https:\/\/www.positivitee.sk\/index.php\/product\/torrone-4-nocciole-piemonte-zmes-mliecnych-a-tmavych-cokoladovych-praliniek-s-lieskovcami-bez-gmo-150g\/","title":{"rendered":"Torrone &#8211; 4 nocciole Piemonte ZMES MLIE\u010cNYCH A TMAV\u00ddCH \u010cOKOL\u00c1DOV\u00ddCH PRALINIEK S LIESKOVCAMI, BEZ GMO, 150g"},"content":{"rendered":"<p><code>T0605901500<\/code>4 nocciole Piemonte ZMES MLIE\u010cNYCH A TMAV\u00ddCH \u010cOKOL\u00c1DOV\u00ddCH PRALINIEK S LIESKOVCAMI, BEZ GMO<img decoding=\"async\" src=\"https:\/\/www.positivitee.sk\/wp-content\/uploads\/2021\/11\/474239594_533278559732785_656229751306777905_n-324x324.png\" \/><\/p>\n<p>&nbsp;<\/p>\n<p>Mlie\u010dna \u010dokol\u00e1dov\u00e1 pralinka s lieskovcami<br \/>\nZlo\u017eenie: MLIEKO, \u010dokol\u00e1da 50 % (cukor, kakaov\u00e9 maslo, plnotu\u010dn\u00e9 pr\u00e1\u0161kov\u00e9 MLIEKO , kakaov\u00e1 hmota. Emulg\u00e1tor: S\u00d3JOV\u00dd lecit\u00edn. pr\u00edrodn\u00e1 vanilkov\u00e1 ar\u00f3ma, Obsah kakaa minim\u00e1lne 36%), piedmontsk\u00e9 LIESKOVCE 30 %, \u010dokol\u00e1dov\u00fd kr\u00e9m z tmavej \u010dokol\u00e1dy (cocoa paste, sugar, cocoa butter. Emulsifier: SOYA lecithin. Natural vanilla flavouring. Min cocoa 55%).<br \/>\nM\u00f4\u017ee obsahova\u0165 stopy PIST\u00c1CII, MANDL\u00cd, VAJ\u00cd\u010cOK, OBILN\u00cdN.LEPKU, MLIEKA a S\u00c9ZAMU.<br \/>\nTmav\u00e1 \u010dokol\u00e1dova pralinka s lieskovcami<br \/>\nZlo\u017eenie: tmav\u00e1 \u010dokol\u00e1da 70% (kakaov\u00e1 hmota, cukor, kakaov\u00e9 maslo, emulg\u00e1tor: S\u00d3JOV\u00dd lecit\u00edn. Pr\u00edrodn\u00e1 vanilkov\u00e1 ar\u00f3ma, minim\u00e1lny obsah kakaa 55%), piedmontsk\u00e9 LIESKOVCE 30%. M\u00f4\u017ee obsahova\u0165 stopy PIST\u00c1CII, MANDL\u00cd, VAJ\u00cd\u010cOK, OBILN\u00cdN.LEPKU, MLIEKA a S\u00c9ZAMU.<br \/>\nNutri\u010dn\u00e9 hodnoty na 100 g produktu: energia 2474 kj\/595 kcal, tuk 43,87 g z toho nas\u00fdten\u00e9 15,76 g, uh\u013eohydr\u00e1ty 38,79 g z toho cukor 34,94 g, bielkoviny 8,61 g, so\u013e 2e \u2013 005 g, vl\u00e1knina 5,83 g<\/p>\n<p>Vyroben\u00e9 v Taliansku<\/p>\n<p><img loading=\"lazy\" decoding=\"async\" class=\"alignnone size-medium wp-image-5055\" src=\"https:\/\/www.positivitee.sk\/wp-content\/uploads\/2021\/11\/antica_logo_square-300x300.png\" alt=\"\" width=\"300\" height=\"300\" srcset=\"https:\/\/www.positivitee.sk\/wp-content\/uploads\/2021\/11\/antica_logo_square-300x300.png 300w, https:\/\/www.positivitee.sk\/wp-content\/uploads\/2021\/11\/antica_logo_square-150x150.png 150w, https:\/\/www.positivitee.sk\/wp-content\/uploads\/2021\/11\/antica_logo_square-324x324.png 324w, https:\/\/www.positivitee.sk\/wp-content\/uploads\/2021\/11\/antica_logo_square-416x416.png 416w, https:\/\/www.positivitee.sk\/wp-content\/uploads\/2021\/11\/antica_logo_square-100x100.png 100w, https:\/\/www.positivitee.sk\/wp-content\/uploads\/2021\/11\/antica_logo_square.png 554w\" sizes=\"auto, (max-width: 300px) 100vw, 300px\" \/><\/p>\n","protected":false},"excerpt":{"rendered":"<p><code>T0605901500<\/code>4 nocciole Piemonte ZMES MLIE\u010cNYCH A TMAV\u00ddCH \u010cOKOL\u00c1DOV\u00ddCH PRALINIEK S LIESKOVCAMI, BEZ GMO, 150 g<\/p>\n","protected":false},"featured_media":6043,"template":"","meta":{"jetpack_post_was_ever_published":false,"jetpack_publicize_message":"","jetpack_publicize_feature_enabled":true,"jetpack_social_post_already_shared":true,"jetpack_social_options":{"image_generator_settings":{"template":"highway","default_image_id":0,"font":"","enabled":false},"version":2}},"product_brand":[],"product_cat":[119],"product_tag":[],"class_list":{"0":"post-5118","1":"product","2":"type-product","3":"status-publish","4":"has-post-thumbnail","6":"product_cat-antica-torroneria-piemontese-cukrovinky-z-talianska","8":"first","9":"instock","10":"shipping-taxable","11":"purchasable","12":"product-type-simple"},"jetpack_publicize_connections":[],"jetpack_sharing_enabled":true,"_links":{"self":[{"href":"https:\/\/www.positivitee.sk\/index.php\/wp-json\/wp\/v2\/product\/5118","targetHints":{"allow":["GET"]}}],"collection":[{"href":"https:\/\/www.positivitee.sk\/index.php\/wp-json\/wp\/v2\/product"}],"about":[{"href":"https:\/\/www.positivitee.sk\/index.php\/wp-json\/wp\/v2\/types\/product"}],"wp:featuredmedia":[{"embeddable":true,"href":"https:\/\/www.positivitee.sk\/index.php\/wp-json\/wp\/v2\/media\/6043"}],"wp:attachment":[{"href":"https:\/\/www.positivitee.sk\/index.php\/wp-json\/wp\/v2\/media?parent=5118"}],"wp:term":[{"taxonomy":"product_brand","embeddable":true,"href":"https:\/\/www.positivitee.sk\/index.php\/wp-json\/wp\/v2\/product_brand?post=5118"},{"taxonomy":"product_cat","embeddable":true,"href":"https:\/\/www.positivitee.sk\/index.php\/wp-json\/wp\/v2\/product_cat?post=5118"},{"taxonomy":"product_tag","embeddable":true,"href":"https:\/\/www.positivitee.sk\/index.php\/wp-json\/wp\/v2\/product_tag?post=5118"}],"curies":[{"name":"wp","href":"https:\/\/api.w.org\/{rel}","templated":true}]}}