{"id":5198,"date":"2022-01-19T12:52:44","date_gmt":"2022-01-19T12:52:44","guid":{"rendered":"https:\/\/www.positivitee.sk\/?post_type=product&#038;p=5198"},"modified":"2022-01-19T12:59:49","modified_gmt":"2022-01-19T12:59:49","slug":"dunoon-skye-sunflower","status":"publish","type":"product","link":"https:\/\/www.positivitee.sk\/index.php\/product\/dunoon-skye-sunflower\/","title":{"rendered":"Dunoon &#8211; Skye, Sunflower"},"content":{"rendered":"<p>Skye, Sunflower, 4,5dl.<img decoding=\"async\" src=\"https:\/\/www.positivitee.sk\/wp-content\/uploads\/2022\/01\/slnecnyca-1-1-300x300.jpg\" \/><\/p>\n<p>Zna\u010dka DUNOON, FINE BONE CHINA MADE IN ENGLAND, tvar Skye, objem 4,5dl (v\u00fd\u0161ka: 103 mm, priemer 115 mm). V dar\u010dekovej krabi\u010dke.<\/p>\n<p>Prekr\u00e1sna \u017el\u00e1 slne\u010dnica je centrom pozornosti autorky tohto designu Michele Aubourg; do detailu prepracovan\u00e9 svie\u017ee \u017elt\u00e9 lupene vytv\u00e1raj\u00fa prekr\u00e1snu &#8218;Sunflower&#8216;.<\/p>\n<p><a href=\"https:\/\/www.dunoonmugs.co.uk\/\" target=\"_blank\" rel=\"noopener noreferrer\"><br \/>\n<img decoding=\"async\" src=\"https:\/\/www.positivitee.sk\/img\/Dunoon\/Dunoon-logo-small.jpg\" alt=\"Dunoon Mugs\" \/><br \/>\n<\/a><\/p>\n","protected":false},"excerpt":{"rendered":"<p>Skye, Sunflower, 4,5dl.<\/p>\n","protected":false},"featured_media":5200,"template":"","meta":{"jetpack_post_was_ever_published":false,"jetpack_publicize_message":"","jetpack_publicize_feature_enabled":true,"jetpack_social_post_already_shared":true,"jetpack_social_options":{"image_generator_settings":{"template":"highway","default_image_id":0,"font":"","enabled":false},"version":2}},"product_brand":[],"product_cat":[63,110],"product_tag":[],"class_list":{"0":"post-5198","1":"product","2":"type-product","3":"status-publish","4":"has-post-thumbnail","6":"product_cat-dunoon","7":"product_cat-skye-0-45l","9":"first","10":"instock","11":"shipping-taxable","12":"purchasable","13":"product-type-simple"},"jetpack_publicize_connections":[],"jetpack_sharing_enabled":true,"_links":{"self":[{"href":"https:\/\/www.positivitee.sk\/index.php\/wp-json\/wp\/v2\/product\/5198","targetHints":{"allow":["GET"]}}],"collection":[{"href":"https:\/\/www.positivitee.sk\/index.php\/wp-json\/wp\/v2\/product"}],"about":[{"href":"https:\/\/www.positivitee.sk\/index.php\/wp-json\/wp\/v2\/types\/product"}],"wp:featuredmedia":[{"embeddable":true,"href":"https:\/\/www.positivitee.sk\/index.php\/wp-json\/wp\/v2\/media\/5200"}],"wp:attachment":[{"href":"https:\/\/www.positivitee.sk\/index.php\/wp-json\/wp\/v2\/media?parent=5198"}],"wp:term":[{"taxonomy":"product_brand","embeddable":true,"href":"https:\/\/www.positivitee.sk\/index.php\/wp-json\/wp\/v2\/product_brand?post=5198"},{"taxonomy":"product_cat","embeddable":true,"href":"https:\/\/www.positivitee.sk\/index.php\/wp-json\/wp\/v2\/product_cat?post=5198"},{"taxonomy":"product_tag","embeddable":true,"href":"https:\/\/www.positivitee.sk\/index.php\/wp-json\/wp\/v2\/product_tag?post=5198"}],"curies":[{"name":"wp","href":"https:\/\/api.w.org\/{rel}","templated":true}]}}