{"id":5232,"date":"2022-01-25T18:55:05","date_gmt":"2022-01-25T18:55:05","guid":{"rendered":"https:\/\/www.positivitee.sk\/?post_type=product&#038;p=5232"},"modified":"2022-01-25T19:34:21","modified_gmt":"2022-01-25T19:34:21","slug":"dunoon-suffolk-sonata-yellow","status":"publish","type":"product","link":"https:\/\/www.positivitee.sk\/index.php\/product\/dunoon-suffolk-sonata-yellow\/","title":{"rendered":"Dunoon &#8211; Suffolk, Sonata, Yellow"},"content":{"rendered":"<p>Suffolk, Sonata, Yellow 3,1dl.<\/p>\n<p><img decoding=\"async\" src=\"https:\/\/www.positivitee.sk\/wp-content\/uploads\/2022\/01\/sonata-yellow-300x300.jpg\" \/><\/p>\n<p>Zna\u010dka DUNOON, FINE BONE CHINA MADE IN ENGLAND, tvar Suffolk, s\u00e9ria Hedgerow Birds, objem 3,1dl. V dar\u010dekovej krabi\u010dke.<br \/>\nKr\u00e1sny a prepracovyn\u00fd design od Kathy Pickles.\u00a0 Detailn\u00e9 kresby kr\u00e1sn\u00fdch \u017ekt\u00fdch kvet\u00edn pastelov\u00fdch a v\u00fdrazn\u00fdch t\u00f3nov na bielom podklade. Prepracovan\u00e9 zelen\u00e9 stonky a ostatn\u00e9 detaily.<\/p>\n<p><a href=\"https:\/\/www.dunoonmugs.co.uk\/\" target=\"_blank\" rel=\"noopener noreferrer\"><br \/>\n<img decoding=\"async\" src=\"https:\/\/www.positivitee.sk\/img\/Dunoon\/Dunoon-logo-small.jpg\" alt=\"Dunoon Mugs\" \/><br \/>\n<\/a><\/p>\n","protected":false},"excerpt":{"rendered":"<p>Suffolk, Sonata, Yellow 3,1dl.<\/p>\n","protected":false},"featured_media":5233,"template":"","meta":{"jetpack_post_was_ever_published":false,"jetpack_publicize_message":"","jetpack_publicize_feature_enabled":true,"jetpack_social_post_already_shared":true,"jetpack_social_options":{"image_generator_settings":{"template":"highway","default_image_id":0,"font":"","enabled":false},"version":2}},"product_brand":[],"product_cat":[52,63,111],"product_tag":[],"class_list":{"0":"post-5232","1":"product","2":"type-product","3":"status-publish","4":"has-post-thumbnail","6":"product_cat-cajniky","7":"product_cat-dunoon","8":"product_cat-suffolk-0-3l","10":"first","11":"instock","12":"shipping-taxable","13":"purchasable","14":"product-type-simple"},"jetpack_publicize_connections":[],"jetpack_sharing_enabled":true,"_links":{"self":[{"href":"https:\/\/www.positivitee.sk\/index.php\/wp-json\/wp\/v2\/product\/5232","targetHints":{"allow":["GET"]}}],"collection":[{"href":"https:\/\/www.positivitee.sk\/index.php\/wp-json\/wp\/v2\/product"}],"about":[{"href":"https:\/\/www.positivitee.sk\/index.php\/wp-json\/wp\/v2\/types\/product"}],"wp:featuredmedia":[{"embeddable":true,"href":"https:\/\/www.positivitee.sk\/index.php\/wp-json\/wp\/v2\/media\/5233"}],"wp:attachment":[{"href":"https:\/\/www.positivitee.sk\/index.php\/wp-json\/wp\/v2\/media?parent=5232"}],"wp:term":[{"taxonomy":"product_brand","embeddable":true,"href":"https:\/\/www.positivitee.sk\/index.php\/wp-json\/wp\/v2\/product_brand?post=5232"},{"taxonomy":"product_cat","embeddable":true,"href":"https:\/\/www.positivitee.sk\/index.php\/wp-json\/wp\/v2\/product_cat?post=5232"},{"taxonomy":"product_tag","embeddable":true,"href":"https:\/\/www.positivitee.sk\/index.php\/wp-json\/wp\/v2\/product_tag?post=5232"}],"curies":[{"name":"wp","href":"https:\/\/api.w.org\/{rel}","templated":true}]}}