{"id":5242,"date":"2022-01-25T19:27:13","date_gmt":"2022-01-25T19:27:13","guid":{"rendered":"https:\/\/www.positivitee.sk\/?post_type=product&#038;p=5242"},"modified":"2024-02-13T15:16:28","modified_gmt":"2024-02-13T15:16:28","slug":"dunoon-bute-floral-haye-mixed","status":"publish","type":"product","link":"https:\/\/www.positivitee.sk\/index.php\/product\/dunoon-bute-floral-haye-mixed\/","title":{"rendered":"Dunoon &#8211; Bute, Floral Haze, Mixed"},"content":{"rendered":"<p><span class=\"base\" data-ui-id=\"page-title-wrapper\">Bute, Floral Haze, Mixed,<\/span><span class=\"base\" data-ui-id=\"page-title-wrapper\">\u00a0<\/span>3<\/p>\n<p><img decoding=\"async\" src=\"https:\/\/www.positivitee.sk\/wp-content\/uploads\/2022\/01\/BUTE_Floral_Haze_Mixed__51671__46126.1597721758-324x324.jpg\" \/><\/p>\n<p>&nbsp;<\/p>\n<p>Zna\u010dka DUNOON, FINE BONE CHINA MADE IN ENGLAND, tvartvar Bute, s\u00e9ria <span class=\"base\" data-ui-id=\"page-title-wrapper\">Floral Haze, model Mixed\u00a0<\/span> o objeme 3 dl. V dar\u010dekovej krabi\u010dke.<br \/>\nO\u010daruj\u00faci akvarelov\u00fd design od Penny Silverthorne\u00a0 n\u00e1s prenesie do kr\u00e1sneho slne\u010dn\u00e9ho d\u0148a \u00a0pln\u00e9ho\u00a0 kvet\u00edn vo farb\u00e1ch ru\u017eovej, \u010dervenej a fialovej. Mimoriadne atrakt\u00edvna kompoz\u00edcia.<\/p>\n<p><a href=\"https:\/\/www.dunoonmugs.co.uk\/\" target=\"_blank\" rel=\"noopener noreferrer\"><img decoding=\"async\" src=\"https:\/\/www.positivitee.sk\/img\/Dunoon\/Dunoon-logo-small.jpg\" alt=\"Dunoon Mugs\" \/><br \/>\n<\/a><\/p>\n","protected":false},"excerpt":{"rendered":"<p><span class=\"base\" data-ui-id=\"page-title-wrapper\">Bute, Floral Haze, Mixed, <\/span>3 dl<\/p>\n","protected":false},"featured_media":5253,"template":"","meta":{"jetpack_post_was_ever_published":false,"jetpack_publicize_message":"","jetpack_publicize_feature_enabled":true,"jetpack_social_post_already_shared":true,"jetpack_social_options":{"image_generator_settings":{"template":"highway","default_image_id":0,"font":"","enabled":false},"version":2}},"product_brand":[],"product_cat":[105,52,63],"product_tag":[],"class_list":{"0":"post-5242","1":"product","2":"type-product","3":"status-publish","4":"has-post-thumbnail","6":"product_cat-bute-0-3","7":"product_cat-cajniky","8":"product_cat-dunoon","10":"first","11":"instock","12":"shipping-taxable","13":"purchasable","14":"product-type-simple"},"jetpack_publicize_connections":[],"jetpack_sharing_enabled":true,"_links":{"self":[{"href":"https:\/\/www.positivitee.sk\/index.php\/wp-json\/wp\/v2\/product\/5242","targetHints":{"allow":["GET"]}}],"collection":[{"href":"https:\/\/www.positivitee.sk\/index.php\/wp-json\/wp\/v2\/product"}],"about":[{"href":"https:\/\/www.positivitee.sk\/index.php\/wp-json\/wp\/v2\/types\/product"}],"wp:featuredmedia":[{"embeddable":true,"href":"https:\/\/www.positivitee.sk\/index.php\/wp-json\/wp\/v2\/media\/5253"}],"wp:attachment":[{"href":"https:\/\/www.positivitee.sk\/index.php\/wp-json\/wp\/v2\/media?parent=5242"}],"wp:term":[{"taxonomy":"product_brand","embeddable":true,"href":"https:\/\/www.positivitee.sk\/index.php\/wp-json\/wp\/v2\/product_brand?post=5242"},{"taxonomy":"product_cat","embeddable":true,"href":"https:\/\/www.positivitee.sk\/index.php\/wp-json\/wp\/v2\/product_cat?post=5242"},{"taxonomy":"product_tag","embeddable":true,"href":"https:\/\/www.positivitee.sk\/index.php\/wp-json\/wp\/v2\/product_tag?post=5242"}],"curies":[{"name":"wp","href":"https:\/\/api.w.org\/{rel}","templated":true}]}}