{"id":5248,"date":"2022-01-25T19:44:09","date_gmt":"2022-01-25T19:44:09","guid":{"rendered":"https:\/\/www.positivitee.sk\/?post_type=product&#038;p=5248"},"modified":"2022-01-25T19:53:18","modified_gmt":"2022-01-25T19:53:18","slug":"dunoon-suffolk-dovedale-buttercup-kopia","status":"publish","type":"product","link":"https:\/\/www.positivitee.sk\/index.php\/product\/dunoon-suffolk-dovedale-buttercup-kopia\/","title":{"rendered":"Dunoon &#8211; Suffolk, Dovedale, Buttercup"},"content":{"rendered":"<p>Suffolk, Dovedale, Buttercup\u00a0 3,1dl.<\/p>\n<p><img decoding=\"async\" src=\"https:\/\/www.positivitee.sk\/wp-content\/uploads\/2022\/01\/iskernik-300x300.jpg\" \/><\/p>\n<p>Zna\u010dka DUNOON, FINE BONE CHINA MADE IN ENGLAND, tvar Suffolk, s\u00e9ria Dovedale, model Buttercup, objem 3,1dl. V dar\u010dekovej krabi\u010dke.<br \/>\n&#8218;Dovedale&#8216; \u0161armantn\u00fd design od Jane Fern. Detailn\u00e9 kresby\u00a0 kask\u00e1dy \u017elt\u00fdch iskern\u00edkov v kvete a na nich bzu\u010diacich \u010dmeliakov.<\/p>\n<p><a href=\"https:\/\/www.dunoonmugs.co.uk\/\" target=\"_blank\" rel=\"noopener noreferrer\"><br \/>\n<img decoding=\"async\" src=\"https:\/\/www.positivitee.sk\/img\/Dunoon\/Dunoon-logo-small.jpg\" alt=\"Dunoon Mugs\" \/><br \/>\n<\/a><\/p>\n","protected":false},"excerpt":{"rendered":"<p>Suffolk, Dovedale, Buttercup 3,1dl.<\/p>\n","protected":false},"featured_media":5249,"template":"","meta":{"jetpack_post_was_ever_published":false,"jetpack_publicize_message":"","jetpack_publicize_feature_enabled":true,"jetpack_social_post_already_shared":true,"jetpack_social_options":{"image_generator_settings":{"template":"highway","default_image_id":0,"font":"","enabled":false},"version":2}},"product_brand":[],"product_cat":[52,63,111],"product_tag":[],"class_list":{"0":"post-5248","1":"product","2":"type-product","3":"status-publish","4":"has-post-thumbnail","6":"product_cat-cajniky","7":"product_cat-dunoon","8":"product_cat-suffolk-0-3l","10":"first","11":"instock","12":"shipping-taxable","13":"purchasable","14":"product-type-simple"},"jetpack_publicize_connections":[],"jetpack_sharing_enabled":true,"_links":{"self":[{"href":"https:\/\/www.positivitee.sk\/index.php\/wp-json\/wp\/v2\/product\/5248","targetHints":{"allow":["GET"]}}],"collection":[{"href":"https:\/\/www.positivitee.sk\/index.php\/wp-json\/wp\/v2\/product"}],"about":[{"href":"https:\/\/www.positivitee.sk\/index.php\/wp-json\/wp\/v2\/types\/product"}],"wp:featuredmedia":[{"embeddable":true,"href":"https:\/\/www.positivitee.sk\/index.php\/wp-json\/wp\/v2\/media\/5249"}],"wp:attachment":[{"href":"https:\/\/www.positivitee.sk\/index.php\/wp-json\/wp\/v2\/media?parent=5248"}],"wp:term":[{"taxonomy":"product_brand","embeddable":true,"href":"https:\/\/www.positivitee.sk\/index.php\/wp-json\/wp\/v2\/product_brand?post=5248"},{"taxonomy":"product_cat","embeddable":true,"href":"https:\/\/www.positivitee.sk\/index.php\/wp-json\/wp\/v2\/product_cat?post=5248"},{"taxonomy":"product_tag","embeddable":true,"href":"https:\/\/www.positivitee.sk\/index.php\/wp-json\/wp\/v2\/product_tag?post=5248"}],"curies":[{"name":"wp","href":"https:\/\/api.w.org\/{rel}","templated":true}]}}