{"id":5342,"date":"2022-02-28T10:57:10","date_gmt":"2022-02-28T10:57:10","guid":{"rendered":"https:\/\/www.positivitee.sk\/?post_type=product&#038;p=5342"},"modified":"2026-01-22T18:34:26","modified_gmt":"2026-01-22T18:34:26","slug":"premium-tea-citronovo-bylinkovy-zmes80g-kopia","status":"publish","type":"product","link":"https:\/\/www.positivitee.sk\/index.php\/product\/premium-tea-citronovo-bylinkovy-zmes80g-kopia\/","title":{"rendered":"Premium Tea &#8211; CITR\u00d3NOVO BYLINKOV\u00c1 ZMES, 80g"},"content":{"rendered":"<p><code>6981 CITR\u00d3NOVO BYLINKOV\u00c1 ZMES<\/code>, 80g.<\/p>\n<p><img decoding=\"async\" src=\"https:\/\/www.positivitee.sk\/wp-content\/uploads\/2022\/02\/citr-bylink.jpg\" \/><\/p>\n<p>Osvie\u017euj\u00faca zmes \u0161\u00edpok, ibi\u0161teka, citr\u00f3novej tr\u00e1vy, malinov\u00fdch listov, kvet\u00edn necht\u00edka , nev\u00e4dze a listov m\u00e4ty. Poskytuje pr\u00edjemn\u00fd ovocn\u00fd n\u00e1lev s chu\u0165ou citr\u00f3nu.<\/p>\n<p>Bojuje proti \u017eal\u00fado\u010dnej nevo\u013enosti, uvo\u013enuje svaly a nervy.<\/p>\n<p>Zlo\u017eenie:\u00a0 \u0161\u00edpky, ibi\u0161tek, citr\u00f3nov\u00e1 tr\u00e1va, lmalinov\u00e9 listy, kvetiny necht\u00edka, nev\u00e4dza a listoy m\u00e4ty.<\/p>\n<p>Pr\u00edprava: 1-2 \u010dajov\u00fa ly\u017ei\u010dku (2g) \u010daju zalejeme 2,5dl vriacej vody. L\u00fahujte 5 a\u017e 8 min\u00fat<\/p>\n","protected":false},"excerpt":{"rendered":"<p><code>6981 CITR\u00d3NOVO BYLINKOV\u00c1 ZMES<\/code>, 80g.<\/p>\n","protected":false},"featured_media":5343,"template":"","meta":{"jetpack_post_was_ever_published":false,"jetpack_publicize_message":"","jetpack_publicize_feature_enabled":true,"jetpack_social_post_already_shared":true,"jetpack_social_options":{"image_generator_settings":{"template":"highway","default_image_id":0,"font":"","enabled":false},"version":2}},"product_brand":[],"product_cat":[74,50],"product_tag":[],"class_list":{"0":"post-5342","1":"product","2":"type-product","3":"status-publish","4":"has-post-thumbnail","6":"product_cat-bylinkove","7":"product_cat-premium-caje","9":"first","10":"instock","11":"shipping-taxable","12":"purchasable","13":"product-type-simple"},"jetpack_publicize_connections":[],"jetpack_sharing_enabled":true,"_links":{"self":[{"href":"https:\/\/www.positivitee.sk\/index.php\/wp-json\/wp\/v2\/product\/5342","targetHints":{"allow":["GET"]}}],"collection":[{"href":"https:\/\/www.positivitee.sk\/index.php\/wp-json\/wp\/v2\/product"}],"about":[{"href":"https:\/\/www.positivitee.sk\/index.php\/wp-json\/wp\/v2\/types\/product"}],"wp:featuredmedia":[{"embeddable":true,"href":"https:\/\/www.positivitee.sk\/index.php\/wp-json\/wp\/v2\/media\/5343"}],"wp:attachment":[{"href":"https:\/\/www.positivitee.sk\/index.php\/wp-json\/wp\/v2\/media?parent=5342"}],"wp:term":[{"taxonomy":"product_brand","embeddable":true,"href":"https:\/\/www.positivitee.sk\/index.php\/wp-json\/wp\/v2\/product_brand?post=5342"},{"taxonomy":"product_cat","embeddable":true,"href":"https:\/\/www.positivitee.sk\/index.php\/wp-json\/wp\/v2\/product_cat?post=5342"},{"taxonomy":"product_tag","embeddable":true,"href":"https:\/\/www.positivitee.sk\/index.php\/wp-json\/wp\/v2\/product_tag?post=5342"}],"curies":[{"name":"wp","href":"https:\/\/api.w.org\/{rel}","templated":true}]}}