{"id":5344,"date":"2022-02-28T11:38:32","date_gmt":"2022-02-28T11:38:32","guid":{"rendered":"https:\/\/www.positivitee.sk\/?post_type=product&#038;p=5344"},"modified":"2026-03-30T15:00:28","modified_gmt":"2026-03-30T15:00:28","slug":"dolfin-fleurs-vyber-24-tabuliek-o-hmotnosti-5g-6-prichuti-108","status":"publish","type":"product","link":"https:\/\/www.positivitee.sk\/index.php\/product\/dolfin-fleurs-vyber-24-tabuliek-o-hmotnosti-5g-6-prichuti-108\/","title":{"rendered":"Dolfin &#8211; Fleurs, V\u00fdber 24 tabuliek o hmotnosti 5g, 6 pr\u00edchut\u00ed, 108g."},"content":{"rendered":"<p><code>DO2553<\/code>Fleurs, V\u00fdber 24 tabuliek o hmotnosti 5g, 6 pr\u00edchut\u00ed, 108 g.<\/p>\n<p>&nbsp;<\/p>\n<p><img decoding=\"async\" src=\"https:\/\/www.positivitee.sk\/wp-content\/uploads\/2022\/02\/kvety-24-324x324.jpg\" \/>Zlo\u017eenie: kakaov\u00e1 hmota, cukor, kakaov\u00e9 maslo, odtu\u010dnen\u00e9 kakao, plnotu\u010dn\u00e9 pr\u00e1\u0161kov\u00e9 mlieko, emulg\u00e1tor: s\u00f3jov\u00fd lecit\u00edn, pr\u00edrodn\u00e1 vanilkov\u00e1 pr\u00edchu\u0165.<br \/>\nObsah kaka: 38% v mlie\u010dnej \u010dokol\u00e1de, v tmavej \u010dokol\u00e1de 60%.<br \/>\nAlerg\u00e9ny: obsahuje <strong>s\u00f3ju<\/strong>. M\u00f4\u017ee obsahova\u0165 stopy <strong>mlieka<\/strong>, <strong>orechov<\/strong>, <strong>p\u0161enice<\/strong> a <strong>vaj\u00ed\u010dok<\/strong>.<\/p>\n<p>Krajina p\u00f4vodu: Belgicko.<\/p>\n<p>Cena 80,00 \u20ac\/kilo<\/p>\n<p><a href=\"http:\/\/www.dolfin.be\/\" target=\"_blank\" rel=\"noopener noreferrer\"><br \/>\n<img decoding=\"async\" src=\"https:\/\/www.positivitee.sk\/img\/Dolfin\/dolfin_logo_7.jpg\" alt=\"Dolfin - The Art of Blending\" \/><br \/>\n<\/a><\/p>\n","protected":false},"excerpt":{"rendered":"<p><code>DO2553<\/code>Fleurs, V\u00fdber 24 tabuliek o hmotnosti 5g, 6 pr\u00edchut\u00ed, 108 g.<\/p>\n","protected":false},"featured_media":5345,"template":"","meta":{"jetpack_post_was_ever_published":false,"jetpack_publicize_message":"","jetpack_publicize_feature_enabled":true,"jetpack_social_post_already_shared":true,"jetpack_social_options":{"image_generator_settings":{"template":"highway","default_image_id":0,"font":"","enabled":false},"version":2}},"product_brand":[],"product_cat":[40],"product_tag":[],"class_list":{"0":"post-5344","1":"product","2":"type-product","3":"status-publish","4":"has-post-thumbnail","6":"product_cat-rucne-robene-cukrovinky-z-belgicka","8":"first","9":"instock","10":"shipping-taxable","11":"purchasable","12":"product-type-simple"},"jetpack_publicize_connections":[],"jetpack_sharing_enabled":true,"_links":{"self":[{"href":"https:\/\/www.positivitee.sk\/index.php\/wp-json\/wp\/v2\/product\/5344","targetHints":{"allow":["GET"]}}],"collection":[{"href":"https:\/\/www.positivitee.sk\/index.php\/wp-json\/wp\/v2\/product"}],"about":[{"href":"https:\/\/www.positivitee.sk\/index.php\/wp-json\/wp\/v2\/types\/product"}],"wp:featuredmedia":[{"embeddable":true,"href":"https:\/\/www.positivitee.sk\/index.php\/wp-json\/wp\/v2\/media\/5345"}],"wp:attachment":[{"href":"https:\/\/www.positivitee.sk\/index.php\/wp-json\/wp\/v2\/media?parent=5344"}],"wp:term":[{"taxonomy":"product_brand","embeddable":true,"href":"https:\/\/www.positivitee.sk\/index.php\/wp-json\/wp\/v2\/product_brand?post=5344"},{"taxonomy":"product_cat","embeddable":true,"href":"https:\/\/www.positivitee.sk\/index.php\/wp-json\/wp\/v2\/product_cat?post=5344"},{"taxonomy":"product_tag","embeddable":true,"href":"https:\/\/www.positivitee.sk\/index.php\/wp-json\/wp\/v2\/product_tag?post=5344"}],"curies":[{"name":"wp","href":"https:\/\/api.w.org\/{rel}","templated":true}]}}