{"id":5489,"date":"2022-10-06T11:54:45","date_gmt":"2022-10-06T11:54:45","guid":{"rendered":"https:\/\/www.positivitee.sk\/?post_type=product&#038;p=5489"},"modified":"2024-10-15T08:13:53","modified_gmt":"2024-10-15T08:13:53","slug":"vianoce-adventny-cajovy-kalendar-hygge-20e","status":"publish","type":"product","link":"https:\/\/www.positivitee.sk\/index.php\/product\/vianoce-adventny-cajovy-kalendar-hygge-20e\/","title":{"rendered":"Vianoce &#8211; Adventn\u00fd \u010dajov\u00fd kalend\u00e1r HYGGE ; 20\u20ac"},"content":{"rendered":"<h4>1725 Adventn\u00fd \u010dajov\u00fd kalend\u00e1r HYGGE, 24 druhov \u010daju v pyram\u00eddov\u00fdch vreck\u00e1ch<\/h4>\n<p><b>\u00a0<\/b>Rozmer krabice (92x92x305)mm<\/p>\n<p><img decoding=\"async\" src=\"https:\/\/www.positivitee.sk\/wp-content\/uploads\/2022\/10\/1725_2023-324x324.jpg\" \/><\/p>\n<p>Zoznam \u010dajov:<\/p>\n<div>\n<table border=\"0\" cellspacing=\"0\">\n<tbody>\n<tr>\n<td align=\"left\" valign=\"bottom\" height=\"23\"><span style=\"color: #000000;\">English Breakfast <\/span><\/td>\n<td align=\"left\" valign=\"bottom\"><span style=\"color: #000000;\">\u010cierny \u010daj neochuten\u00fd<\/span><\/td>\n<\/tr>\n<tr>\n<td align=\"left\" valign=\"bottom\" height=\"23\"><span style=\"color: #000000;\">Temple of Heaven<\/span><\/td>\n<td align=\"left\" valign=\"bottom\"><span style=\"color: #000000;\">Zelen\u00fd \u010daj neochuten\u00fd<\/span><\/td>\n<\/tr>\n<tr>\n<td align=\"left\" valign=\"bottom\" height=\"23\"><span style=\"color: #000000;\">Ingwer-Fresh-Tee <\/span><\/td>\n<td align=\"left\" valign=\"bottom\"><span style=\"color: #000000;\">Z\u00e1zvorov\u00e1 zmes<\/span><\/td>\n<\/tr>\n<tr>\n<td align=\"left\" valign=\"bottom\" height=\"23\"><span style=\"color: #000000;\">Turkish apple yogurt lime<\/span><\/td>\n<td align=\"left\" valign=\"bottom\"><span style=\"color: #000000;\">Ovocn\u00fd tureck\u00fd jablkov\u00fd<\/span><\/td>\n<\/tr>\n<tr>\n<td align=\"left\" valign=\"bottom\" height=\"23\"><span style=\"color: #000000;\">Black Chai<\/span><\/td>\n<td align=\"left\" valign=\"bottom\"><span style=\"color: #000000;\">\u010cierny \u010daj so zmesou masala<\/span><\/td>\n<\/tr>\n<tr>\n<td align=\"left\" valign=\"bottom\" height=\"23\"><span style=\"color: #000000;\">Sencha Fukujyu<\/span><\/td>\n<td align=\"left\" valign=\"bottom\"><span style=\"color: #000000;\">Zelen\u00fd neochuten\u00fd<\/span><\/td>\n<\/tr>\n<tr>\n<td align=\"left\" valign=\"bottom\" height=\"23\"><span style=\"color: #000000;\">Peppermint orange<\/span><\/td>\n<td align=\"left\" valign=\"bottom\"><span style=\"color: #000000;\">Rooibos s m\u00e4tou a pomaran\u010dom<\/span><\/td>\n<\/tr>\n<tr>\n<td align=\"left\" valign=\"bottom\" height=\"23\"><span style=\"color: #000000;\">Rhubarb cordial rhubarb note<\/span><\/td>\n<td align=\"left\" valign=\"bottom\"><span style=\"color: #000000;\">Ovocn\u00fd \u010daj s t\u00f3nmi rebarbory<\/span><\/td>\n<\/tr>\n<tr>\n<td align=\"left\" valign=\"bottom\" height=\"23\"><span style=\"color: #000000;\">Angel kiss passion fruit note<\/span><\/td>\n<td align=\"left\" valign=\"bottom\"><span style=\"color: #000000;\">Zmes bieleho a zelen\u00e9ho \u010daju s marakujou<\/span><\/td>\n<\/tr>\n<tr>\n<td align=\"left\" valign=\"bottom\" height=\"23\"><span style=\"color: #000000;\">Advent Almond<\/span><\/td>\n<td align=\"left\" valign=\"bottom\"><span style=\"color: #000000;\">Ovocn\u00fd \u010daj advetn\u00e1 mand\u013ea<\/span><\/td>\n<\/tr>\n<tr>\n<td align=\"left\" valign=\"bottom\" height=\"23\"><span style=\"color: #000000;\">Cool-Mint <\/span><\/td>\n<td align=\"left\" valign=\"bottom\"><span style=\"color: #000000;\">Bylinkov\u00e1 m\u00e4tov\u00e1 zmes<\/span><\/td>\n<\/tr>\n<tr>\n<td align=\"left\" valign=\"bottom\" height=\"23\"><span style=\"color: #000000;\">Red Bush Fire Orange Note<\/span><\/td>\n<td align=\"left\" valign=\"bottom\"><span style=\"color: #000000;\">Rooibos s t\u00f3nmi pomaran\u010dov<\/span><\/td>\n<\/tr>\n<tr>\n<td align=\"left\" valign=\"bottom\" height=\"23\"><span style=\"color: #000000;\">Mango \u00b4n Friends<\/span><\/td>\n<td align=\"left\" valign=\"bottom\"><span style=\"color: #000000;\">Ovocn\u00e1 zmes s mangom<\/span><\/td>\n<\/tr>\n<tr>\n<td align=\"left\" valign=\"bottom\" height=\"23\"><span style=\"color: #000000;\">Milky Oolong<\/span><\/td>\n<td align=\"left\" valign=\"bottom\"><span style=\"color: #000000;\">Milky Oolong<\/span><\/td>\n<\/tr>\n<tr>\n<td align=\"left\" valign=\"bottom\" height=\"23\"><span style=\"color: #000000;\">Orange\/ Grapefruit<\/span><\/td>\n<td align=\"left\" valign=\"bottom\"><span style=\"color: #000000;\">Bylinkovo ovocn\u00fd zmes pomaran\u010d grep<\/span><\/td>\n<\/tr>\n<tr>\n<td align=\"left\" valign=\"bottom\" height=\"23\"><span style=\"color: #000000;\">Margaret\u00b4s Hope <\/span><\/td>\n<td align=\"left\" valign=\"bottom\"><span style=\"color: #000000;\">Darjeeling \u010dierny \u010daj<\/span><\/td>\n<\/tr>\n<tr>\n<td align=\"left\" valign=\"bottom\" height=\"23\"><span style=\"color: #000000;\">Grandma&#8217;s garden strawberry note<\/span><\/td>\n<td align=\"left\" valign=\"bottom\"><span style=\"color: #000000;\">Ovocn\u00fd jahodov\u00fd \u010daj<\/span><\/td>\n<\/tr>\n<tr>\n<td align=\"left\" valign=\"bottom\" height=\"23\"><span style=\"color: #000000;\">Windhoek vanilla<\/span><\/td>\n<td align=\"left\" valign=\"bottom\"><span style=\"color: #000000;\">Rooibos s vanilkou<\/span><\/td>\n<\/tr>\n<tr>\n<td align=\"left\" valign=\"bottom\" height=\"23\"><span style=\"color: #000000;\">Green Menthos Mint<\/span><\/td>\n<td align=\"left\" valign=\"bottom\"><span style=\"color: #000000;\">Zelen\u00fd \u010daj s m\u00e4tou<\/span><\/td>\n<\/tr>\n<tr>\n<td align=\"left\" valign=\"bottom\" height=\"23\"><span style=\"color: #000000;\">The Emperor&#8217;s 7 Precious Peach Note<\/span><\/td>\n<td align=\"left\" valign=\"bottom\"><span style=\"color: #000000;\">Zmes \u010dierny a zelen\u00fd \u010daj s brosky\u0148ou<\/span><\/td>\n<\/tr>\n<tr>\n<td align=\"left\" valign=\"bottom\" height=\"23\"><span style=\"color: #000000;\">Fair Almond<\/span><\/td>\n<td align=\"left\" valign=\"bottom\"><span style=\"color: #000000;\">Ovocn\u00e1 zmes s mand\u013eami<\/span><\/td>\n<\/tr>\n<tr>\n<td align=\"left\" valign=\"bottom\" height=\"23\"><span style=\"color: #000000;\">Vanilla<\/span><\/td>\n<td align=\"left\" valign=\"bottom\"><span style=\"color: #000000;\">\u010cierny \u010daj s vanilkou<\/span><\/td>\n<\/tr>\n<tr>\n<td align=\"left\" valign=\"bottom\" height=\"23\"><span style=\"color: #000000;\">Sweet sin raspberry vanilla note<\/span><\/td>\n<td align=\"left\" valign=\"bottom\"><span style=\"color: #000000;\">Rooibos jahoda a vanilka<\/span><\/td>\n<\/tr>\n<tr>\n<td align=\"left\" valign=\"bottom\" height=\"23\"><span style=\"color: #000000;\">Orange cookies<\/span><\/td>\n<td align=\"left\" valign=\"bottom\"><span style=\"color: #000000;\">\u010cierny \u010daj s chu\u0165oupomaran\u010dovych su\u0161ienok<\/span><\/td>\n<\/tr>\n<\/tbody>\n<\/table>\n<\/div>\n<p>&nbsp;<\/p>\n<div class=\"desc_short\"><\/div>\n<p>&nbsp;<\/p>\n","protected":false},"excerpt":{"rendered":"<h4>1725 Adventn\u00fd \u010dajov\u00fd kalend\u00e1r HYGGE<\/h4>\n","protected":false},"featured_media":5722,"template":"","meta":{"jetpack_post_was_ever_published":false,"jetpack_publicize_message":"","jetpack_publicize_feature_enabled":true,"jetpack_social_post_already_shared":true,"jetpack_social_options":{"image_generator_settings":{"template":"highway","default_image_id":0,"font":"","enabled":false},"version":2}},"product_brand":[],"product_cat":[115],"product_tag":[],"class_list":{"0":"post-5489","1":"product","2":"type-product","3":"status-publish","4":"has-post-thumbnail","6":"product_cat-vianoce","8":"first","9":"instock","10":"shipping-taxable","11":"purchasable","12":"product-type-simple"},"jetpack_publicize_connections":[],"jetpack_sharing_enabled":true,"_links":{"self":[{"href":"https:\/\/www.positivitee.sk\/index.php\/wp-json\/wp\/v2\/product\/5489","targetHints":{"allow":["GET"]}}],"collection":[{"href":"https:\/\/www.positivitee.sk\/index.php\/wp-json\/wp\/v2\/product"}],"about":[{"href":"https:\/\/www.positivitee.sk\/index.php\/wp-json\/wp\/v2\/types\/product"}],"wp:featuredmedia":[{"embeddable":true,"href":"https:\/\/www.positivitee.sk\/index.php\/wp-json\/wp\/v2\/media\/5722"}],"wp:attachment":[{"href":"https:\/\/www.positivitee.sk\/index.php\/wp-json\/wp\/v2\/media?parent=5489"}],"wp:term":[{"taxonomy":"product_brand","embeddable":true,"href":"https:\/\/www.positivitee.sk\/index.php\/wp-json\/wp\/v2\/product_brand?post=5489"},{"taxonomy":"product_cat","embeddable":true,"href":"https:\/\/www.positivitee.sk\/index.php\/wp-json\/wp\/v2\/product_cat?post=5489"},{"taxonomy":"product_tag","embeddable":true,"href":"https:\/\/www.positivitee.sk\/index.php\/wp-json\/wp\/v2\/product_tag?post=5489"}],"curies":[{"name":"wp","href":"https:\/\/api.w.org\/{rel}","templated":true}]}}